{"id":4835,"date":"2024-09-02T12:11:31","date_gmt":"2024-09-02T12:11:31","guid":{"rendered":"https:\/\/k-beautyci.com\/?post_type=product&#038;p=4835"},"modified":"2025-10-06T18:21:08","modified_gmt":"2025-10-06T18:21:08","slug":"skin-1004-tone-brightening-cleansing-gel-foam-125ml","status":"publish","type":"product","link":"https:\/\/k-beautyci.com\/fr\/produit\/skin-1004-tone-brightening-cleansing-gel-foam-125ml\/","title":{"rendered":"Skin 1004 Tone Brightening Cleansing Gel Foam 125ml"},"content":{"rendered":"<div class=\"prhow-section-title txt_style_five\">MODE D'EMPLOI<\/div>\n<div class=\"prhow-section-title txt_style_five\">Appliquer une quantit\u00e9 appropri\u00e9e sur les paumes mouill\u00e9es et frotter pour faire mousser. Masser doucement le visage et rincer \u00e0 l'eau ti\u00e8de.<\/div>\n<div><\/div>\n<div>Avertissement : Pour usage externe uniquement. Toujours effectuer un test \u00e9picutan\u00e9. Cessez d'utiliser le produit si vous ressentez une quelconque g\u00eane. Suivre les instructions suppl\u00e9mentaires figurant sur l'emballage. Les r\u00e9sultats individuels peuvent varier.<\/div>","protected":false},"excerpt":{"rendered":"<p>Un gel nettoyant hydratant pour un nettoyage en douceur qui redonne \u00e0 la peau tout son \u00e9clat.<\/p>","protected":false},"featured_media":4842,"comment_status":"open","ping_status":"closed","template":"","meta":{"om_disable_all_campaigns":false},"product_brand":[],"product_cat":[88,35,74,94],"product_tag":[],"class_list":{"0":"post-4835","1":"product","2":"type-product","3":"status-publish","4":"has-post-thumbnail","6":"product_cat-centella","7":"product_cat-face-cleansers","8":"product_cat-niacinamide","9":"product_cat-skin-1004","11":"first","12":"instock","13":"sale","14":"shipping-taxable","15":"purchasable","16":"product-type-simple"},"aioseo_notices":[],"jetpack_sharing_enabled":true,"_links":{"self":[{"href":"https:\/\/k-beautyci.com\/fr\/wp-json\/wp\/v2\/product\/4835","targetHints":{"allow":["GET"]}}],"collection":[{"href":"https:\/\/k-beautyci.com\/fr\/wp-json\/wp\/v2\/product"}],"about":[{"href":"https:\/\/k-beautyci.com\/fr\/wp-json\/wp\/v2\/types\/product"}],"replies":[{"embeddable":true,"href":"https:\/\/k-beautyci.com\/fr\/wp-json\/wp\/v2\/comments?post=4835"}],"wp:featuredmedia":[{"embeddable":true,"href":"https:\/\/k-beautyci.com\/fr\/wp-json\/wp\/v2\/media\/4842"}],"wp:attachment":[{"href":"https:\/\/k-beautyci.com\/fr\/wp-json\/wp\/v2\/media?parent=4835"}],"wp:term":[{"taxonomy":"product_brand","embeddable":true,"href":"https:\/\/k-beautyci.com\/fr\/wp-json\/wp\/v2\/product_brand?post=4835"},{"taxonomy":"product_cat","embeddable":true,"href":"https:\/\/k-beautyci.com\/fr\/wp-json\/wp\/v2\/product_cat?post=4835"},{"taxonomy":"product_tag","embeddable":true,"href":"https:\/\/k-beautyci.com\/fr\/wp-json\/wp\/v2\/product_tag?post=4835"}],"curies":[{"name":"wp","href":"https:\/\/api.w.org\/{rel}","templated":true}]}}