{"id":4830,"date":"2024-09-02T12:11:46","date_gmt":"2024-09-02T12:11:46","guid":{"rendered":"https:\/\/k-beautyci.com\/?post_type=product&#038;p=4830"},"modified":"2025-08-28T19:31:17","modified_gmt":"2025-08-28T19:31:17","slug":"skin-1004-madagascar-centella-probio-cica-essence-toner-210ml","status":"publish","type":"product","link":"https:\/\/k-beautyci.com\/fr\/produit\/skin-1004-madagascar-centella-probio-cica-essence-toner-210ml\/","title":{"rendered":"SKIN 1004 Madagascar Centella Probio-Cica Essence Toner 210ml"},"content":{"rendered":"<p><b>Comment l'utiliser :<\/b><\/p>\n<p>Appliquer une quantit\u00e9 appropri\u00e9e sur un coton ou directement sur la paume de la main et tapoter d\u00e9licatement pour faire p\u00e9n\u00e9trer le produit dans la peau.<\/p>\n<p>Avertissement : Pour usage externe uniquement. Toujours effectuer un test \u00e9picutan\u00e9. Cessez d'utiliser le produit si vous ressentez une quelconque g\u00eane. Suivre les instructions suppl\u00e9mentaires figurant sur l'emballage. Les r\u00e9sultats individuels peuvent varier.<\/p>","protected":false},"excerpt":{"rendered":"<p>Ce tonique contenant l'ingr\u00e9dient brevet\u00e9 et v\u00e9g\u00e9talien ProBio-Cica (\u00e0 base de centella asiatica ferment\u00e9e) calme les rougeurs et les peaux irrit\u00e9es. Il fortifie \u00e9galement la barri\u00e8re cutan\u00e9e pour une peau lisse et souple. Le tr\u00e9halose, le panth\u00e9nol, le c\u00e9ramide NP et le hyaluronate de sodium pr\u00e9sents dans le m\u00e9lange apportent des effets hydratants suppl\u00e9mentaires pour une peau saine. Exempt de parfums et de colorants artificiels. Convient \u00e0 diff\u00e9rents types de peau, y compris les peaux sensibles.<\/p>","protected":false},"featured_media":4833,"comment_status":"open","ping_status":"closed","template":"","meta":{"om_disable_all_campaigns":false},"product_brand":[],"product_cat":[88,39,94],"product_tag":[],"class_list":{"0":"post-4830","1":"product","2":"type-product","3":"status-publish","4":"has-post-thumbnail","6":"product_cat-centella","7":"product_cat-face-toners","8":"product_cat-skin-1004","10":"first","11":"instock","12":"sale","13":"shipping-taxable","14":"purchasable","15":"product-type-simple"},"aioseo_notices":[],"jetpack_sharing_enabled":true,"_links":{"self":[{"href":"https:\/\/k-beautyci.com\/fr\/wp-json\/wp\/v2\/product\/4830","targetHints":{"allow":["GET"]}}],"collection":[{"href":"https:\/\/k-beautyci.com\/fr\/wp-json\/wp\/v2\/product"}],"about":[{"href":"https:\/\/k-beautyci.com\/fr\/wp-json\/wp\/v2\/types\/product"}],"replies":[{"embeddable":true,"href":"https:\/\/k-beautyci.com\/fr\/wp-json\/wp\/v2\/comments?post=4830"}],"wp:featuredmedia":[{"embeddable":true,"href":"https:\/\/k-beautyci.com\/fr\/wp-json\/wp\/v2\/media\/4833"}],"wp:attachment":[{"href":"https:\/\/k-beautyci.com\/fr\/wp-json\/wp\/v2\/media?parent=4830"}],"wp:term":[{"taxonomy":"product_brand","embeddable":true,"href":"https:\/\/k-beautyci.com\/fr\/wp-json\/wp\/v2\/product_brand?post=4830"},{"taxonomy":"product_cat","embeddable":true,"href":"https:\/\/k-beautyci.com\/fr\/wp-json\/wp\/v2\/product_cat?post=4830"},{"taxonomy":"product_tag","embeddable":true,"href":"https:\/\/k-beautyci.com\/fr\/wp-json\/wp\/v2\/product_tag?post=4830"}],"curies":[{"name":"wp","href":"https:\/\/api.w.org\/{rel}","templated":true}]}}