{"id":4826,"date":"2024-09-02T12:11:59","date_gmt":"2024-09-02T12:11:59","guid":{"rendered":"https:\/\/k-beautyci.com\/?post_type=product&#038;p=4826"},"modified":"2026-02-10T14:52:10","modified_gmt":"2026-02-10T14:52:10","slug":"skin-1004-madagascar-centella-hyalu-cica-brightening-toner-210ml","status":"publish","type":"product","link":"https:\/\/k-beautyci.com\/fr\/produit\/skin-1004-madagascar-centella-hyalu-cica-brightening-toner-210ml\/","title":{"rendered":"SKIN 1004 &#8211; Madagascar Centella Hyalu-Cica Brightening Toner 210ml"},"content":{"rendered":"<p><b>Comment l'utiliser :<\/b><\/p>\n<p>Apr\u00e8s le nettoyage, r\u00e9partir une quantit\u00e9 mod\u00e9r\u00e9e de tonique sur un coton et passer d\u00e9licatement sur le visage.<\/p>\n<p>&nbsp;<\/p>\n<p>Avertissement : Pour usage externe uniquement. Toujours effectuer un test \u00e9picutan\u00e9. Cessez d'utiliser le produit si vous ressentez une quelconque g\u00eane. Suivre les instructions suppl\u00e9mentaires figurant sur l'emballage. Les r\u00e9sultats individuels peuvent varier.<\/p>","protected":false},"excerpt":{"rendered":"<p>Infus\u00e9 avec 74% d'eau de feuilles de cica de Madagascar pour l'hydratation, ainsi qu'avec des AHA et LHA pour une exfoliation douce, ce tonique sans parfum est con\u00e7u pour soulager la peau des irritations tout en lui donnant de l'\u00e9clat. Utilisez-le dans le cadre de votre routine de masquage ou utilisez-le comme brume rafra\u00eechissante en le versant dans un flacon pulv\u00e9risateur.<\/p>","protected":false},"featured_media":4828,"comment_status":"open","ping_status":"closed","template":"","meta":{"om_disable_all_campaigns":false},"product_brand":[],"product_cat":[78,88,94],"product_tag":[],"class_list":{"0":"post-4826","1":"product","2":"type-product","3":"status-publish","4":"has-post-thumbnail","6":"product_cat-aha-bha","7":"product_cat-centella","8":"product_cat-skin-1004","10":"first","11":"instock","12":"shipping-taxable","13":"purchasable","14":"product-type-simple"},"aioseo_notices":[],"jetpack_sharing_enabled":true,"_links":{"self":[{"href":"https:\/\/k-beautyci.com\/fr\/wp-json\/wp\/v2\/product\/4826","targetHints":{"allow":["GET"]}}],"collection":[{"href":"https:\/\/k-beautyci.com\/fr\/wp-json\/wp\/v2\/product"}],"about":[{"href":"https:\/\/k-beautyci.com\/fr\/wp-json\/wp\/v2\/types\/product"}],"replies":[{"embeddable":true,"href":"https:\/\/k-beautyci.com\/fr\/wp-json\/wp\/v2\/comments?post=4826"}],"wp:featuredmedia":[{"embeddable":true,"href":"https:\/\/k-beautyci.com\/fr\/wp-json\/wp\/v2\/media\/4828"}],"wp:attachment":[{"href":"https:\/\/k-beautyci.com\/fr\/wp-json\/wp\/v2\/media?parent=4826"}],"wp:term":[{"taxonomy":"product_brand","embeddable":true,"href":"https:\/\/k-beautyci.com\/fr\/wp-json\/wp\/v2\/product_brand?post=4826"},{"taxonomy":"product_cat","embeddable":true,"href":"https:\/\/k-beautyci.com\/fr\/wp-json\/wp\/v2\/product_cat?post=4826"},{"taxonomy":"product_tag","embeddable":true,"href":"https:\/\/k-beautyci.com\/fr\/wp-json\/wp\/v2\/product_tag?post=4826"}],"curies":[{"name":"wp","href":"https:\/\/api.w.org\/{rel}","templated":true}]}}