{"id":4821,"date":"2024-09-02T12:12:39","date_gmt":"2024-09-02T12:12:39","guid":{"rendered":"https:\/\/k-beautyci.com\/?post_type=product&#038;p=4821"},"modified":"2025-09-22T20:57:11","modified_gmt":"2025-09-22T20:57:11","slug":"skin-1004-madagascar-centella-tone-brightening-boosting-toner-210ml","status":"publish","type":"product","link":"https:\/\/k-beautyci.com\/fr\/produit\/skin-1004-madagascar-centella-tone-brightening-boosting-toner-210ml\/","title":{"rendered":"SKIN 1004 Madagascar Centella Tone Brightening Boosting Toner 210ml"},"content":{"rendered":"<p><b>Comment l'utiliser :<\/b><\/p>\n<p>Verser une quantit\u00e9 mod\u00e9r\u00e9e sur un coton et passer sur le grain de la peau.<\/p>\n<p>Avertissement : Pour usage externe uniquement. Toujours effectuer un test \u00e9picutan\u00e9. Cessez d'utiliser le produit si vous ressentez une quelconque g\u00eane. Suivre les instructions suppl\u00e9mentaires figurant sur l'emballage. Les r\u00e9sultats individuels peuvent varier.<\/p>","protected":false},"excerpt":{"rendered":"<p>Obtenez une peau nette gr\u00e2ce \u00e0 ce tonique enrichi en extrait de centella asiatica pour apaiser les irritations. Il est infus\u00e9 de niacinamide pour revitaliser et \u00e9claircir les peaux ternes. Contient l'ingr\u00e9dient brevet\u00e9 MadeWhite\u2122 extrait de la Centella Asiatica de Madagascar pour \u00e9claircir la peau.  Contient des extraits de papaye et de pomme qui \u00e9liminent en douceur les cellules mortes de la peau.<\/p>","protected":false},"featured_media":4823,"comment_status":"open","ping_status":"closed","template":"","meta":{"om_disable_all_campaigns":false},"product_brand":[],"product_cat":[88,39,74,94],"product_tag":[],"class_list":{"0":"post-4821","1":"product","2":"type-product","3":"status-publish","4":"has-post-thumbnail","6":"product_cat-centella","7":"product_cat-face-toners","8":"product_cat-niacinamide","9":"product_cat-skin-1004","11":"first","12":"outofstock","13":"sale","14":"shipping-taxable","15":"purchasable","16":"product-type-simple"},"aioseo_notices":[],"jetpack_sharing_enabled":true,"_links":{"self":[{"href":"https:\/\/k-beautyci.com\/fr\/wp-json\/wp\/v2\/product\/4821","targetHints":{"allow":["GET"]}}],"collection":[{"href":"https:\/\/k-beautyci.com\/fr\/wp-json\/wp\/v2\/product"}],"about":[{"href":"https:\/\/k-beautyci.com\/fr\/wp-json\/wp\/v2\/types\/product"}],"replies":[{"embeddable":true,"href":"https:\/\/k-beautyci.com\/fr\/wp-json\/wp\/v2\/comments?post=4821"}],"wp:featuredmedia":[{"embeddable":true,"href":"https:\/\/k-beautyci.com\/fr\/wp-json\/wp\/v2\/media\/4823"}],"wp:attachment":[{"href":"https:\/\/k-beautyci.com\/fr\/wp-json\/wp\/v2\/media?parent=4821"}],"wp:term":[{"taxonomy":"product_brand","embeddable":true,"href":"https:\/\/k-beautyci.com\/fr\/wp-json\/wp\/v2\/product_brand?post=4821"},{"taxonomy":"product_cat","embeddable":true,"href":"https:\/\/k-beautyci.com\/fr\/wp-json\/wp\/v2\/product_cat?post=4821"},{"taxonomy":"product_tag","embeddable":true,"href":"https:\/\/k-beautyci.com\/fr\/wp-json\/wp\/v2\/product_tag?post=4821"}],"curies":[{"name":"wp","href":"https:\/\/api.w.org\/{rel}","templated":true}]}}