{"id":4810,"date":"2024-09-02T12:12:15","date_gmt":"2024-09-02T12:12:15","guid":{"rendered":"https:\/\/k-beautyci.com\/?post_type=product&#038;p=4810"},"modified":"2026-04-15T20:36:22","modified_gmt":"2026-04-15T20:36:22","slug":"skin-1004-madagascar-centella-tone-brightening-capsule-ampoule-jumbo-100ml","status":"publish","type":"product","link":"https:\/\/k-beautyci.com\/fr\/produit\/skin-1004-madagascar-centella-tone-brightening-capsule-ampoule-jumbo-100ml\/","title":{"rendered":"SKIN 1004 Madagascar Centella Tone Brightening Capsule Ampoule"},"content":{"rendered":"<p><b>Comment l'utiliser :<\/b><\/p>\n<p>Apr\u00e8s avoir nettoy\u00e9 et tonifi\u00e9 la peau, verser une quantit\u00e9 appropri\u00e9e et l'appliquer uniform\u00e9ment sur la peau. Tapoter pour favoriser l'absorption.<\/p>\n<p>Avertissement : Pour usage externe uniquement. Toujours effectuer un test \u00e9picutan\u00e9. Cessez d'utiliser le produit si vous ressentez une quelconque g\u00eane. Suivre les instructions suppl\u00e9mentaires figurant sur l'emballage. Les r\u00e9sultats individuels peuvent varier.<\/p>","protected":false},"excerpt":{"rendered":"<p>Am\u00e9liorez la peau terne et fatigu\u00e9e avec ce produit l\u00e9ger mais puissant infus\u00e9 de MadeWhite\u2122, un ingr\u00e9dient compos\u00e9 d'extraits de cica de Madagascar et de niacinamide pour des bienfaits \u00e9claircissants, hydratants et apaisants pour la peau. Une ampoule id\u00e9ale \u00e0 usage quotidien avec 4 % de niacinamide, 2 % d'acide tranexamique et Madewhite\u2122 encapsul\u00e9 pour une correction douce et efficace des taches brunes.<\/p>","protected":false},"featured_media":4813,"comment_status":"open","ping_status":"closed","template":"","meta":{"om_disable_all_campaigns":false},"product_brand":[],"product_cat":[60,52,31,74,94],"product_tag":[],"class_list":{"0":"post-4810","1":"product","2":"type-product","3":"status-publish","4":"has-post-thumbnail","6":"product_cat-acne","7":"product_cat-dark-spots","8":"product_cat-face-serums","9":"product_cat-niacinamide","10":"product_cat-skin-1004","12":"first","13":"instock","14":"sale","15":"shipping-taxable","16":"purchasable","17":"product-type-variable"},"aioseo_notices":[],"jetpack_sharing_enabled":true,"_links":{"self":[{"href":"https:\/\/k-beautyci.com\/fr\/wp-json\/wp\/v2\/product\/4810","targetHints":{"allow":["GET"]}}],"collection":[{"href":"https:\/\/k-beautyci.com\/fr\/wp-json\/wp\/v2\/product"}],"about":[{"href":"https:\/\/k-beautyci.com\/fr\/wp-json\/wp\/v2\/types\/product"}],"replies":[{"embeddable":true,"href":"https:\/\/k-beautyci.com\/fr\/wp-json\/wp\/v2\/comments?post=4810"}],"wp:featuredmedia":[{"embeddable":true,"href":"https:\/\/k-beautyci.com\/fr\/wp-json\/wp\/v2\/media\/4813"}],"wp:attachment":[{"href":"https:\/\/k-beautyci.com\/fr\/wp-json\/wp\/v2\/media?parent=4810"}],"wp:term":[{"taxonomy":"product_brand","embeddable":true,"href":"https:\/\/k-beautyci.com\/fr\/wp-json\/wp\/v2\/product_brand?post=4810"},{"taxonomy":"product_cat","embeddable":true,"href":"https:\/\/k-beautyci.com\/fr\/wp-json\/wp\/v2\/product_cat?post=4810"},{"taxonomy":"product_tag","embeddable":true,"href":"https:\/\/k-beautyci.com\/fr\/wp-json\/wp\/v2\/product_tag?post=4810"}],"curies":[{"name":"wp","href":"https:\/\/api.w.org\/{rel}","templated":true}]}}