{"id":4803,"date":"2024-09-02T12:15:49","date_gmt":"2024-09-02T12:15:49","guid":{"rendered":"https:\/\/k-beautyci.com\/?post_type=product&#038;p=4803"},"modified":"2026-01-26T20:23:58","modified_gmt":"2026-01-26T20:23:58","slug":"anua-best-seller-trio-heartleaf-pore-control-cleansing-oil-heartleaf-quercetinol-pore-deep-cleansing-foam-anua-heartleaf-77-soothing-toner","status":"publish","type":"product","link":"https:\/\/k-beautyci.com\/fr\/produit\/anua-best-seller-trio-heartleaf-pore-control-cleansing-oil-heartleaf-quercetinol-pore-deep-cleansing-foam-anua-heartleaf-77-soothing-toner\/","title":{"rendered":"Anua Best Seller Trio : Heartleaf Pore Control Cleansing Oil &amp; Heartleaf Quercetinol Pore Deep Cleansing Foam &amp; Anua Heartleaf 77 Soothing Toner"},"content":{"rendered":"<p>Avertissement : Pour usage externe uniquement. Toujours effectuer un test \u00e9picutan\u00e9. Cessez d'utiliser le produit si vous ressentez une quelconque g\u00eane. Suivre les instructions suppl\u00e9mentaires figurant sur l'emballage. Les r\u00e9sultats individuels peuvent varier.<\/p>","protected":false},"excerpt":{"rendered":"<ul class=\"a-unordered-list a-vertical a-spacing-mini\">\n<li class=\"a-spacing-mini\"><span class=\"a-list-item\">HUILE NETTOYANTE DOUCE ET PUISSANTE:Efficace pour \u00e9liminer les r\u00e9sidus de maquillage, les points noirs et le s\u00e9bum, tout en pr\u00e9venant la congestion des pores. Une \u00e9tape essentielle pour un double nettoyage, avec une peau de verre \u00e9clatante.<\/span><\/li>\n<li class=\"a-spacing-mini\"><span class=\"a-list-item\">NETTOIE LES PORES EN PROFONDEUR POUR TOUS LES TYPES DE PEAU : Cr\u00e9e une mousse l\u00e9g\u00e8re et d\u00e9licate, infus\u00e9e d'extrait de feuille de c\u0153ur, suffisamment douce pour convenir \u00e0 tous les types de peau, et particuli\u00e8rement adapt\u00e9e au nettoyage en profondeur des peaux grasses et mixtes.<\/span><\/li>\n<li class=\"a-spacing-mini\"><span class=\"a-list-item\">TONIQUE VISAGE ADOUCISSANT : Infus\u00e9 avec la plus haute concentration d'extrait de feuille de c\u0153ur, connu pour ses effets calmants, ce tonique est con\u00e7u pour apaiser, tonifier, hydrater et \u00e9quilibrer le niveau de pH de la peau.<\/span><\/li>\n<\/ul>","protected":false},"featured_media":4809,"comment_status":"open","ping_status":"closed","template":"","meta":{"om_disable_all_campaigns":false},"product_brand":[],"product_cat":[78,183,88,35,39,64,63],"product_tag":[],"class_list":{"0":"post-4803","1":"product","2":"type-product","3":"status-publish","4":"has-post-thumbnail","6":"product_cat-aha-bha","7":"product_cat-anua","8":"product_cat-centella","9":"product_cat-face-cleansers","10":"product_cat-face-toners","11":"product_cat-kits-duos","12":"product_cat-makeup-removers","14":"first","15":"instock","16":"sale","17":"shipping-taxable","18":"purchasable","19":"product-type-simple"},"aioseo_notices":[],"jetpack_sharing_enabled":true,"_links":{"self":[{"href":"https:\/\/k-beautyci.com\/fr\/wp-json\/wp\/v2\/product\/4803","targetHints":{"allow":["GET"]}}],"collection":[{"href":"https:\/\/k-beautyci.com\/fr\/wp-json\/wp\/v2\/product"}],"about":[{"href":"https:\/\/k-beautyci.com\/fr\/wp-json\/wp\/v2\/types\/product"}],"replies":[{"embeddable":true,"href":"https:\/\/k-beautyci.com\/fr\/wp-json\/wp\/v2\/comments?post=4803"}],"wp:featuredmedia":[{"embeddable":true,"href":"https:\/\/k-beautyci.com\/fr\/wp-json\/wp\/v2\/media\/4809"}],"wp:attachment":[{"href":"https:\/\/k-beautyci.com\/fr\/wp-json\/wp\/v2\/media?parent=4803"}],"wp:term":[{"taxonomy":"product_brand","embeddable":true,"href":"https:\/\/k-beautyci.com\/fr\/wp-json\/wp\/v2\/product_brand?post=4803"},{"taxonomy":"product_cat","embeddable":true,"href":"https:\/\/k-beautyci.com\/fr\/wp-json\/wp\/v2\/product_cat?post=4803"},{"taxonomy":"product_tag","embeddable":true,"href":"https:\/\/k-beautyci.com\/fr\/wp-json\/wp\/v2\/product_tag?post=4803"}],"curies":[{"name":"wp","href":"https:\/\/api.w.org\/{rel}","templated":true}]}}