{"id":4798,"date":"2024-09-02T12:16:53","date_gmt":"2024-09-02T12:16:53","guid":{"rendered":"https:\/\/k-beautyci.com\/?post_type=product&#038;p=4798"},"modified":"2026-04-12T17:22:43","modified_gmt":"2026-04-12T17:22:43","slug":"anua-double-cleanser-duo-for-facial-cleansing-heartleaf-pore-control-cleansing-oil-heartleaf-quercetinol-pore-deep-cleansing-foam","status":"publish","type":"product","link":"https:\/\/k-beautyci.com\/fr\/produit\/anua-double-cleanser-duo-for-facial-cleansing-heartleaf-pore-control-cleansing-oil-heartleaf-quercetinol-pore-deep-cleansing-foam\/","title":{"rendered":"ANUA Double Cleanser Duo for Facial Cleansing : Heartleaf Pore Control Cleansing Oil &amp; Heartleaf Quercetinol Pore Deep Cleansing Foam"},"content":{"rendered":"<div class=\"description-item active\">\n<div class=\"body\">\n<p>Avertissement : Pour usage externe uniquement. Toujours effectuer un test \u00e9picutan\u00e9. Cessez d'utiliser le produit si vous ressentez une quelconque g\u00eane. Suivre les instructions suppl\u00e9mentaires figurant sur l'emballage. Les r\u00e9sultats individuels peuvent varier.<\/p>\n<\/div>\n<\/div>\n<div class=\"description-item\">\n<h2 class=\"title\"><\/h2>\n<\/div>","protected":false},"excerpt":{"rendered":"<p>HUILE NETTOYANTE \u00c0 LA FOIS DOUCE ET PUISSANTE : Elle \u00e9limine efficacement les r\u00e9sidus de maquillage, les points noirs et le s\u00e9bum, tout en pr\u00e9venant la congestion des pores. Etape essentielle pour un double nettoyage, avec des r\u00e9sultats de peau de verre \u00e9clatante.<\/p>\n<p>NETTOIE LES PORES EN PROFONDEUR POUR TOUS LES TYPES DE PEAU : Cr\u00e9e une mousse l\u00e9g\u00e8re et d\u00e9licate, infus\u00e9e d'extrait de feuille de c\u0153ur, suffisamment douce pour convenir \u00e0 tous les types de peau, et particuli\u00e8rement adapt\u00e9e au nettoyage en profondeur des peaux grasses et mixtes.<\/p>","protected":false},"featured_media":4802,"comment_status":"open","ping_status":"closed","template":"","meta":{"om_disable_all_campaigns":false},"product_brand":[],"product_cat":[183,35,64,63],"product_tag":[],"class_list":{"0":"post-4798","1":"product","2":"type-product","3":"status-publish","4":"has-post-thumbnail","6":"product_cat-anua","7":"product_cat-face-cleansers","8":"product_cat-kits-duos","9":"product_cat-makeup-removers","11":"first","12":"instock","13":"sale","14":"shipping-taxable","15":"purchasable","16":"product-type-simple"},"aioseo_notices":[],"jetpack_sharing_enabled":true,"_links":{"self":[{"href":"https:\/\/k-beautyci.com\/fr\/wp-json\/wp\/v2\/product\/4798","targetHints":{"allow":["GET"]}}],"collection":[{"href":"https:\/\/k-beautyci.com\/fr\/wp-json\/wp\/v2\/product"}],"about":[{"href":"https:\/\/k-beautyci.com\/fr\/wp-json\/wp\/v2\/types\/product"}],"replies":[{"embeddable":true,"href":"https:\/\/k-beautyci.com\/fr\/wp-json\/wp\/v2\/comments?post=4798"}],"wp:featuredmedia":[{"embeddable":true,"href":"https:\/\/k-beautyci.com\/fr\/wp-json\/wp\/v2\/media\/4802"}],"wp:attachment":[{"href":"https:\/\/k-beautyci.com\/fr\/wp-json\/wp\/v2\/media?parent=4798"}],"wp:term":[{"taxonomy":"product_brand","embeddable":true,"href":"https:\/\/k-beautyci.com\/fr\/wp-json\/wp\/v2\/product_brand?post=4798"},{"taxonomy":"product_cat","embeddable":true,"href":"https:\/\/k-beautyci.com\/fr\/wp-json\/wp\/v2\/product_cat?post=4798"},{"taxonomy":"product_tag","embeddable":true,"href":"https:\/\/k-beautyci.com\/fr\/wp-json\/wp\/v2\/product_tag?post=4798"}],"curies":[{"name":"wp","href":"https:\/\/api.w.org\/{rel}","templated":true}]}}