{"id":4791,"date":"2024-09-02T14:00:16","date_gmt":"2024-09-02T14:00:16","guid":{"rendered":"https:\/\/k-beautyci.com\/?post_type=product&#038;p=4791"},"modified":"2026-03-28T01:19:18","modified_gmt":"2026-03-28T01:19:18","slug":"anua-rice-enzyme-brightening-cleansing-powder","status":"publish","type":"product","link":"https:\/\/k-beautyci.com\/fr\/produit\/anua-rice-enzyme-brightening-cleansing-powder\/","title":{"rendered":"ANUA RICE ENZYME BRIGHTENING CLEANSING POWDER"},"content":{"rendered":"<p><b>Comment l'utiliser :<\/b><br \/>\n1. Utilis\u00e9 comme masque de lavage : M\u00e9langer la poudre avec 1 \u00e0 1,5 cuill\u00e8re \u00e0 soupe d'eau et tapoter pour obtenir une texture \u00e9lastique. Appliquer uniform\u00e9ment sur la peau et masser pendant 3 \u00e0 5 minutes. Laver \u00e0 l'eau ti\u00e8de.<\/p>\n<p>2. Utilis\u00e9 comme nettoyant en poudre : Versez 0,5 cuill\u00e8re \u00e0 soupe de poudre sur votre baume humide pour le m\u00e9langer. Une fois que la poudre s'est transform\u00e9e en mousse, massez d\u00e9licatement le visage. Laver \u00e0 l'eau ti\u00e8de.<\/p>\n<p>&nbsp;<\/p>\n<p>Avertissement : Pour usage externe uniquement. Toujours effectuer un test \u00e9picutan\u00e9. Cessez d'utiliser le produit si vous ressentez une quelconque g\u00eane. Suivre les instructions suppl\u00e9mentaires figurant sur l'emballage. Les r\u00e9sultats individuels peuvent varier.<\/p>","protected":false},"excerpt":{"rendered":"<p>Poudre nettoyante exfoliante polyvalente enrichie de poudre et d'extrait de riz pour unifier et \u00e9claircir le teint in\u00e9gal et terne, tout en d\u00e9barrassant les pores des cellules mortes, de l'exc\u00e8s de s\u00e9bum et des impuret\u00e9s, sans d\u00e9caper la peau. Contient du c\u00e9ramide pour hydrater instantan\u00e9ment la peau gerc\u00e9e, tout en renfor\u00e7ant la barri\u00e8re cutan\u00e9e et en apaisant les irritations.<\/p>","protected":false},"featured_media":4797,"comment_status":"open","ping_status":"closed","template":"","meta":{"om_disable_all_campaigns":false},"product_brand":[],"product_cat":[183,148,35],"product_tag":[],"class_list":{"0":"post-4791","1":"product","2":"type-product","3":"status-publish","4":"has-post-thumbnail","6":"product_cat-anua","7":"product_cat-ceramide","8":"product_cat-face-cleansers","10":"first","11":"outofstock","12":"shipping-taxable","13":"purchasable","14":"product-type-simple"},"aioseo_notices":[],"jetpack_sharing_enabled":true,"_links":{"self":[{"href":"https:\/\/k-beautyci.com\/fr\/wp-json\/wp\/v2\/product\/4791","targetHints":{"allow":["GET"]}}],"collection":[{"href":"https:\/\/k-beautyci.com\/fr\/wp-json\/wp\/v2\/product"}],"about":[{"href":"https:\/\/k-beautyci.com\/fr\/wp-json\/wp\/v2\/types\/product"}],"replies":[{"embeddable":true,"href":"https:\/\/k-beautyci.com\/fr\/wp-json\/wp\/v2\/comments?post=4791"}],"wp:featuredmedia":[{"embeddable":true,"href":"https:\/\/k-beautyci.com\/fr\/wp-json\/wp\/v2\/media\/4797"}],"wp:attachment":[{"href":"https:\/\/k-beautyci.com\/fr\/wp-json\/wp\/v2\/media?parent=4791"}],"wp:term":[{"taxonomy":"product_brand","embeddable":true,"href":"https:\/\/k-beautyci.com\/fr\/wp-json\/wp\/v2\/product_brand?post=4791"},{"taxonomy":"product_cat","embeddable":true,"href":"https:\/\/k-beautyci.com\/fr\/wp-json\/wp\/v2\/product_cat?post=4791"},{"taxonomy":"product_tag","embeddable":true,"href":"https:\/\/k-beautyci.com\/fr\/wp-json\/wp\/v2\/product_tag?post=4791"}],"curies":[{"name":"wp","href":"https:\/\/api.w.org\/{rel}","templated":true}]}}