{"id":4776,"date":"2024-09-02T14:05:13","date_gmt":"2024-09-02T14:05:13","guid":{"rendered":"https:\/\/k-beautyci.com\/?post_type=product&#038;p=4776"},"modified":"2026-03-26T22:00:27","modified_gmt":"2026-03-26T22:00:27","slug":"anua-8-hyaluronic-acid-hydrating-gentle-foaming-cleanser","status":"publish","type":"product","link":"https:\/\/k-beautyci.com\/fr\/produit\/anua-8-hyaluronic-acid-hydrating-gentle-foaming-cleanser\/","title":{"rendered":"Anua 8 Hyaluronic Acid Hydrating Gentle Foaming Cleanser"},"content":{"rendered":"<p><b>Comment l'utiliser :<\/b><br \/>\n1. Faites mousser le contenu en une mousse riche et massez d\u00e9licatement votre visage avec la paume de votre main.<\/p>\n<p>2. Rincer abondamment \u00e0 l'eau ti\u00e8de.<\/p>\n<div class=\"description-item active\">\n<div class=\"body\">\n<p>Avertissement : Pour usage externe uniquement. Toujours effectuer un test \u00e9picutan\u00e9. Cessez d'utiliser le produit si vous ressentez une quelconque g\u00eane. Suivre les instructions suppl\u00e9mentaires figurant sur l'emballage. Les r\u00e9sultats individuels peuvent varier.<\/p>\n<\/div>\n<\/div>\n<div class=\"description-item\">\n<h2 class=\"title\"><\/h2>\n<\/div>","protected":false},"excerpt":{"rendered":"<p>Formul\u00e9 avec huit types d'acide hyaluronique pour hydrater la peau ainsi qu'avec du panth\u00e9nol pour renforcer la barri\u00e8re cutan\u00e9e, ce nettoyant moussant offre un superbe pouvoir nettoyant tout en produisant un fini bien hydrat\u00e9. Il contient des prot\u00e9ines v\u00e9g\u00e9tales hydrolys\u00e9es pour renforcer l'\u00e9lasticit\u00e9 de la peau et du zinc PCA pour r\u00e9guler la production de s\u00e9bum. La formule cr\u00e8me se transforme facilement en mousse au contact de l'eau pour laisser la peau nette et rafra\u00eechie. Le produit convient aux peaux sensibles.<\/p>","protected":false},"featured_media":4780,"comment_status":"open","ping_status":"closed","template":"","meta":{"om_disable_all_campaigns":false},"product_brand":[],"product_cat":[183,35,69],"product_tag":[],"class_list":{"0":"post-4776","1":"product","2":"type-product","3":"status-publish","4":"has-post-thumbnail","6":"product_cat-anua","7":"product_cat-face-cleansers","8":"product_cat-hyaluronic-acid","10":"first","11":"outofstock","12":"shipping-taxable","13":"purchasable","14":"product-type-simple"},"aioseo_notices":[],"jetpack_sharing_enabled":true,"_links":{"self":[{"href":"https:\/\/k-beautyci.com\/fr\/wp-json\/wp\/v2\/product\/4776","targetHints":{"allow":["GET"]}}],"collection":[{"href":"https:\/\/k-beautyci.com\/fr\/wp-json\/wp\/v2\/product"}],"about":[{"href":"https:\/\/k-beautyci.com\/fr\/wp-json\/wp\/v2\/types\/product"}],"replies":[{"embeddable":true,"href":"https:\/\/k-beautyci.com\/fr\/wp-json\/wp\/v2\/comments?post=4776"}],"wp:featuredmedia":[{"embeddable":true,"href":"https:\/\/k-beautyci.com\/fr\/wp-json\/wp\/v2\/media\/4780"}],"wp:attachment":[{"href":"https:\/\/k-beautyci.com\/fr\/wp-json\/wp\/v2\/media?parent=4776"}],"wp:term":[{"taxonomy":"product_brand","embeddable":true,"href":"https:\/\/k-beautyci.com\/fr\/wp-json\/wp\/v2\/product_brand?post=4776"},{"taxonomy":"product_cat","embeddable":true,"href":"https:\/\/k-beautyci.com\/fr\/wp-json\/wp\/v2\/product_cat?post=4776"},{"taxonomy":"product_tag","embeddable":true,"href":"https:\/\/k-beautyci.com\/fr\/wp-json\/wp\/v2\/product_tag?post=4776"}],"curies":[{"name":"wp","href":"https:\/\/api.w.org\/{rel}","templated":true}]}}