{"id":4768,"date":"2024-09-02T14:05:37","date_gmt":"2024-09-02T14:05:37","guid":{"rendered":"https:\/\/k-beautyci.com\/?post_type=product&#038;p=4768"},"modified":"2026-03-08T16:33:49","modified_gmt":"2026-03-08T16:33:49","slug":"anua-7-rice-ceramide-hydrating-barrier-serum-50ml","status":"publish","type":"product","link":"https:\/\/k-beautyci.com\/fr\/produit\/anua-7-rice-ceramide-hydrating-barrier-serum-50ml\/","title":{"rendered":"ANUA 7 RICE CERAMIDE HYDRATING BARRIER SERUM 50ml"},"content":{"rendered":"<div class=\"description-item active\">\n<div class=\"body\">\n<p>Avertissement : Pour usage externe uniquement. Toujours effectuer un test \u00e9picutan\u00e9. Cessez d'utiliser le produit si vous ressentez une quelconque g\u00eane. Suivre les instructions suppl\u00e9mentaires figurant sur l'emballage. Les r\u00e9sultats individuels peuvent varier.<\/p>\n<\/div>\n<\/div>","protected":false},"excerpt":{"rendered":"<p><span class=\"a-list-item\">S\u00c9RUM \u00c9CLAIRCISSANT QUOTIDIEN POUR TOUS LES TYPES DE PEAU : Formul\u00e9 \u00e0 base d'ANUA RICERA 7+ et d'Arbutine, ce s\u00e9rum nourrit et hydrate la peau tout en \u00e9claircissant les peaux ternes pour obtenir un teint uniforme.<\/span><\/p>","protected":false},"featured_media":4775,"comment_status":"open","ping_status":"closed","template":"","meta":{"om_disable_all_campaigns":false},"product_brand":[],"product_cat":[183,148,31,69,74],"product_tag":[],"class_list":{"0":"post-4768","1":"product","2":"type-product","3":"status-publish","4":"has-post-thumbnail","6":"product_cat-anua","7":"product_cat-ceramide","8":"product_cat-face-serums","9":"product_cat-hyaluronic-acid","10":"product_cat-niacinamide","12":"first","13":"instock","14":"shipping-taxable","15":"purchasable","16":"product-type-simple"},"aioseo_notices":[],"jetpack_sharing_enabled":true,"_links":{"self":[{"href":"https:\/\/k-beautyci.com\/fr\/wp-json\/wp\/v2\/product\/4768","targetHints":{"allow":["GET"]}}],"collection":[{"href":"https:\/\/k-beautyci.com\/fr\/wp-json\/wp\/v2\/product"}],"about":[{"href":"https:\/\/k-beautyci.com\/fr\/wp-json\/wp\/v2\/types\/product"}],"replies":[{"embeddable":true,"href":"https:\/\/k-beautyci.com\/fr\/wp-json\/wp\/v2\/comments?post=4768"}],"wp:featuredmedia":[{"embeddable":true,"href":"https:\/\/k-beautyci.com\/fr\/wp-json\/wp\/v2\/media\/4775"}],"wp:attachment":[{"href":"https:\/\/k-beautyci.com\/fr\/wp-json\/wp\/v2\/media?parent=4768"}],"wp:term":[{"taxonomy":"product_brand","embeddable":true,"href":"https:\/\/k-beautyci.com\/fr\/wp-json\/wp\/v2\/product_brand?post=4768"},{"taxonomy":"product_cat","embeddable":true,"href":"https:\/\/k-beautyci.com\/fr\/wp-json\/wp\/v2\/product_cat?post=4768"},{"taxonomy":"product_tag","embeddable":true,"href":"https:\/\/k-beautyci.com\/fr\/wp-json\/wp\/v2\/product_tag?post=4768"}],"curies":[{"name":"wp","href":"https:\/\/api.w.org\/{rel}","templated":true}]}}