{"id":4764,"date":"2024-09-02T14:05:52","date_gmt":"2024-09-02T14:05:52","guid":{"rendered":"https:\/\/k-beautyci.com\/?post_type=product&#038;p=4764"},"modified":"2026-03-08T16:32:35","modified_gmt":"2026-03-08T16:32:35","slug":"anua-bha-2-gentle-exfoliating-toner-150ml","status":"publish","type":"product","link":"https:\/\/k-beautyci.com\/fr\/produit\/anua-bha-2-gentle-exfoliating-toner-150ml\/","title":{"rendered":"ANUA BHA 2% GENTLE EXFOLIATING TONER 150ML"},"content":{"rendered":"<p><span class=\"accordion__toggle h6\">Comment l'utiliser<\/span><\/p>\n<div class=\"accordion__content prose\"><span class=\"metafield-multi_line_text_field\">Appliquer le tonique sur le bout des doigts ou sur un coton. Appliquer d\u00e9licatement sur le visage et le cou. Peut \u00eatre utilis\u00e9 sur les zones du corps concern\u00e9es.<\/span>Appliquer une fois tous les 2~3 jours et observer la r\u00e9action de la peau. Ajuster la fr\u00e9quence d'utilisation en cons\u00e9quence. Le matin, utiliser le produit avec un SPF 30 ou plus.<\/div>\n<div class=\"description-item active\">\n<div class=\"body\">\n<p>Toujours effectuer un test \u00e9picutan\u00e9. Utiliser uniquement selon les instructions. Ne pas utiliser sur une peau ab\u00eem\u00e9e. Si l'irritation ou l'inconfort persistent, cesser l'utilisation et consulter un m\u00e9decin. Suivre les instructions suppl\u00e9mentaires figurant sur l'emballage. Avant de s'exposer au soleil, il est recommand\u00e9 aux utilisateurs de couvrir les zones o\u00f9 les AHA ont \u00e9t\u00e9 appliqu\u00e9s avec un \u00e9cran solaire. Le contact du produit avec la peau doit \u00eatre limit\u00e9 en fr\u00e9quence et en dur\u00e9e. Les r\u00e9sultats individuels peuvent varier.<\/p>\n<\/div>\n<\/div>","protected":false},"excerpt":{"rendered":"<p>Formul\u00e9 avec 2% de BHA et 6 c\u00e9ramides, ce tonique \u00e9limine en douceur les cellules mortes de la peau et rajeunit votre teint. Faites l'exp\u00e9rience d'une transformation douce mais remarquable en d\u00e9voilant l'\u00e9clat naturel de votre peau. Texture l\u00e9g\u00e8re et rafra\u00eechissante, sans parfum. Cette formule apaise efficacement les barri\u00e8res cutan\u00e9es endommag\u00e9es.<\/p>","protected":false},"featured_media":11439,"comment_status":"open","ping_status":"closed","template":"","meta":{"om_disable_all_campaigns":false},"product_brand":[],"product_cat":[78,183,39],"product_tag":[],"class_list":{"0":"post-4764","1":"product","2":"type-product","3":"status-publish","4":"has-post-thumbnail","6":"product_cat-aha-bha","7":"product_cat-anua","8":"product_cat-face-toners","10":"first","11":"instock","12":"shipping-taxable","13":"purchasable","14":"product-type-simple"},"aioseo_notices":[],"jetpack_sharing_enabled":true,"_links":{"self":[{"href":"https:\/\/k-beautyci.com\/fr\/wp-json\/wp\/v2\/product\/4764","targetHints":{"allow":["GET"]}}],"collection":[{"href":"https:\/\/k-beautyci.com\/fr\/wp-json\/wp\/v2\/product"}],"about":[{"href":"https:\/\/k-beautyci.com\/fr\/wp-json\/wp\/v2\/types\/product"}],"replies":[{"embeddable":true,"href":"https:\/\/k-beautyci.com\/fr\/wp-json\/wp\/v2\/comments?post=4764"}],"wp:featuredmedia":[{"embeddable":true,"href":"https:\/\/k-beautyci.com\/fr\/wp-json\/wp\/v2\/media\/11439"}],"wp:attachment":[{"href":"https:\/\/k-beautyci.com\/fr\/wp-json\/wp\/v2\/media?parent=4764"}],"wp:term":[{"taxonomy":"product_brand","embeddable":true,"href":"https:\/\/k-beautyci.com\/fr\/wp-json\/wp\/v2\/product_brand?post=4764"},{"taxonomy":"product_cat","embeddable":true,"href":"https:\/\/k-beautyci.com\/fr\/wp-json\/wp\/v2\/product_cat?post=4764"},{"taxonomy":"product_tag","embeddable":true,"href":"https:\/\/k-beautyci.com\/fr\/wp-json\/wp\/v2\/product_tag?post=4764"}],"curies":[{"name":"wp","href":"https:\/\/api.w.org\/{rel}","templated":true}]}}