{"id":4759,"date":"2024-09-02T14:06:50","date_gmt":"2024-09-02T14:06:50","guid":{"rendered":"https:\/\/k-beautyci.com\/?post_type=product&#038;p=4759"},"modified":"2025-09-04T18:00:33","modified_gmt":"2025-09-04T18:00:33","slug":"anua-heartleaf-70-daily-lotion-200ml","status":"publish","type":"product","link":"https:\/\/k-beautyci.com\/fr\/produit\/anua-heartleaf-70-daily-lotion-200ml\/","title":{"rendered":"Anua Heartleaf 70% Daily Lotion 200ml"},"content":{"rendered":"<p>Comment l'utiliser :<\/p>\n<div class=\"description-item active\">\n<div class=\"body\">\n<p>Utiliser apr\u00e8s l'ampoule ou le s\u00e9rum dans votre routine de soins du matin et du soir. Appliquer une ou deux fois sur les doigts et lisser sur le visage et le cou.<\/p>\n<p>Avertissement : Pour usage externe uniquement. Toujours effectuer un test \u00e9picutan\u00e9. Cessez d'utiliser le produit si vous ressentez une quelconque g\u00eane. Suivre les instructions suppl\u00e9mentaires figurant sur l'emballage. Les r\u00e9sultats individuels peuvent varier.<\/p>\n<\/div>\n<\/div>\n<div class=\"description-item\">\n<h2 class=\"title\"><\/h2>\n<\/div>","protected":false},"excerpt":{"rendered":"<p>Pour les peaux s\u00e8ches et sensibles, cette lotion apporte une hydratation douce et durable \u00e0 la barri\u00e8re d'hydratation naturelle de votre peau. Formul\u00e9e avec 70 % d'extrait de feuille de c\u0153ur, la lotion offre une sensation apaisante et laisse votre peau rafra\u00eechie et ros\u00e9e.<\/p>","protected":false},"featured_media":4760,"comment_status":"open","ping_status":"closed","template":"","meta":{"om_disable_all_campaigns":false},"product_brand":[],"product_cat":[183,26,69],"product_tag":[],"class_list":{"0":"post-4759","1":"product","2":"type-product","3":"status-publish","4":"has-post-thumbnail","6":"product_cat-anua","7":"product_cat-face-moisturizer","8":"product_cat-hyaluronic-acid","10":"first","11":"outofstock","12":"sale","13":"shipping-taxable","14":"purchasable","15":"product-type-simple"},"aioseo_notices":[],"jetpack_sharing_enabled":true,"_links":{"self":[{"href":"https:\/\/k-beautyci.com\/fr\/wp-json\/wp\/v2\/product\/4759","targetHints":{"allow":["GET"]}}],"collection":[{"href":"https:\/\/k-beautyci.com\/fr\/wp-json\/wp\/v2\/product"}],"about":[{"href":"https:\/\/k-beautyci.com\/fr\/wp-json\/wp\/v2\/types\/product"}],"replies":[{"embeddable":true,"href":"https:\/\/k-beautyci.com\/fr\/wp-json\/wp\/v2\/comments?post=4759"}],"wp:featuredmedia":[{"embeddable":true,"href":"https:\/\/k-beautyci.com\/fr\/wp-json\/wp\/v2\/media\/4760"}],"wp:attachment":[{"href":"https:\/\/k-beautyci.com\/fr\/wp-json\/wp\/v2\/media?parent=4759"}],"wp:term":[{"taxonomy":"product_brand","embeddable":true,"href":"https:\/\/k-beautyci.com\/fr\/wp-json\/wp\/v2\/product_brand?post=4759"},{"taxonomy":"product_cat","embeddable":true,"href":"https:\/\/k-beautyci.com\/fr\/wp-json\/wp\/v2\/product_cat?post=4759"},{"taxonomy":"product_tag","embeddable":true,"href":"https:\/\/k-beautyci.com\/fr\/wp-json\/wp\/v2\/product_tag?post=4759"}],"curies":[{"name":"wp","href":"https:\/\/api.w.org\/{rel}","templated":true}]}}