{"id":4755,"date":"2024-09-02T15:45:35","date_gmt":"2024-09-02T15:45:35","guid":{"rendered":"https:\/\/k-beautyci.com\/?post_type=product&#038;p=4755"},"modified":"2026-02-17T01:46:05","modified_gmt":"2026-02-17T01:46:05","slug":"anua-peach-77-niacin-conditioning-milk","status":"publish","type":"product","link":"https:\/\/k-beautyci.com\/fr\/produit\/anua-peach-77-niacin-conditioning-milk\/","title":{"rendered":"Anua Peach 77 Niacin Conditioning Milk"},"content":{"rendered":"<p><b>Comment l'utiliser :<\/b><br \/>\n1. Appliquer une quantit\u00e9 suffisante sur le visage et tapoter d\u00e9licatement pour faire p\u00e9n\u00e9trer le produit.<\/p>\n<p>2. Appliquer plusieurs couches pour un soin hydratant intensif.<\/p>\n<p>Avertissement : Pour usage externe uniquement. Toujours effectuer un test \u00e9picutan\u00e9. Cessez d'utiliser le produit si vous ressentez une quelconque g\u00eane. Suivre les instructions suppl\u00e9mentaires figurant sur l'emballage. Les r\u00e9sultats individuels peuvent varier.<\/p>","protected":false},"excerpt":{"rendered":"<p>Formul\u00e9 avec 77 % d'extrait de fruit de p\u00eache, du c\u00e9ramide et trois types d'acide hyaluronique, ce lait revitalisant lisse et renforce la barri\u00e8re d'hydratation de la peau pour une peau saine. La formule lact\u00e9e contient de la vitamine B12 et de la niacinamide pour une peau claire et lumineuse. Convient \u00e0 tous les types de peau, y compris les peaux sensibles et s\u00e8ches. Apr\u00e8s avoir nettoy\u00e9 et tonifi\u00e9 la peau, appliquer une quantit\u00e9 suffisante sur le visage et tapoter d\u00e9licatement pour faciliter l'absorption.<\/p>","protected":false},"featured_media":4937,"comment_status":"open","ping_status":"closed","template":"","meta":{"om_disable_all_campaigns":false},"product_brand":[],"product_cat":[183,39,74],"product_tag":[],"class_list":{"0":"post-4755","1":"product","2":"type-product","3":"status-publish","4":"has-post-thumbnail","6":"product_cat-anua","7":"product_cat-face-toners","8":"product_cat-niacinamide","10":"first","11":"outofstock","12":"shipping-taxable","13":"purchasable","14":"product-type-simple"},"aioseo_notices":[],"jetpack_sharing_enabled":true,"_links":{"self":[{"href":"https:\/\/k-beautyci.com\/fr\/wp-json\/wp\/v2\/product\/4755","targetHints":{"allow":["GET"]}}],"collection":[{"href":"https:\/\/k-beautyci.com\/fr\/wp-json\/wp\/v2\/product"}],"about":[{"href":"https:\/\/k-beautyci.com\/fr\/wp-json\/wp\/v2\/types\/product"}],"replies":[{"embeddable":true,"href":"https:\/\/k-beautyci.com\/fr\/wp-json\/wp\/v2\/comments?post=4755"}],"wp:featuredmedia":[{"embeddable":true,"href":"https:\/\/k-beautyci.com\/fr\/wp-json\/wp\/v2\/media\/4937"}],"wp:attachment":[{"href":"https:\/\/k-beautyci.com\/fr\/wp-json\/wp\/v2\/media?parent=4755"}],"wp:term":[{"taxonomy":"product_brand","embeddable":true,"href":"https:\/\/k-beautyci.com\/fr\/wp-json\/wp\/v2\/product_brand?post=4755"},{"taxonomy":"product_cat","embeddable":true,"href":"https:\/\/k-beautyci.com\/fr\/wp-json\/wp\/v2\/product_cat?post=4755"},{"taxonomy":"product_tag","embeddable":true,"href":"https:\/\/k-beautyci.com\/fr\/wp-json\/wp\/v2\/product_tag?post=4755"}],"curies":[{"name":"wp","href":"https:\/\/api.w.org\/{rel}","templated":true}]}}