{"id":464,"date":"2023-03-07T21:14:53","date_gmt":"2023-03-07T21:14:53","guid":{"rendered":"https:\/\/k-beautyci.com\/?post_type=product&#038;p=464"},"modified":"2025-11-10T16:08:04","modified_gmt":"2025-11-10T16:08:04","slug":"skin-aqua-uv-super-moisture-gel-spf-50-pa","status":"publish","type":"product","link":"https:\/\/k-beautyci.com\/fr\/produit\/skin-aqua-uv-super-moisture-gel-spf-50-pa\/","title":{"rendered":"Skin Aqua Uv Super Moisture Gel Spf 50 Pa+++ Version"},"content":{"rendered":"<p>Comment l'utiliser :<\/p>\n<p>Appliquez-le apr\u00e8s avoir nettoy\u00e9 et tonifi\u00e9 votre peau, en derni\u00e8re \u00e9tape de votre programme de soins. Avant de renouveler l'application au cours de la journ\u00e9e, s\u00e9cher la peau et absorber l'exc\u00e8s de s\u00e9bum pour une meilleure application. Peut \u00eatre utilis\u00e9 quotidiennement et sous le maquillage comme le maquillage.<\/p>\n<p>&nbsp;<\/p>\n<p>Avertissement : Pour usage externe uniquement. Toujours effectuer un test \u00e9picutan\u00e9. Cessez d'utiliser le produit si vous ressentez une quelconque g\u00eane. Suivre les instructions suppl\u00e9mentaires figurant sur l'emballage. Les r\u00e9sultats individuels peuvent varier.<\/p>","protected":false},"excerpt":{"rendered":"<p>How to Use: Apply it after cleansing and toning as the last step of skincare regimen. Prior to re-application during the day, dry the skin and absorb excess sebum for better application. Can be used daily and under makeup as makeup. &nbsp; For external use only. Always patch test. Discontinue use if you feel any [&hellip;]<\/p>\n","protected":false},"featured_media":1387,"comment_status":"open","ping_status":"closed","template":"","meta":{"om_disable_all_campaigns":false},"product_brand":[],"product_cat":[132,77],"product_tag":[],"class_list":{"0":"post-464","1":"product","2":"type-product","3":"status-publish","4":"has-post-thumbnail","6":"product_cat-rohto-mentholatum","7":"product_cat-spf-50","9":"first","10":"instock","11":"sale","12":"shipping-taxable","13":"purchasable","14":"product-type-variable"},"aioseo_notices":[],"jetpack_sharing_enabled":true,"_links":{"self":[{"href":"https:\/\/k-beautyci.com\/fr\/wp-json\/wp\/v2\/product\/464","targetHints":{"allow":["GET"]}}],"collection":[{"href":"https:\/\/k-beautyci.com\/fr\/wp-json\/wp\/v2\/product"}],"about":[{"href":"https:\/\/k-beautyci.com\/fr\/wp-json\/wp\/v2\/types\/product"}],"replies":[{"embeddable":true,"href":"https:\/\/k-beautyci.com\/fr\/wp-json\/wp\/v2\/comments?post=464"}],"wp:featuredmedia":[{"embeddable":true,"href":"https:\/\/k-beautyci.com\/fr\/wp-json\/wp\/v2\/media\/1387"}],"wp:attachment":[{"href":"https:\/\/k-beautyci.com\/fr\/wp-json\/wp\/v2\/media?parent=464"}],"wp:term":[{"taxonomy":"product_brand","embeddable":true,"href":"https:\/\/k-beautyci.com\/fr\/wp-json\/wp\/v2\/product_brand?post=464"},{"taxonomy":"product_cat","embeddable":true,"href":"https:\/\/k-beautyci.com\/fr\/wp-json\/wp\/v2\/product_cat?post=464"},{"taxonomy":"product_tag","embeddable":true,"href":"https:\/\/k-beautyci.com\/fr\/wp-json\/wp\/v2\/product_tag?post=464"}],"curies":[{"name":"wp","href":"https:\/\/api.w.org\/{rel}","templated":true}]}}