{"id":462,"date":"2023-03-07T13:49:15","date_gmt":"2023-03-07T13:49:15","guid":{"rendered":"https:\/\/k-beautyci.com\/?post_type=product&#038;p=462"},"modified":"2026-02-15T19:10:41","modified_gmt":"2026-02-15T19:10:41","slug":"nivea-japan-uv-super-water-gel-spf50-pa-140g","status":"publish","type":"product","link":"https:\/\/k-beautyci.com\/fr\/produit\/nivea-japan-uv-super-water-gel-spf50-pa-140g\/","title":{"rendered":"NIVEA Japan &#8211; UV Super Water Gel SPF50 PA+++"},"content":{"rendered":"<p>D\u00e9tails<\/p>\n<ul>\n<li>Un gel UV semblable \u00e0 un toner avec une sensation de fra\u00eecheur qui prot\u00e8ge en douceur votre peau nue des rayons UV quotidiens et des rayons UV puissants.<\/li>\n<li>Pr\u00e9vient les dommages tels que le dess\u00e8chement caus\u00e9 par les rayons ultraviolets et les taches et taches de rousseur caus\u00e9es par les coups de soleil.<\/li>\n<li>Il peut \u00e9galement \u00eatre utilis\u00e9 comme base de maquillage.<\/li>\n<li>Sans parfum ni colorant.<\/li>\n<li>Pour le visage et le corps.<\/li>\n<\/ul>\n<p>Avertissement : Pour usage externe uniquement. Toujours effectuer un test \u00e9picutan\u00e9. Cessez d'utiliser le produit si vous ressentez une quelconque g\u00eane. Suivre les instructions suppl\u00e9mentaires figurant sur l'emballage. Les r\u00e9sultats individuels peuvent varier.<\/p>","protected":false},"excerpt":{"rendered":"<p>Cette cr\u00e8me solaire offre une protection SPF 50 PA+++ pour \u00e9loigner les coups de soleil, les taches de rousseur et les taches brunes. Sans parfum ni colorant, elle se pr\u00e9sente sous la forme d'une texture rafra\u00eechissante, semblable \u00e0 celle d'un tonique. Le produit sert \u00e9galement de base de maquillage.<\/p>","protected":false},"featured_media":463,"comment_status":"open","ping_status":"closed","template":"","meta":{"om_disable_all_campaigns":false},"product_brand":[],"product_cat":[77],"product_tag":[],"class_list":{"0":"post-462","1":"product","2":"type-product","3":"status-publish","4":"has-post-thumbnail","6":"product_cat-spf-50","8":"first","9":"instock","10":"shipping-taxable","11":"purchasable","12":"product-type-variable"},"aioseo_notices":[],"jetpack_sharing_enabled":true,"_links":{"self":[{"href":"https:\/\/k-beautyci.com\/fr\/wp-json\/wp\/v2\/product\/462","targetHints":{"allow":["GET"]}}],"collection":[{"href":"https:\/\/k-beautyci.com\/fr\/wp-json\/wp\/v2\/product"}],"about":[{"href":"https:\/\/k-beautyci.com\/fr\/wp-json\/wp\/v2\/types\/product"}],"replies":[{"embeddable":true,"href":"https:\/\/k-beautyci.com\/fr\/wp-json\/wp\/v2\/comments?post=462"}],"wp:featuredmedia":[{"embeddable":true,"href":"https:\/\/k-beautyci.com\/fr\/wp-json\/wp\/v2\/media\/463"}],"wp:attachment":[{"href":"https:\/\/k-beautyci.com\/fr\/wp-json\/wp\/v2\/media?parent=462"}],"wp:term":[{"taxonomy":"product_brand","embeddable":true,"href":"https:\/\/k-beautyci.com\/fr\/wp-json\/wp\/v2\/product_brand?post=462"},{"taxonomy":"product_cat","embeddable":true,"href":"https:\/\/k-beautyci.com\/fr\/wp-json\/wp\/v2\/product_cat?post=462"},{"taxonomy":"product_tag","embeddable":true,"href":"https:\/\/k-beautyci.com\/fr\/wp-json\/wp\/v2\/product_tag?post=462"}],"curies":[{"name":"wp","href":"https:\/\/api.w.org\/{rel}","templated":true}]}}