{"id":460,"date":"2023-03-07T13:38:35","date_gmt":"2023-03-07T13:38:35","guid":{"rendered":"https:\/\/k-beautyci.com\/?post_type=product&#038;p=460"},"modified":"2026-04-28T00:30:18","modified_gmt":"2026-04-28T00:30:18","slug":"hatomugi-the-uv-moisturizing-milky-gel-spf-50-pa-250ml","status":"publish","type":"product","link":"https:\/\/k-beautyci.com\/fr\/produit\/hatomugi-the-uv-moisturizing-milky-gel-spf-50-pa-250ml\/","title":{"rendered":"Hatomugi The UV &amp; Moisturizing Milky Gel SPF 50+ Pa++++ 250ml"},"content":{"rendered":"<p><strong>Details:<\/strong><\/p>\n<ul>\n<li>Il s'agit du gel solaire qui contient de l'extrait d'Hatomugi (graines de coix), un composant hydratant naturel. Il aide \u00e0 prot\u00e9ger la peau contre les dommages caus\u00e9s par les coups de soleil.<\/li>\n<li>Contient de l'extrait d'Hatomugi et de l'acide hyaluronique qui prot\u00e8gent la peau des rayons UV et du dess\u00e8chement.&nbsp;<\/li>\n<\/ul>\n<p><b>Comment l'utiliser :<\/b><\/p>\n<ul>\n<li>Pr\u00e9lever la quantit\u00e9 n\u00e9cessaire et l'appliquer uniform\u00e9ment sur la peau.<\/li>\n<\/ul>\n<p>Avertissement : Pour usage externe uniquement. Toujours effectuer un test \u00e9picutan\u00e9. Cessez d'utiliser le produit si vous ressentez une quelconque g\u00eane. Suivre les instructions suppl\u00e9mentaires figurant sur l'emballage. Les r\u00e9sultats individuels peuvent varier.<\/p>","protected":false},"excerpt":{"rendered":"<p>Il prot\u00e8ge la peau des rayons UV nocifs tout en la soignant. Sa formule unique contient de l'extrait de graines de coix qui hydrate parfaitement et \u00e9claircit le teint, tout en pr\u00e9venant la formation de boutons et d'imperfections cutan\u00e9es.<\/p>","protected":false},"featured_media":461,"comment_status":"open","ping_status":"closed","template":"","meta":{"om_disable_all_campaigns":false},"product_brand":[],"product_cat":[77],"product_tag":[],"class_list":{"0":"post-460","1":"product","2":"type-product","3":"status-publish","4":"has-post-thumbnail","6":"product_cat-spf-50","8":"first","9":"instock","10":"shipping-taxable","11":"purchasable","12":"product-type-simple"},"aioseo_notices":[],"jetpack_sharing_enabled":true,"_links":{"self":[{"href":"https:\/\/k-beautyci.com\/fr\/wp-json\/wp\/v2\/product\/460","targetHints":{"allow":["GET"]}}],"collection":[{"href":"https:\/\/k-beautyci.com\/fr\/wp-json\/wp\/v2\/product"}],"about":[{"href":"https:\/\/k-beautyci.com\/fr\/wp-json\/wp\/v2\/types\/product"}],"replies":[{"embeddable":true,"href":"https:\/\/k-beautyci.com\/fr\/wp-json\/wp\/v2\/comments?post=460"}],"wp:featuredmedia":[{"embeddable":true,"href":"https:\/\/k-beautyci.com\/fr\/wp-json\/wp\/v2\/media\/461"}],"wp:attachment":[{"href":"https:\/\/k-beautyci.com\/fr\/wp-json\/wp\/v2\/media?parent=460"}],"wp:term":[{"taxonomy":"product_brand","embeddable":true,"href":"https:\/\/k-beautyci.com\/fr\/wp-json\/wp\/v2\/product_brand?post=460"},{"taxonomy":"product_cat","embeddable":true,"href":"https:\/\/k-beautyci.com\/fr\/wp-json\/wp\/v2\/product_cat?post=460"},{"taxonomy":"product_tag","embeddable":true,"href":"https:\/\/k-beautyci.com\/fr\/wp-json\/wp\/v2\/product_tag?post=460"}],"curies":[{"name":"wp","href":"https:\/\/api.w.org\/{rel}","templated":true}]}}