{"id":4582,"date":"2024-07-15T08:07:53","date_gmt":"2024-07-15T08:07:53","guid":{"rendered":"https:\/\/k-beautyci.com\/?post_type=product&#038;p=4582"},"modified":"2025-12-28T14:04:43","modified_gmt":"2025-12-28T14:04:43","slug":"dr-ceuracle-hyal-reyouth-moist-sun","status":"publish","type":"product","link":"https:\/\/k-beautyci.com\/fr\/produit\/dr-ceuracle-hyal-reyouth-moist-sun\/","title":{"rendered":"Dr.Ceuracle Hyal Reyouth Moist Sun"},"content":{"rendered":"<p>Comment l'utiliser :<strong><br \/>\n<\/strong><\/p>\n<ul>\n<li>Appliquer \u00e0 la derni\u00e8re \u00e9tape du soin de la peau, 15 minutes avant l'exposition au soleil.<\/li>\n<li>Appliquer une quantit\u00e9 de la taille d'un doigt en 2 ou 3 fois.<\/li>\n<li>Renouveler l'application fr\u00e9quemment si n\u00e9cessaire.<\/li>\n<\/ul>\n<div class=\"description-item active\">\n<div class=\"body\">\n<p>Avertissement : Pour usage externe uniquement. Toujours effectuer un test \u00e9picutan\u00e9. Cessez d'utiliser le produit si vous ressentez une quelconque g\u00eane. Suivre les instructions suppl\u00e9mentaires figurant sur l'emballage. Les r\u00e9sultats individuels peuvent varier.<\/p>\n<\/div>\n<\/div>\n<div class=\"description-item\">\n<h2 class=\"title\"><\/h2>\n<\/div>","protected":false},"excerpt":{"rendered":"<p>Hyal Reyouth Moist Sun est un excellent \u00e9cran solaire biologique SPF50+ PA++++ qui va au-del\u00e0 de la simple protection solaire. Enrichie d'un puissant m\u00e9lange de fructanes et de dix types d'acide hyaluronique, cette cr\u00e8me solaire prot\u00e8ge non seulement votre peau des rayons UV nocifs, mais travaille \u00e9galement sans rel\u00e2che pour hydrater votre peau en profondeur et durablement.<br \/>\nCette formule innovante retient l'humidit\u00e9 et laisse la peau souple, rebondie et incroyablement nourrie. Dites adieu \u00e0 la peau s\u00e8che et terne et adoptez un teint radieux et revitalis\u00e9, \u00e9clatant de sant\u00e9 et de vitalit\u00e9.<br \/>\nRenforcer les d\u00e9fenses naturelles de votre peau est une priorit\u00e9 absolue, et c'est pourquoi le duo dynamique du panth\u00e9nol et du niacinamide a \u00e9t\u00e9 incorpor\u00e9 dans le m\u00e9lange. Ensemble, ils fortifient la barri\u00e8re d'hydratation de votre peau, la prot\u00e9geant des agressions ext\u00e9rieures tout en am\u00e9liorant sa capacit\u00e9 \u00e0 retenir l'humidit\u00e9. R\u00e9sultat ? Une peau magnifiquement prot\u00e9g\u00e9e et naturellement \u00e9clatante.<\/p>","protected":false},"featured_media":4586,"comment_status":"open","ping_status":"closed","template":"","meta":{"om_disable_all_campaigns":false},"product_brand":[],"product_cat":[189,77],"product_tag":[],"class_list":{"0":"post-4582","1":"product","2":"type-product","3":"status-publish","4":"has-post-thumbnail","6":"product_cat-dr-ceracule","7":"product_cat-spf-50","9":"first","10":"outofstock","11":"sale","12":"shipping-taxable","13":"purchasable","14":"product-type-simple"},"aioseo_notices":[],"jetpack_sharing_enabled":true,"_links":{"self":[{"href":"https:\/\/k-beautyci.com\/fr\/wp-json\/wp\/v2\/product\/4582","targetHints":{"allow":["GET"]}}],"collection":[{"href":"https:\/\/k-beautyci.com\/fr\/wp-json\/wp\/v2\/product"}],"about":[{"href":"https:\/\/k-beautyci.com\/fr\/wp-json\/wp\/v2\/types\/product"}],"replies":[{"embeddable":true,"href":"https:\/\/k-beautyci.com\/fr\/wp-json\/wp\/v2\/comments?post=4582"}],"wp:featuredmedia":[{"embeddable":true,"href":"https:\/\/k-beautyci.com\/fr\/wp-json\/wp\/v2\/media\/4586"}],"wp:attachment":[{"href":"https:\/\/k-beautyci.com\/fr\/wp-json\/wp\/v2\/media?parent=4582"}],"wp:term":[{"taxonomy":"product_brand","embeddable":true,"href":"https:\/\/k-beautyci.com\/fr\/wp-json\/wp\/v2\/product_brand?post=4582"},{"taxonomy":"product_cat","embeddable":true,"href":"https:\/\/k-beautyci.com\/fr\/wp-json\/wp\/v2\/product_cat?post=4582"},{"taxonomy":"product_tag","embeddable":true,"href":"https:\/\/k-beautyci.com\/fr\/wp-json\/wp\/v2\/product_tag?post=4582"}],"curies":[{"name":"wp","href":"https:\/\/api.w.org\/{rel}","templated":true}]}}