{"id":458,"date":"2023-03-07T13:08:22","date_gmt":"2023-03-07T13:08:22","guid":{"rendered":"https:\/\/k-beautyci.com\/?post_type=product&#038;p=458"},"modified":"2023-05-26T07:56:46","modified_gmt":"2023-05-26T07:56:46","slug":"hadalabo-gokujun-cleansing-oil-200ml","status":"publish","type":"product","link":"https:\/\/k-beautyci.com\/fr\/produit\/hadalabo-gokujun-cleansing-oil-200ml\/","title":{"rendered":"Hadalabo Gokujun Cleansing Oil 200ml"},"content":{"rendered":"<div class=\"product__accordion-block\" data-block-name=\"description\">\n<div id=\"accordion-panel-1\" class=\"accordion__panel show-panel\" role=\"region\" aria-labelledby=\"accordion-trigger-1\">\n<div class=\"accordion__body rte\">\n<p>Hada Labo Gokujyun Oil Cleansing est une huile nettoyante japonaise tr\u00e8s efficace, formul\u00e9e avec de l'huile d'olive et deux types d'acide hyaluronique pour maintenir l'hydratation de la peau. Cette huile nettoyante \u00e9limine sans effort toute trace de maquillage, y compris le mascara waterproof.<\/p>\n<p>L'acide hyaluronique est une substance naturelle pr\u00e9sente dans le corps humain qui attire et retient l'eau. Il peut contenir jusqu'\u00e0 1 000 fois son propre poids en eau, jouant ainsi un r\u00f4le important dans le maintien d'une peau lisse et rebondie.<\/p>\n<p>Hado Labo est l'une des marques de soins de la peau les plus vendues au Japon. Cr\u00e9\u00e9e au Japon par Rohto Pharmaceuticals en 2004, la marque promet des soins de la peau tr\u00e8s efficaces, tout en \u00e9liminant tous les ingr\u00e9dients et additifs superflus.<\/p>\n<p>Sans alcool, sans parfum, sans colorant, sans huile min\u00e9rale.<\/p>\n<p>&nbsp;<\/p>\n<\/div>\n<\/div>\n<\/div>\n<div class=\"product__accordion-block\" data-block-name=\"instructions\">\n<div class=\"accordion__label\" role=\"heading\">Comment l'utiliser :<\/div>\n<div id=\"accordion-panel-2\" class=\"accordion__panel show-panel\" role=\"region\" aria-labelledby=\"accordion-trigger-2\">\n<div class=\"accordion__body rte\">\n<ol>\n<li>Utilisation recommand\u00e9e sur peau s\u00e8che.<\/li>\n<li>Pr\u00e9lever 2 \u00e0 3 pressions et masser d\u00e9licatement le visage pour dissoudre le maquillage.<\/li>\n<li>Rincer abondamment \u00e0 l'eau ti\u00e8de.<\/li>\n<\/ol>\n<\/div>\n<\/div>\n<\/div>","protected":false},"excerpt":{"rendered":"<p>\u00c9limine les \u00e9crans solaires, le maquillage lourd et le maquillage r\u00e9sistant \u00e0 l'eau gr\u00e2ce \u00e0 un m\u00e9lange d'huiles de beaut\u00e9 de haute puret\u00e9, tout en hydratant d\u00e9licatement la peau gr\u00e2ce \u00e0 l'acide super hyaluronique. La peau est douce, lisse et non grasse. Formule \u00e0 base d'huile.<\/p>","protected":false},"featured_media":459,"comment_status":"open","ping_status":"closed","template":"","meta":{"om_disable_all_campaigns":false},"product_brand":[],"product_cat":[42,35,99,69,63,66,41,36],"product_tag":[],"class_list":{"0":"post-458","1":"product","2":"type-product","3":"status-publish","4":"has-post-thumbnail","6":"product_cat-dry-skin","7":"product_cat-face-cleansers","8":"product_cat-hada-labo","9":"product_cat-hyaluronic-acid","10":"product_cat-makeup-removers","11":"product_cat-normal-combination-skin","12":"product_cat-oily-skin","13":"product_cat-sensitive-skin","15":"first","16":"outofstock","17":"shipping-taxable","18":"purchasable","19":"product-type-simple"},"aioseo_notices":[],"jetpack_sharing_enabled":true,"_links":{"self":[{"href":"https:\/\/k-beautyci.com\/fr\/wp-json\/wp\/v2\/product\/458","targetHints":{"allow":["GET"]}}],"collection":[{"href":"https:\/\/k-beautyci.com\/fr\/wp-json\/wp\/v2\/product"}],"about":[{"href":"https:\/\/k-beautyci.com\/fr\/wp-json\/wp\/v2\/types\/product"}],"replies":[{"embeddable":true,"href":"https:\/\/k-beautyci.com\/fr\/wp-json\/wp\/v2\/comments?post=458"}],"wp:featuredmedia":[{"embeddable":true,"href":"https:\/\/k-beautyci.com\/fr\/wp-json\/wp\/v2\/media\/459"}],"wp:attachment":[{"href":"https:\/\/k-beautyci.com\/fr\/wp-json\/wp\/v2\/media?parent=458"}],"wp:term":[{"taxonomy":"product_brand","embeddable":true,"href":"https:\/\/k-beautyci.com\/fr\/wp-json\/wp\/v2\/product_brand?post=458"},{"taxonomy":"product_cat","embeddable":true,"href":"https:\/\/k-beautyci.com\/fr\/wp-json\/wp\/v2\/product_cat?post=458"},{"taxonomy":"product_tag","embeddable":true,"href":"https:\/\/k-beautyci.com\/fr\/wp-json\/wp\/v2\/product_tag?post=458"}],"curies":[{"name":"wp","href":"https:\/\/api.w.org\/{rel}","templated":true}]}}