{"id":456,"date":"2023-03-07T12:57:35","date_gmt":"2023-03-07T12:57:35","guid":{"rendered":"https:\/\/k-beautyci.com\/?post_type=product&#038;p=456"},"modified":"2023-03-07T12:57:35","modified_gmt":"2023-03-07T12:57:35","slug":"hada-labo-koi-gokujyun-uv-white-gel-spf-50-pa","status":"publish","type":"product","link":"https:\/\/k-beautyci.com\/fr\/produit\/hada-labo-koi-gokujyun-uv-white-gel-spf-50-pa\/","title":{"rendered":"Hada Labo Koi-Gokujyun UV White Gel SPF 50+ PA++++"},"content":{"rendered":"<p><b>Avantages :<\/b><\/p>\n<ul>\n<li>Le gel l\u00e9ger est dot\u00e9 d'une protection solaire SPF 50+ PA++++ et contient diff\u00e9rents types d'agents hydratants, de l'acide hyaluronique ainsi qu'un d\u00e9riv\u00e9 de la vitamine C pour hydrater la peau tout en rehaussant son \u00e9clat.<\/li>\n<li>Le gel hydrate la peau en profondeur et sa texture l\u00e9g\u00e8re le rend id\u00e9al pour une utilisation par temps chaud.<\/li>\n<li>Cette formule innovante est \u00e0 la fois un tonique, une essence, une \u00e9mulsion, une cr\u00e8me, un \u00e9cran solaire et une base de maquillage.<\/li>\n<li>En tant que base de maquillage, il laisse un fini lisse et magnifique.<\/li>\n<li>La formule est exempte de parfums, de colorants artificiels et d'huiles min\u00e9rales, ce qui la rend douce pour la peau.<\/li>\n<\/ul>\n<p><b>Comment l'utiliser :<\/b><\/p>\n<ul>\n<li>Le matin, pr\u00e9lever une quantit\u00e9 suffisante et l'appliquer sur le visage nettoy\u00e9.<\/li>\n<li>Peut \u00eatre utilis\u00e9 en combinaison avec d'autres produits de soins de la peau.<\/li>\n<\/ul>\n<p>Effectuez toujours un test \u00e9picutan\u00e9. Cessez d'utiliser le produit si vous ressentez une quelconque g\u00eane. Suivre les instructions suppl\u00e9mentaires figurant sur l'emballage. Les r\u00e9sultats individuels peuvent varier.<\/p>","protected":false},"excerpt":{"rendered":"<p>Formul\u00e9 avec un indice de protection \u00e9lev\u00e9 SPF 50+ PA++++ pour une protection contre l'exposition au soleil, ce gel l\u00e9ger maintient la peau hydrat\u00e9e et radieuse gr\u00e2ce \u00e0 l'acide hyaluronique et \u00e0 la vitamine C. La texture du gel est suffisamment l\u00e9g\u00e8re pour \u00eatre utilis\u00e9e comme hydratant, s\u00e9rum de beaut\u00e9 ou base de maquillage.<\/p>","protected":false},"featured_media":457,"comment_status":"open","ping_status":"closed","template":"","meta":{"om_disable_all_campaigns":false},"product_brand":[],"product_cat":[42,99,69,66,77,72],"product_tag":[],"class_list":{"0":"post-456","1":"product","2":"type-product","3":"status-publish","4":"has-post-thumbnail","6":"product_cat-dry-skin","7":"product_cat-hada-labo","8":"product_cat-hyaluronic-acid","9":"product_cat-normal-combination-skin","10":"product_cat-spf-50","11":"product_cat-vitamin-c","13":"first","14":"outofstock","15":"shipping-taxable","16":"purchasable","17":"product-type-simple"},"aioseo_notices":[],"jetpack_sharing_enabled":true,"_links":{"self":[{"href":"https:\/\/k-beautyci.com\/fr\/wp-json\/wp\/v2\/product\/456","targetHints":{"allow":["GET"]}}],"collection":[{"href":"https:\/\/k-beautyci.com\/fr\/wp-json\/wp\/v2\/product"}],"about":[{"href":"https:\/\/k-beautyci.com\/fr\/wp-json\/wp\/v2\/types\/product"}],"replies":[{"embeddable":true,"href":"https:\/\/k-beautyci.com\/fr\/wp-json\/wp\/v2\/comments?post=456"}],"wp:featuredmedia":[{"embeddable":true,"href":"https:\/\/k-beautyci.com\/fr\/wp-json\/wp\/v2\/media\/457"}],"wp:attachment":[{"href":"https:\/\/k-beautyci.com\/fr\/wp-json\/wp\/v2\/media?parent=456"}],"wp:term":[{"taxonomy":"product_brand","embeddable":true,"href":"https:\/\/k-beautyci.com\/fr\/wp-json\/wp\/v2\/product_brand?post=456"},{"taxonomy":"product_cat","embeddable":true,"href":"https:\/\/k-beautyci.com\/fr\/wp-json\/wp\/v2\/product_cat?post=456"},{"taxonomy":"product_tag","embeddable":true,"href":"https:\/\/k-beautyci.com\/fr\/wp-json\/wp\/v2\/product_tag?post=456"}],"curies":[{"name":"wp","href":"https:\/\/api.w.org\/{rel}","templated":true}]}}