{"id":4552,"date":"2024-07-08T14:46:10","date_gmt":"2024-07-08T14:46:10","guid":{"rendered":"https:\/\/k-beautyci.com\/?post_type=product&#038;p=4552"},"modified":"2026-02-06T19:31:40","modified_gmt":"2026-02-06T19:31:40","slug":"tocobo-cica-cooling-sun-stick-spf50-pa","status":"publish","type":"product","link":"https:\/\/k-beautyci.com\/fr\/produit\/tocobo-cica-cooling-sun-stick-spf50-pa\/","title":{"rendered":"TOCOBO Cica Cooling Sun Stick SPF50+ PA++++"},"content":{"rendered":"<p class=\"accordion-toggle is-open\" data-focus-element=\"\" data-accordion-toggle=\"\" data-block-id=\"tabs-1\">Comment l'utiliser<\/p>\n<div class=\"rte accordion-content\" data-accordion-body=\"\">\n<p><span class=\"metafield-multi_line_text_field\">Au dernier stade des soins de la peau, appliquer l\u00e9g\u00e8rement sur les zones expos\u00e9es au soleil. Portez-la sur vous et appliquez-la fr\u00e9quemment.<\/span><\/p>\n<p>Avertissement : Pour usage externe uniquement. Toujours effectuer un test \u00e9picutan\u00e9. Cessez d'utiliser le produit si vous ressentez une quelconque g\u00eane. Suivre les instructions suppl\u00e9mentaires figurant sur l'emballage. Les r\u00e9sultats individuels peuvent varier.<\/p>\n<\/div>","protected":false},"excerpt":{"rendered":"<p>Contenant du complexe de cica ferment\u00e9 \u00e0 faible poids mol\u00e9culaire, de l'acide hyaluronique \u00e0 10 couches et de la poudre de menthe des champs : ce stick solaire rafra\u00eechissant et apaisant, non collant et hydratant, de type multi-baume, aide \u00e0 apaiser et \u00e0 hydrater la peau. Il apaise, hydrate et g\u00e8re simultan\u00e9ment le s\u00e9bum et l'huile. Il peut \u00eatre utilis\u00e9 en toute s\u00e9curit\u00e9 sur les peaux sensibles et sujettes \u00e0 l'acn\u00e9, qui ont du mal \u00e0 choisir un soin solaire.<\/p>","protected":false},"featured_media":4556,"comment_status":"open","ping_status":"closed","template":"","meta":{"om_disable_all_campaigns":false},"product_brand":[],"product_cat":[77,95],"product_tag":[],"class_list":{"0":"post-4552","1":"product","2":"type-product","3":"status-publish","4":"has-post-thumbnail","6":"product_cat-spf-50","7":"product_cat-tocobo","9":"first","10":"outofstock","11":"shipping-taxable","12":"purchasable","13":"product-type-simple"},"aioseo_notices":[],"jetpack_sharing_enabled":true,"_links":{"self":[{"href":"https:\/\/k-beautyci.com\/fr\/wp-json\/wp\/v2\/product\/4552","targetHints":{"allow":["GET"]}}],"collection":[{"href":"https:\/\/k-beautyci.com\/fr\/wp-json\/wp\/v2\/product"}],"about":[{"href":"https:\/\/k-beautyci.com\/fr\/wp-json\/wp\/v2\/types\/product"}],"replies":[{"embeddable":true,"href":"https:\/\/k-beautyci.com\/fr\/wp-json\/wp\/v2\/comments?post=4552"}],"wp:featuredmedia":[{"embeddable":true,"href":"https:\/\/k-beautyci.com\/fr\/wp-json\/wp\/v2\/media\/4556"}],"wp:attachment":[{"href":"https:\/\/k-beautyci.com\/fr\/wp-json\/wp\/v2\/media?parent=4552"}],"wp:term":[{"taxonomy":"product_brand","embeddable":true,"href":"https:\/\/k-beautyci.com\/fr\/wp-json\/wp\/v2\/product_brand?post=4552"},{"taxonomy":"product_cat","embeddable":true,"href":"https:\/\/k-beautyci.com\/fr\/wp-json\/wp\/v2\/product_cat?post=4552"},{"taxonomy":"product_tag","embeddable":true,"href":"https:\/\/k-beautyci.com\/fr\/wp-json\/wp\/v2\/product_tag?post=4552"}],"curies":[{"name":"wp","href":"https:\/\/api.w.org\/{rel}","templated":true}]}}