{"id":4531,"date":"2024-07-08T18:58:07","date_gmt":"2024-07-08T18:58:07","guid":{"rendered":"https:\/\/k-beautyci.com\/?post_type=product&#038;p=4531"},"modified":"2025-08-07T15:28:47","modified_gmt":"2025-08-07T15:28:47","slug":"by-wishtrend-pore-smoothing-bakuchiol-sun-stick","status":"publish","type":"product","link":"https:\/\/k-beautyci.com\/fr\/produit\/by-wishtrend-pore-smoothing-bakuchiol-sun-stick\/","title":{"rendered":"BY WISHTREND  Pore Smoothing Bakuchiol Sun Stick"},"content":{"rendered":"<p>Comment l'utiliser :<\/p>\n<p>Tordre, glisser, prot\u00e9ger !<br \/>\n- Appliquer uniform\u00e9ment apr\u00e8s la cr\u00e8me hydratante et avant le maquillage.<br \/>\n- Pour les activit\u00e9s de plein air, renouveler fr\u00e9quemment l'application pour maintenir la protection.<br \/>\n- Tourner le fond du r\u00e9cipient pour soulever le b\u00e2ton.<\/p>\n<p>Avertissement : Pour usage externe uniquement. Toujours effectuer un test \u00e9picutan\u00e9. Cessez d'utiliser le produit si vous ressentez une quelconque g\u00eane. Suivre les instructions suppl\u00e9mentaires figurant sur l'emballage. Les r\u00e9sultats individuels peuvent varier.<\/p>","protected":false},"excerpt":{"rendered":"<p>D\u00e9couvrez un toucher mat et doux sans effet gras, collant ou blanc. Il pr\u00e9pare parfaitement la peau pour que le maquillage reste impeccable toute la journ\u00e9e gr\u00e2ce \u00e0 ses effets lissants sur les pores et le grain de peau. Le stick solaire Pore Smoothing Bakuchiol offre une protection SPF50+ PA++++ contre les rayons UV nocifs tout en lissant les pores et en am\u00e9liorant la texture de la peau pour une application de maquillage impeccable.<\/p>","protected":false},"featured_media":4549,"comment_status":"open","ping_status":"closed","template":"","meta":{"om_disable_all_campaigns":false},"product_brand":[],"product_cat":[179,74,77],"product_tag":[],"class_list":{"0":"post-4531","1":"product","2":"type-product","3":"status-publish","4":"has-post-thumbnail","6":"product_cat-wishtrend","7":"product_cat-niacinamide","8":"product_cat-spf-50","10":"first","11":"outofstock","12":"sale","13":"shipping-taxable","14":"purchasable","15":"product-type-simple"},"aioseo_notices":[],"jetpack_sharing_enabled":true,"_links":{"self":[{"href":"https:\/\/k-beautyci.com\/fr\/wp-json\/wp\/v2\/product\/4531","targetHints":{"allow":["GET"]}}],"collection":[{"href":"https:\/\/k-beautyci.com\/fr\/wp-json\/wp\/v2\/product"}],"about":[{"href":"https:\/\/k-beautyci.com\/fr\/wp-json\/wp\/v2\/types\/product"}],"replies":[{"embeddable":true,"href":"https:\/\/k-beautyci.com\/fr\/wp-json\/wp\/v2\/comments?post=4531"}],"wp:featuredmedia":[{"embeddable":true,"href":"https:\/\/k-beautyci.com\/fr\/wp-json\/wp\/v2\/media\/4549"}],"wp:attachment":[{"href":"https:\/\/k-beautyci.com\/fr\/wp-json\/wp\/v2\/media?parent=4531"}],"wp:term":[{"taxonomy":"product_brand","embeddable":true,"href":"https:\/\/k-beautyci.com\/fr\/wp-json\/wp\/v2\/product_brand?post=4531"},{"taxonomy":"product_cat","embeddable":true,"href":"https:\/\/k-beautyci.com\/fr\/wp-json\/wp\/v2\/product_cat?post=4531"},{"taxonomy":"product_tag","embeddable":true,"href":"https:\/\/k-beautyci.com\/fr\/wp-json\/wp\/v2\/product_tag?post=4531"}],"curies":[{"name":"wp","href":"https:\/\/api.w.org\/{rel}","templated":true}]}}