{"id":4525,"date":"2024-07-08T22:06:47","date_gmt":"2024-07-08T22:06:47","guid":{"rendered":"https:\/\/k-beautyci.com\/?post_type=product&#038;p=4525"},"modified":"2025-10-19T00:44:32","modified_gmt":"2025-10-19T00:44:32","slug":"isntree-onion-fresh-light-sun-stick","status":"publish","type":"product","link":"https:\/\/k-beautyci.com\/fr\/produit\/isntree-onion-fresh-light-sun-stick\/","title":{"rendered":"Isntree Onion Fresh Light Sun Stick"},"content":{"rendered":"<p>Comment l'utiliser :<\/p>\n<p>Appliquer d\u00e9licatement le produit sur le visage ou le corps et renouveler l'application toutes les 2 \u00e0 3 heures.<\/p>\n<p>Avertissement : Pour usage externe uniquement. Toujours effectuer un test \u00e9picutan\u00e9. Cessez d'utiliser le produit si vous ressentez une quelconque g\u00eane. Suivre les instructions suppl\u00e9mentaires figurant sur l'emballage. Les r\u00e9sultats individuels peuvent varier.<\/p>","protected":false},"excerpt":{"rendered":"<p>Ce stick solaire chimique offre une protection UV SPF50+ PA++++ dans une formule non grasse pour une application sans souci. Il apaise et soigne les imperfections gr\u00e2ce \u00e0 l'extrait d'oignon rouge muan, \u00e0 la niacinamide et \u00e0 l'ac\u00e9tyl glucosamine. D'autres ingr\u00e9dients comme le zinc PCA contr\u00f4lent la production de s\u00e9bum pour minimiser l'apparence des pores dilat\u00e9s.<\/p>","protected":false},"featured_media":4529,"comment_status":"open","ping_status":"closed","template":"","meta":{"om_disable_all_campaigns":false},"product_brand":[],"product_cat":[90,74,77],"product_tag":[],"class_list":{"0":"post-4525","1":"product","2":"type-product","3":"status-publish","4":"has-post-thumbnail","6":"product_cat-isntree","7":"product_cat-niacinamide","8":"product_cat-spf-50","10":"first","11":"instock","12":"shipping-taxable","13":"purchasable","14":"product-type-simple"},"aioseo_notices":[],"jetpack_sharing_enabled":true,"_links":{"self":[{"href":"https:\/\/k-beautyci.com\/fr\/wp-json\/wp\/v2\/product\/4525","targetHints":{"allow":["GET"]}}],"collection":[{"href":"https:\/\/k-beautyci.com\/fr\/wp-json\/wp\/v2\/product"}],"about":[{"href":"https:\/\/k-beautyci.com\/fr\/wp-json\/wp\/v2\/types\/product"}],"replies":[{"embeddable":true,"href":"https:\/\/k-beautyci.com\/fr\/wp-json\/wp\/v2\/comments?post=4525"}],"wp:featuredmedia":[{"embeddable":true,"href":"https:\/\/k-beautyci.com\/fr\/wp-json\/wp\/v2\/media\/4529"}],"wp:attachment":[{"href":"https:\/\/k-beautyci.com\/fr\/wp-json\/wp\/v2\/media?parent=4525"}],"wp:term":[{"taxonomy":"product_brand","embeddable":true,"href":"https:\/\/k-beautyci.com\/fr\/wp-json\/wp\/v2\/product_brand?post=4525"},{"taxonomy":"product_cat","embeddable":true,"href":"https:\/\/k-beautyci.com\/fr\/wp-json\/wp\/v2\/product_cat?post=4525"},{"taxonomy":"product_tag","embeddable":true,"href":"https:\/\/k-beautyci.com\/fr\/wp-json\/wp\/v2\/product_tag?post=4525"}],"curies":[{"name":"wp","href":"https:\/\/api.w.org\/{rel}","templated":true}]}}