{"id":452,"date":"2023-03-07T12:44:04","date_gmt":"2023-03-07T12:44:04","guid":{"rendered":"https:\/\/k-beautyci.com\/?post_type=product&#038;p=452"},"modified":"2025-11-29T10:11:30","modified_gmt":"2025-11-29T10:11:30","slug":"hada-labo-shirojyun-premium-whitening-lotion","status":"publish","type":"product","link":"https:\/\/k-beautyci.com\/fr\/produit\/hada-labo-shirojyun-premium-whitening-lotion\/","title":{"rendered":"Hada Labo Shirojyun Premium Whitening Lotion"},"content":{"rendered":"<p><b>Avantages :<\/b><\/p>\n<ul>\n<li>La formule semblable \u00e0 une essence p\u00e9n\u00e8tre profond\u00e9ment dans la peau et supprime la production de m\u00e9lanine pour pr\u00e9venir la formation de taches de rousseur et de taches solaires, tout en traitant la peau endommag\u00e9e par le soleil.<\/li>\n<li>Sans parfum, sans colorant artificiel, sans huile min\u00e9rale et sans alcool.<\/li>\n<\/ul>\n<p><b>Version l\u00e9g\u00e8re\uff1a<\/b><\/p>\n<ul>\n<li>La texture l\u00e9g\u00e8re est rapidement absorb\u00e9e et p\u00e9n\u00e8tre en profondeur pour hydrater et pr\u00e9venir les d\u00e9colorations induites par les UV.<\/li>\n<\/ul>\n<p><b>Version humide\uff1a<\/b><\/p>\n<ul>\n<li>Dans une formule plus hydratante, la lotion hydrate, calme et \u00e9claircit la peau endommag\u00e9e par le soleil.<\/li>\n<li>La texture riche convient aux peaux normales \u00e0 s\u00e8ches<\/li>\n<\/ul>\n<p><b>Comment l'utiliser :<\/b><\/p>\n<ul>\n<li>Apr\u00e8s le nettoyage, prendre une quantit\u00e9 appropri\u00e9e dans la paume de la main et tapoter doucement sur la peau.<\/li>\n<\/ul>\n<p>Effectuez toujours un test \u00e9picutan\u00e9. Cessez d'utiliser le produit si vous ressentez une quelconque g\u00eane. Suivre les instructions suppl\u00e9mentaires figurant sur l'emballage. Les r\u00e9sultats individuels peuvent varier.<\/p>","protected":false},"excerpt":{"rendered":"<p>Con\u00e7ue pour les peaux endommag\u00e9es par les rayons UV, cette lotion hautement hydratante p\u00e9n\u00e8tre rapidement dans la peau pour une hydratation en profondeur, tout en ciblant les taches ind\u00e9sirables et les taches de rousseur. Exempte de parfums artificiels, d'huiles min\u00e9rales, de colorants et d'alcools.<\/p>","protected":false},"featured_media":453,"comment_status":"open","ping_status":"closed","template":"","meta":{"om_disable_all_campaigns":false},"product_brand":[],"product_cat":[52,32,39,33,99,74,66,41,72],"product_tag":[],"class_list":{"0":"post-452","1":"product","2":"type-product","3":"status-publish","4":"has-post-thumbnail","6":"product_cat-dark-spots","7":"product_cat-essence","8":"product_cat-face-toners","9":"product_cat-face-treatments","10":"product_cat-hada-labo","11":"product_cat-niacinamide","12":"product_cat-normal-combination-skin","13":"product_cat-oily-skin","14":"product_cat-vitamin-c","16":"first","17":"outofstock","18":"shipping-taxable","19":"purchasable","20":"product-type-simple"},"aioseo_notices":[],"jetpack_sharing_enabled":true,"_links":{"self":[{"href":"https:\/\/k-beautyci.com\/fr\/wp-json\/wp\/v2\/product\/452","targetHints":{"allow":["GET"]}}],"collection":[{"href":"https:\/\/k-beautyci.com\/fr\/wp-json\/wp\/v2\/product"}],"about":[{"href":"https:\/\/k-beautyci.com\/fr\/wp-json\/wp\/v2\/types\/product"}],"replies":[{"embeddable":true,"href":"https:\/\/k-beautyci.com\/fr\/wp-json\/wp\/v2\/comments?post=452"}],"wp:featuredmedia":[{"embeddable":true,"href":"https:\/\/k-beautyci.com\/fr\/wp-json\/wp\/v2\/media\/453"}],"wp:attachment":[{"href":"https:\/\/k-beautyci.com\/fr\/wp-json\/wp\/v2\/media?parent=452"}],"wp:term":[{"taxonomy":"product_brand","embeddable":true,"href":"https:\/\/k-beautyci.com\/fr\/wp-json\/wp\/v2\/product_brand?post=452"},{"taxonomy":"product_cat","embeddable":true,"href":"https:\/\/k-beautyci.com\/fr\/wp-json\/wp\/v2\/product_cat?post=452"},{"taxonomy":"product_tag","embeddable":true,"href":"https:\/\/k-beautyci.com\/fr\/wp-json\/wp\/v2\/product_tag?post=452"}],"curies":[{"name":"wp","href":"https:\/\/api.w.org\/{rel}","templated":true}]}}