{"id":4519,"date":"2024-07-08T22:02:32","date_gmt":"2024-07-08T22:02:32","guid":{"rendered":"https:\/\/k-beautyci.com\/?post_type=product&#038;p=4519"},"modified":"2024-07-25T19:55:08","modified_gmt":"2024-07-25T19:55:08","slug":"marymay-lemon-niacinamide-glow-wash-off-pack","status":"publish","type":"product","link":"https:\/\/k-beautyci.com\/fr\/produit\/marymay-lemon-niacinamide-glow-wash-off-pack\/","title":{"rendered":"Mary&amp;May Lemon Niacinamide Glow Wash Off Pack"},"content":{"rendered":"<p>Comment l'utiliser :<\/p>\n<p>1. Apr\u00e8s vous \u00eatre lav\u00e9 le visage, \u00e9talez d\u00e9licatement sur l'ensemble du visage s\u00e9ch\u00e9, \u00e0 l'exception du contour des yeux et de la bouche.<br \/>\n2. Masser doucement en fonction de l'\u00e9tat de la peau. Apr\u00e8s 10 \u00e0 15 minutes, lorsque le masque a s\u00e9ch\u00e9, le laver d\u00e9licatement \u00e0 l'eau ti\u00e8de.<br \/>\n3. Pr\u00e9levez une quantit\u00e9 suffisante et appliquez-la en couche \u00e9paisse afin que l'hydratation et les principes actifs du masque \u00e0 l'argile puissent \u00eatre efficacement absorb\u00e9s.<\/p>\n<p>Avertissement : Pour usage externe uniquement. Toujours effectuer un test \u00e9picutan\u00e9. Cessez d'utiliser le produit si vous ressentez une quelconque g\u00eane. Suivre les instructions suppl\u00e9mentaires figurant sur l'emballage. Les r\u00e9sultats individuels peuvent varier.<\/p>","protected":false},"excerpt":{"rendered":"<p>Mary&amp;May Wash-Off Mask Pack est un pack d'argile de premi\u00e8re qualit\u00e9 avec un excellent \u00e9quilibre qui vous permet d'obtenir des r\u00e9sultats comme si vous aviez re\u00e7u des soins de spa \u00e0 la maison en m\u00e9langeant des mati\u00e8res premi\u00e8res naturelles broy\u00e9es dans de l'argile riche en min\u00e9raux dans le rapport le plus efficace. Un m\u00e9lange bien \u00e9quilibr\u00e9 de kaolin et de bentonite, qui absorbe le s\u00e9bum et les impuret\u00e9s et a d'excellents effets apaisants et de gestion des pores, est associ\u00e9 \u00e0 des ingr\u00e9dients naturels aux effets apaisants, hydratants et \u00e9claircissants en fonction du type de peau pour obtenir une texture de peau fra\u00eeche et lisse.<\/p>","protected":false},"featured_media":4521,"comment_status":"open","ping_status":"closed","template":"","meta":{"om_disable_all_campaigns":false},"product_brand":[],"product_cat":[62,96,74],"product_tag":[],"class_list":{"0":"post-4519","1":"product","2":"type-product","3":"status-publish","4":"has-post-thumbnail","6":"product_cat-face-masks","7":"product_cat-mary-may","8":"product_cat-niacinamide","10":"first","11":"outofstock","12":"shipping-taxable","13":"purchasable","14":"product-type-simple"},"aioseo_notices":[],"jetpack_sharing_enabled":true,"_links":{"self":[{"href":"https:\/\/k-beautyci.com\/fr\/wp-json\/wp\/v2\/product\/4519","targetHints":{"allow":["GET"]}}],"collection":[{"href":"https:\/\/k-beautyci.com\/fr\/wp-json\/wp\/v2\/product"}],"about":[{"href":"https:\/\/k-beautyci.com\/fr\/wp-json\/wp\/v2\/types\/product"}],"replies":[{"embeddable":true,"href":"https:\/\/k-beautyci.com\/fr\/wp-json\/wp\/v2\/comments?post=4519"}],"wp:featuredmedia":[{"embeddable":true,"href":"https:\/\/k-beautyci.com\/fr\/wp-json\/wp\/v2\/media\/4521"}],"wp:attachment":[{"href":"https:\/\/k-beautyci.com\/fr\/wp-json\/wp\/v2\/media?parent=4519"}],"wp:term":[{"taxonomy":"product_brand","embeddable":true,"href":"https:\/\/k-beautyci.com\/fr\/wp-json\/wp\/v2\/product_brand?post=4519"},{"taxonomy":"product_cat","embeddable":true,"href":"https:\/\/k-beautyci.com\/fr\/wp-json\/wp\/v2\/product_cat?post=4519"},{"taxonomy":"product_tag","embeddable":true,"href":"https:\/\/k-beautyci.com\/fr\/wp-json\/wp\/v2\/product_tag?post=4519"}],"curies":[{"name":"wp","href":"https:\/\/api.w.org\/{rel}","templated":true}]}}