{"id":4507,"date":"2024-07-08T22:00:15","date_gmt":"2024-07-08T22:00:15","guid":{"rendered":"https:\/\/k-beautyci.com\/?post_type=product&#038;p=4507"},"modified":"2026-02-16T22:58:58","modified_gmt":"2026-02-16T22:58:58","slug":"heimish-artless-glow-base-spf-50-pa-40ml","status":"publish","type":"product","link":"https:\/\/k-beautyci.com\/fr\/produit\/heimish-artless-glow-base-spf-50-pa-40ml\/","title":{"rendered":"HEIMISH Artless Glow Base SPF 50+ PA+++ 40ml"},"content":{"rendered":"<p>Pour usage externe uniquement. Toujours effectuer un test \u00e9picutan\u00e9. Cesser l'utilisation en cas d'inconfort. Suivre les instructions suppl\u00e9mentaires figurant sur l'emballage. Les r\u00e9sultats individuels peuvent varier.<\/p>","protected":false},"excerpt":{"rendered":"<p>Glow Face Priming Moisturizer with SPF !<\/p>\n<p>Hydratant, \u00e9cran solaire et base de maquillage - Y a-t-il trop d'\u00e9tapes que vous ne pouvez pas sauter ? Cet appr\u00eat tout-en-un \u00e0 la texture douce et cr\u00e9meuse sert de cr\u00e8me hydratante, d'appr\u00eat pour le visage et d'\u00e9cran solaire, avec un \u00e9clat de perles dor\u00e9es.<\/p>\n<p>\u2714 Plus c'est l\u00e9ger, plus c'est lumineux ! - Cette base multifonctionnelle vous fera gagner du temps et cr\u00e9era un look l\u00e9ger, chatoyant et ros\u00e9.<br \/>\n\u2714 Meilleur effet d'appr\u00eat pour les peaux ternes - La cr\u00e8me douce couvrira en douceur les ridules et le teint terne et cr\u00e9era un look lumineux en refl\u00e9tant la lumi\u00e8re.<br \/>\n\u2714 Pas de traces blanches ni de paillettes - De la peau p\u00e2le \u00e0 la peau fonc\u00e9e, cette base donne un \u00e9clat sain \u00e0 toutes les couleurs de peau.<br \/>\n\u2714 Utilisation s\u00fbre pour tous les types de peau - Votre peau est-elle irrit\u00e9e apr\u00e8s le maquillage ? L'extrait de menthe poivr\u00e9e et les graines de rose musqu\u00e9e permettent une utilisation s\u00fbre pour tous les types de peau.<\/p>","protected":false},"featured_media":4514,"comment_status":"open","ping_status":"closed","template":"","meta":{"om_disable_all_campaigns":false},"product_brand":[],"product_cat":[91,77],"product_tag":[],"class_list":{"0":"post-4507","1":"product","2":"type-product","3":"status-publish","4":"has-post-thumbnail","6":"product_cat-heimish","7":"product_cat-spf-50","9":"first","10":"outofstock","11":"shipping-taxable","12":"purchasable","13":"product-type-simple"},"aioseo_notices":[],"jetpack_sharing_enabled":true,"_links":{"self":[{"href":"https:\/\/k-beautyci.com\/fr\/wp-json\/wp\/v2\/product\/4507","targetHints":{"allow":["GET"]}}],"collection":[{"href":"https:\/\/k-beautyci.com\/fr\/wp-json\/wp\/v2\/product"}],"about":[{"href":"https:\/\/k-beautyci.com\/fr\/wp-json\/wp\/v2\/types\/product"}],"replies":[{"embeddable":true,"href":"https:\/\/k-beautyci.com\/fr\/wp-json\/wp\/v2\/comments?post=4507"}],"wp:featuredmedia":[{"embeddable":true,"href":"https:\/\/k-beautyci.com\/fr\/wp-json\/wp\/v2\/media\/4514"}],"wp:attachment":[{"href":"https:\/\/k-beautyci.com\/fr\/wp-json\/wp\/v2\/media?parent=4507"}],"wp:term":[{"taxonomy":"product_brand","embeddable":true,"href":"https:\/\/k-beautyci.com\/fr\/wp-json\/wp\/v2\/product_brand?post=4507"},{"taxonomy":"product_cat","embeddable":true,"href":"https:\/\/k-beautyci.com\/fr\/wp-json\/wp\/v2\/product_cat?post=4507"},{"taxonomy":"product_tag","embeddable":true,"href":"https:\/\/k-beautyci.com\/fr\/wp-json\/wp\/v2\/product_tag?post=4507"}],"curies":[{"name":"wp","href":"https:\/\/api.w.org\/{rel}","templated":true}]}}