{"id":4504,"date":"2024-07-08T18:29:24","date_gmt":"2024-07-08T18:29:24","guid":{"rendered":"https:\/\/k-beautyci.com\/?post_type=product&#038;p=4504"},"modified":"2025-08-08T14:09:52","modified_gmt":"2025-08-08T14:09:52","slug":"skeenlogic-acne-creamy-foaming-wash-200ml","status":"publish","type":"product","link":"https:\/\/k-beautyci.com\/fr\/produit\/skeenlogic-acne-creamy-foaming-wash-200ml\/","title":{"rendered":"Skeenlogic Acne Creamy Foaming Wash 200ml"},"content":{"rendered":"<p>Avertissement : Pour usage externe uniquement. Toujours effectuer un test \u00e9picutan\u00e9. Cessez d'utiliser le produit si vous ressentez une quelconque g\u00eane. Suivre les instructions suppl\u00e9mentaires figurant sur l'emballage. Les r\u00e9sultats individuels peuvent varier.<\/p>","protected":false},"excerpt":{"rendered":"<p>Acne Creamy Foaming Wash&nbsp; with 4% Benzoyl peroxide is a specialized skincare solution meticulously crafted to address the unique needs of acne-prone skin. Designed with a luxurious creamy texture, this foaming wash offers a harmonious blend of cleansing and treatment, making it an essential addition to your skincare regimen.<\/p>\n<p>Triple complexe de c\u00e9ramides<br \/>+Hyaluronic acid<br \/>+ Allantoin<\/p>\n<p>\u00c9limine l'acn\u00e9 existante et aide \u00e0 pr\u00e9venir l'apparition de nouvelles \u00e9ruptions.<\/p>\n<p>Formul\u00e9 pour \u00eatre doux pour la peau. Sans parfum.<\/p>","protected":false},"featured_media":4506,"comment_status":"open","ping_status":"closed","template":"","meta":{"om_disable_all_campaigns":false},"product_brand":[],"product_cat":[60,133,35,15],"product_tag":[],"class_list":{"0":"post-4504","1":"product","2":"type-product","3":"status-publish","4":"has-post-thumbnail","6":"product_cat-acne","7":"product_cat-brands-brands","8":"product_cat-face-cleansers","9":"product_cat-uncategorized","11":"first","12":"outofstock","13":"shipping-taxable","14":"purchasable","15":"product-type-simple"},"aioseo_notices":[],"jetpack_sharing_enabled":true,"_links":{"self":[{"href":"https:\/\/k-beautyci.com\/fr\/wp-json\/wp\/v2\/product\/4504","targetHints":{"allow":["GET"]}}],"collection":[{"href":"https:\/\/k-beautyci.com\/fr\/wp-json\/wp\/v2\/product"}],"about":[{"href":"https:\/\/k-beautyci.com\/fr\/wp-json\/wp\/v2\/types\/product"}],"replies":[{"embeddable":true,"href":"https:\/\/k-beautyci.com\/fr\/wp-json\/wp\/v2\/comments?post=4504"}],"wp:featuredmedia":[{"embeddable":true,"href":"https:\/\/k-beautyci.com\/fr\/wp-json\/wp\/v2\/media\/4506"}],"wp:attachment":[{"href":"https:\/\/k-beautyci.com\/fr\/wp-json\/wp\/v2\/media?parent=4504"}],"wp:term":[{"taxonomy":"product_brand","embeddable":true,"href":"https:\/\/k-beautyci.com\/fr\/wp-json\/wp\/v2\/product_brand?post=4504"},{"taxonomy":"product_cat","embeddable":true,"href":"https:\/\/k-beautyci.com\/fr\/wp-json\/wp\/v2\/product_cat?post=4504"},{"taxonomy":"product_tag","embeddable":true,"href":"https:\/\/k-beautyci.com\/fr\/wp-json\/wp\/v2\/product_tag?post=4504"}],"curies":[{"name":"wp","href":"https:\/\/api.w.org\/{rel}","templated":true}]}}