{"id":450,"date":"2023-03-07T12:34:18","date_gmt":"2023-03-07T12:34:18","guid":{"rendered":"https:\/\/k-beautyci.com\/?post_type=product&#038;p=450"},"modified":"2025-11-29T10:11:30","modified_gmt":"2025-11-29T10:11:30","slug":"hada-labo-gokujyun-premium-hyaluronic-acid-hydrating-lotion","status":"publish","type":"product","link":"https:\/\/k-beautyci.com\/fr\/produit\/hada-labo-gokujyun-premium-hyaluronic-acid-hydrating-lotion\/","title":{"rendered":"HADA LABO Gokujyun Premium Hyaluronic Acid Hydrating Lotion"},"content":{"rendered":"<p>Avantages :<\/p>\n<ul>\n<li>5 types d'acide hyaluronique pour renforcer l'hydratation de votre peau.<\/li>\n<li>Le pH est \u00e9quilibr\u00e9 pour un b\u00e9n\u00e9fice optimal et pour minimiser les probl\u00e8mes de peau futurs.<\/li>\n<\/ul>\n<p>&nbsp;<\/p>\n<p>Size: 170ml.<\/p>\n<p>Avertissement : Pour usage externe uniquement. Toujours effectuer un test \u00e9picutan\u00e9. Cessez d'utiliser le produit si vous ressentez une quelconque g\u00eane. Suivre les instructions suppl\u00e9mentaires figurant sur l'emballage. Les r\u00e9sultats individuels peuvent varier.<\/p>","protected":false},"excerpt":{"rendered":"<p>Cette version premium de la lotion hydratante pr\u00e9f\u00e9r\u00e9e des HADA LABO a encore plus \u00e0 offrir. Elle est formul\u00e9e avec non pas 3, mais 5 types diff\u00e9rents d'acide hyaluronique pour donner \u00e0 votre peau un regain d'hydratation sans pareil. Il s'agit d'un gel tonique plus riche, id\u00e9al pour les peaux plus s\u00e8ches.<\/p>","protected":false},"featured_media":451,"comment_status":"open","ping_status":"closed","template":"","meta":{"om_disable_all_campaigns":false},"product_brand":[],"product_cat":[42,32,39,99,69],"product_tag":[],"class_list":{"0":"post-450","1":"product","2":"type-product","3":"status-publish","4":"has-post-thumbnail","6":"product_cat-dry-skin","7":"product_cat-essence","8":"product_cat-face-toners","9":"product_cat-hada-labo","10":"product_cat-hyaluronic-acid","12":"first","13":"outofstock","14":"sale","15":"shipping-taxable","16":"purchasable","17":"product-type-simple"},"aioseo_notices":[],"jetpack_sharing_enabled":true,"_links":{"self":[{"href":"https:\/\/k-beautyci.com\/fr\/wp-json\/wp\/v2\/product\/450","targetHints":{"allow":["GET"]}}],"collection":[{"href":"https:\/\/k-beautyci.com\/fr\/wp-json\/wp\/v2\/product"}],"about":[{"href":"https:\/\/k-beautyci.com\/fr\/wp-json\/wp\/v2\/types\/product"}],"replies":[{"embeddable":true,"href":"https:\/\/k-beautyci.com\/fr\/wp-json\/wp\/v2\/comments?post=450"}],"wp:featuredmedia":[{"embeddable":true,"href":"https:\/\/k-beautyci.com\/fr\/wp-json\/wp\/v2\/media\/451"}],"wp:attachment":[{"href":"https:\/\/k-beautyci.com\/fr\/wp-json\/wp\/v2\/media?parent=450"}],"wp:term":[{"taxonomy":"product_brand","embeddable":true,"href":"https:\/\/k-beautyci.com\/fr\/wp-json\/wp\/v2\/product_brand?post=450"},{"taxonomy":"product_cat","embeddable":true,"href":"https:\/\/k-beautyci.com\/fr\/wp-json\/wp\/v2\/product_cat?post=450"},{"taxonomy":"product_tag","embeddable":true,"href":"https:\/\/k-beautyci.com\/fr\/wp-json\/wp\/v2\/product_tag?post=450"}],"curies":[{"name":"wp","href":"https:\/\/api.w.org\/{rel}","templated":true}]}}