{"id":4490,"date":"2024-07-08T15:07:24","date_gmt":"2024-07-08T15:07:24","guid":{"rendered":"https:\/\/k-beautyci.com\/?post_type=product&#038;p=4490"},"modified":"2026-04-02T22:07:00","modified_gmt":"2026-04-02T22:07:00","slug":"beauty-of-joseon-glow-replenishing-rice-milk","status":"publish","type":"product","link":"https:\/\/k-beautyci.com\/fr\/produit\/beauty-of-joseon-glow-replenishing-rice-milk\/","title":{"rendered":"Beauty of Joseon Glow Replenishing Rice Milk"},"content":{"rendered":"<p class=\"hero__title heading-size-6 aos-animate\" data-aos=\"hero\" data-aos-anchor=\"#BrickSection--template--17405418963109__section_custom_content_iErEw6\" data-aos-order=\"2\">Comment l'utiliser<\/p>\n<div class=\"hero__rte body-size-3 columns--1 aos-animate\" data-aos=\"hero\" data-aos-anchor=\"#BrickSection--template--17405418963109__section_custom_content_iErEw6\" data-aos-order=\"3\">\n<ol>\n<li>Pr\u00e9paration de la peau pour une peau de verre : Imbibez des disques de coton de lait de riz et placez-les sur votre visage pendant 5 minutes. Retirez les disques et tapotez doucement pour faciliter l'absorption.<\/li>\n<li>Contr\u00f4le du s\u00e9bum : Versez une quantit\u00e9 g\u00e9n\u00e9reuse de lait de riz sur un coton et passez-le d\u00e9licatement sur votre visage, du centre vers l'ext\u00e9rieur. Terminez par une autre couche et passez \u00e0 votre prochain soin.<\/li>\n<\/ol>\n<div class=\"description-item active\">\n<div class=\"body\">\n<p>Avertissement : Pour usage externe uniquement. Toujours effectuer un test \u00e9picutan\u00e9. Cessez d'utiliser le produit si vous ressentez une quelconque g\u00eane. Suivre les instructions suppl\u00e9mentaires figurant sur l'emballage. Les r\u00e9sultats individuels peuvent varier.<\/p>\n<\/div>\n<\/div>\n<\/div>","protected":false},"excerpt":{"rendered":"<p>Cette lotion tonique \u00e0 base de riz modernise l'eau de son de riz traditionnelle utilis\u00e9e sous la dynastie Joseon. Gorg\u00e9e de nutriments, d'extraits de riz et d'acides amin\u00e9s de riz, elle hydrate en profondeur et lisse la peau s\u00e8che et rugueuse. Sa formule \u00e0 double couche offre un fini rafra\u00eechissant et non gras tout en contr\u00f4lant le s\u00e9bum et en apaisant les peaux sensibles.<\/p>","protected":false},"featured_media":4495,"comment_status":"open","ping_status":"closed","template":"","meta":{"om_disable_all_campaigns":false},"product_brand":[],"product_cat":[82,39],"product_tag":[],"class_list":{"0":"post-4490","1":"product","2":"type-product","3":"status-publish","4":"has-post-thumbnail","6":"product_cat-beauty-of-joseon","7":"product_cat-face-toners","9":"first","10":"instock","11":"shipping-taxable","12":"purchasable","13":"product-type-simple"},"aioseo_notices":[],"jetpack_sharing_enabled":true,"_links":{"self":[{"href":"https:\/\/k-beautyci.com\/fr\/wp-json\/wp\/v2\/product\/4490","targetHints":{"allow":["GET"]}}],"collection":[{"href":"https:\/\/k-beautyci.com\/fr\/wp-json\/wp\/v2\/product"}],"about":[{"href":"https:\/\/k-beautyci.com\/fr\/wp-json\/wp\/v2\/types\/product"}],"replies":[{"embeddable":true,"href":"https:\/\/k-beautyci.com\/fr\/wp-json\/wp\/v2\/comments?post=4490"}],"wp:featuredmedia":[{"embeddable":true,"href":"https:\/\/k-beautyci.com\/fr\/wp-json\/wp\/v2\/media\/4495"}],"wp:attachment":[{"href":"https:\/\/k-beautyci.com\/fr\/wp-json\/wp\/v2\/media?parent=4490"}],"wp:term":[{"taxonomy":"product_brand","embeddable":true,"href":"https:\/\/k-beautyci.com\/fr\/wp-json\/wp\/v2\/product_brand?post=4490"},{"taxonomy":"product_cat","embeddable":true,"href":"https:\/\/k-beautyci.com\/fr\/wp-json\/wp\/v2\/product_cat?post=4490"},{"taxonomy":"product_tag","embeddable":true,"href":"https:\/\/k-beautyci.com\/fr\/wp-json\/wp\/v2\/product_tag?post=4490"}],"curies":[{"name":"wp","href":"https:\/\/api.w.org\/{rel}","templated":true}]}}