{"id":448,"date":"2023-03-07T12:19:42","date_gmt":"2023-03-07T12:19:42","guid":{"rendered":"https:\/\/k-beautyci.com\/?post_type=product&#038;p=448"},"modified":"2026-02-23T08:23:48","modified_gmt":"2026-02-23T08:23:48","slug":"kose-suncut-uv-perfect-gel-super-water-proof-spf-50-pa","status":"publish","type":"product","link":"https:\/\/k-beautyci.com\/fr\/produit\/kose-suncut-uv-perfect-gel-super-water-proof-spf-50-pa\/","title":{"rendered":"Kose Suncut UV Perfect Gel Super Water Proof SPF 50+ PA++++"},"content":{"rendered":"<p>Cette cr\u00e8me solaire culte poss\u00e8de des propri\u00e9t\u00e9s exceptionnelles de r\u00e9sistance \u00e0 l'eau, au s\u00e9bum et \u00e0 la transpiration. Sa formule contient \u00e9galement d'autres ingr\u00e9dients vedettes tels que l'extrait de fleur de calendula et la matricaire, riches en antioxydants qui prot\u00e8gent la peau des radicaux libres, et le hyaluronate de sodium qui maintient l'hydratation de la peau tout au long de la journ\u00e9e. La texture est aqueuse et se fond dans la peau sans effort, sans la laisser s\u00e8che ou irrit\u00e9e. Il n'y a pas de traces blanches ni d'effet collant. Ce produit peut \u00e9galement \u00eatre utilis\u00e9 comme base de maquillage, ce qui am\u00e9liorera la dur\u00e9e de votre fond de teint.<\/p>\n<p><b>Star\u00a0Ingredients<\/b><strong>\u00a0&#8211;\u00a0<\/strong><strong>Extrait de fleur de calendula officinalis<\/strong>\u00a0(antioxydant, anti-\u00e2ge, r\u00e9duit l'inflammation),\u00a0<strong>Hyaluronate de sodium<\/strong>\u00a0(hydratant, retient l'humidit\u00e9),\u00a0<strong>Extrait de fleur de matricaire<\/strong> (naturellement protecteur, apaise la peau).<\/p>\n<p>&nbsp;<\/p>\n<p>Comment l'utiliser :<\/p>\n<ol>\n<li>Appliquez-le en derni\u00e8re \u00e9tape de votre routine de soin du matin, mais avant le maquillage.<\/li>\n<li>\u00c9talez la cr\u00e8me uniform\u00e9ment sur votre visage au moins 30 minutes avant de sortir. Utilisez un SPF tous les jours, m\u00eame si vous \u00eates \u00e0 l'int\u00e9rieur ou pendant les saisons hivernales.<\/li>\n<li>Renouvelez l'application toutes les deux heures si vous restez \u00e0 l'ext\u00e9rieur pendant une p\u00e9riode prolong\u00e9e.<\/li>\n<\/ol>","protected":false},"excerpt":{"rendered":"<p>Le gel solaire r\u00e9sistant \u00e0 l'eau et \u00e0 la transpiration se pr\u00e9sente sous la forme d'une formule l\u00e9g\u00e8re mais tr\u00e8s efficace qui prot\u00e8ge des rayons UV tout en offrant des avantages prouv\u00e9s en mati\u00e8re de soins de la peau. Appliquez-le pour une protection et une hydratation accrues.<\/p>","protected":false},"featured_media":449,"comment_status":"open","ping_status":"closed","template":"","meta":{"om_disable_all_campaigns":false},"product_brand":[],"product_cat":[98,77],"product_tag":[],"class_list":{"0":"post-448","1":"product","2":"type-product","3":"status-publish","4":"has-post-thumbnail","6":"product_cat-kose","7":"product_cat-spf-50","9":"first","10":"outofstock","11":"shipping-taxable","12":"purchasable","13":"product-type-variable"},"aioseo_notices":[],"jetpack_sharing_enabled":true,"_links":{"self":[{"href":"https:\/\/k-beautyci.com\/fr\/wp-json\/wp\/v2\/product\/448","targetHints":{"allow":["GET"]}}],"collection":[{"href":"https:\/\/k-beautyci.com\/fr\/wp-json\/wp\/v2\/product"}],"about":[{"href":"https:\/\/k-beautyci.com\/fr\/wp-json\/wp\/v2\/types\/product"}],"replies":[{"embeddable":true,"href":"https:\/\/k-beautyci.com\/fr\/wp-json\/wp\/v2\/comments?post=448"}],"wp:featuredmedia":[{"embeddable":true,"href":"https:\/\/k-beautyci.com\/fr\/wp-json\/wp\/v2\/media\/449"}],"wp:attachment":[{"href":"https:\/\/k-beautyci.com\/fr\/wp-json\/wp\/v2\/media?parent=448"}],"wp:term":[{"taxonomy":"product_brand","embeddable":true,"href":"https:\/\/k-beautyci.com\/fr\/wp-json\/wp\/v2\/product_brand?post=448"},{"taxonomy":"product_cat","embeddable":true,"href":"https:\/\/k-beautyci.com\/fr\/wp-json\/wp\/v2\/product_cat?post=448"},{"taxonomy":"product_tag","embeddable":true,"href":"https:\/\/k-beautyci.com\/fr\/wp-json\/wp\/v2\/product_tag?post=448"}],"curies":[{"name":"wp","href":"https:\/\/api.w.org\/{rel}","templated":true}]}}