{"id":4475,"date":"2024-07-08T15:59:07","date_gmt":"2024-07-08T15:59:07","guid":{"rendered":"https:\/\/k-beautyci.com\/?post_type=product&#038;p=4475"},"modified":"2026-03-22T00:14:19","modified_gmt":"2026-03-22T00:14:19","slug":"cosrx-ultra-light-invisible-sunscreen-spf50-pa","status":"publish","type":"product","link":"https:\/\/k-beautyci.com\/fr\/produit\/cosrx-ultra-light-invisible-sunscreen-spf50-pa\/","title":{"rendered":"Cosrx Ultra-Light Invisible Sunscreen SPF50 PA++++"},"content":{"rendered":"<p>Comment l'utiliser :<\/p>\n<p>Appliquer g\u00e9n\u00e9reusement (et uniform\u00e9ment) 15 minutes avant l'exposition au soleil. Renouveler l'application au moins toutes les 2 heures.<\/p>\n<div class=\"description-item active\">\n<div class=\"body\">\n<p>Avertissement : Pour usage externe uniquement. Toujours effectuer un test \u00e9picutan\u00e9. Cessez d'utiliser le produit si vous ressentez une quelconque g\u00eane. Suivre les instructions suppl\u00e9mentaires figurant sur l'emballage. Les r\u00e9sultats individuels peuvent varier.<\/p>\n<\/div>\n<\/div>\n<div class=\"description-item\">\n<h2 class=\"title\"><\/h2>\n<\/div>","protected":false},"excerpt":{"rendered":"<p>Une l\u00e9g\u00e8ret\u00e9 \u00e9tonnante ! Une formule diaphane et transparente qui p\u00e9n\u00e8tre rapidement sans laisser de traces blanches, offrant un fini rafra\u00eechissant pour un \u00e9cran solaire hydratant.<\/p>","protected":false},"featured_media":4485,"comment_status":"open","ping_status":"closed","template":"","meta":{"om_disable_all_campaigns":false},"product_brand":[],"product_cat":[51,77,75],"product_tag":[],"class_list":{"0":"post-4475","1":"product","2":"type-product","3":"status-publish","4":"has-post-thumbnail","6":"product_cat-cosrx","7":"product_cat-spf-50","8":"product_cat-sunscreens","10":"first","11":"instock","12":"sale","13":"shipping-taxable","14":"purchasable","15":"product-type-simple"},"aioseo_notices":[],"jetpack_sharing_enabled":true,"_links":{"self":[{"href":"https:\/\/k-beautyci.com\/fr\/wp-json\/wp\/v2\/product\/4475","targetHints":{"allow":["GET"]}}],"collection":[{"href":"https:\/\/k-beautyci.com\/fr\/wp-json\/wp\/v2\/product"}],"about":[{"href":"https:\/\/k-beautyci.com\/fr\/wp-json\/wp\/v2\/types\/product"}],"replies":[{"embeddable":true,"href":"https:\/\/k-beautyci.com\/fr\/wp-json\/wp\/v2\/comments?post=4475"}],"wp:featuredmedia":[{"embeddable":true,"href":"https:\/\/k-beautyci.com\/fr\/wp-json\/wp\/v2\/media\/4485"}],"wp:attachment":[{"href":"https:\/\/k-beautyci.com\/fr\/wp-json\/wp\/v2\/media?parent=4475"}],"wp:term":[{"taxonomy":"product_brand","embeddable":true,"href":"https:\/\/k-beautyci.com\/fr\/wp-json\/wp\/v2\/product_brand?post=4475"},{"taxonomy":"product_cat","embeddable":true,"href":"https:\/\/k-beautyci.com\/fr\/wp-json\/wp\/v2\/product_cat?post=4475"},{"taxonomy":"product_tag","embeddable":true,"href":"https:\/\/k-beautyci.com\/fr\/wp-json\/wp\/v2\/product_tag?post=4475"}],"curies":[{"name":"wp","href":"https:\/\/api.w.org\/{rel}","templated":true}]}}