{"id":4471,"date":"2024-07-08T18:21:51","date_gmt":"2024-07-08T18:21:51","guid":{"rendered":"https:\/\/k-beautyci.com\/?post_type=product&#038;p=4471"},"modified":"2024-12-06T15:09:49","modified_gmt":"2024-12-06T15:09:49","slug":"cosrx-hydrium-triple-hyaluronic-moisture-cleanser","status":"publish","type":"product","link":"https:\/\/k-beautyci.com\/fr\/produit\/cosrx-hydrium-triple-hyaluronic-moisture-cleanser\/","title":{"rendered":"COSRX Hydrium Triple Hyaluronic Moisture Cleanser"},"content":{"rendered":"<div class=\"description-item active\">\n<div class=\"body\">\n<p>Comment l'utiliser :<\/p>\n<p>Masser doucement le nettoyant sur la peau humide. Rincer abondamment \u00e0 l'eau ti\u00e8de.\/<\/p>\n<p>Avertissement : Pour usage externe uniquement. Toujours effectuer un test \u00e9picutan\u00e9. Cessez d'utiliser le produit si vous ressentez une quelconque g\u00eane. Suivre les instructions suppl\u00e9mentaires figurant sur l'emballage. Les r\u00e9sultats individuels peuvent varier.<\/p>\n<\/div>\n<\/div>\n<div class=\"description-item\">\n<h2 class=\"title\"><\/h2>\n<\/div>","protected":false},"excerpt":{"rendered":"<p>Un nettoyant m\u00e9ga hydratant formul\u00e9 avec 3 types d'acide hyaluronique pour reconstituer la barri\u00e8re d'hydratation naturelle de la peau et nettoyer les pores en profondeur. C'est comme un grand verre d'eau pour votre peau !<\/p>","protected":false},"featured_media":4474,"comment_status":"open","ping_status":"closed","template":"","meta":{"om_disable_all_campaigns":false},"product_brand":[],"product_cat":[60,57,51,35,69,66,41],"product_tag":[],"class_list":{"0":"post-4471","1":"product","2":"type-product","3":"status-publish","4":"has-post-thumbnail","6":"product_cat-acne","7":"product_cat-anti-aging","8":"product_cat-cosrx","9":"product_cat-face-cleansers","10":"product_cat-hyaluronic-acid","11":"product_cat-normal-combination-skin","12":"product_cat-oily-skin","14":"first","15":"outofstock","16":"shipping-taxable","17":"purchasable","18":"product-type-simple"},"aioseo_notices":[],"jetpack_sharing_enabled":true,"_links":{"self":[{"href":"https:\/\/k-beautyci.com\/fr\/wp-json\/wp\/v2\/product\/4471","targetHints":{"allow":["GET"]}}],"collection":[{"href":"https:\/\/k-beautyci.com\/fr\/wp-json\/wp\/v2\/product"}],"about":[{"href":"https:\/\/k-beautyci.com\/fr\/wp-json\/wp\/v2\/types\/product"}],"replies":[{"embeddable":true,"href":"https:\/\/k-beautyci.com\/fr\/wp-json\/wp\/v2\/comments?post=4471"}],"wp:featuredmedia":[{"embeddable":true,"href":"https:\/\/k-beautyci.com\/fr\/wp-json\/wp\/v2\/media\/4474"}],"wp:attachment":[{"href":"https:\/\/k-beautyci.com\/fr\/wp-json\/wp\/v2\/media?parent=4471"}],"wp:term":[{"taxonomy":"product_brand","embeddable":true,"href":"https:\/\/k-beautyci.com\/fr\/wp-json\/wp\/v2\/product_brand?post=4471"},{"taxonomy":"product_cat","embeddable":true,"href":"https:\/\/k-beautyci.com\/fr\/wp-json\/wp\/v2\/product_cat?post=4471"},{"taxonomy":"product_tag","embeddable":true,"href":"https:\/\/k-beautyci.com\/fr\/wp-json\/wp\/v2\/product_tag?post=4471"}],"curies":[{"name":"wp","href":"https:\/\/api.w.org\/{rel}","templated":true}]}}