{"id":4467,"date":"2024-07-08T21:47:36","date_gmt":"2024-07-08T21:47:36","guid":{"rendered":"https:\/\/k-beautyci.com\/?post_type=product&#038;p=4467"},"modified":"2026-02-17T01:53:18","modified_gmt":"2026-02-17T01:53:18","slug":"axis-y-pha-resurfacing-glow-peel","status":"publish","type":"product","link":"https:\/\/k-beautyci.com\/fr\/produit\/axis-y-pha-resurfacing-glow-peel\/","title":{"rendered":"AXIS-Y PHA Resurfacing Glow Peel"},"content":{"rendered":"<p>Comment l'utiliser :<\/p>\n<div class=\"description-item active\">\n<div class=\"body\">\n<p>Apr\u00e8s avoir nettoy\u00e9 et s\u00e9ch\u00e9 la peau, appliquez une couche \u00e9paisse de produit uniform\u00e9ment sur le visage. Laissez agir pendant 10 \u00e0 15 minutes, puis rincez compl\u00e8tement \u00e0 l'eau ti\u00e8de. Poursuivez avec le reste de votre programme de soins.<\/p>\n<p>Toujours effectuer un test \u00e9picutan\u00e9. Utiliser uniquement selon les instructions. Ne pas utiliser sur une peau ab\u00eem\u00e9e. Si l'irritation ou l'inconfort persistent, cesser l'utilisation et consulter un m\u00e9decin. Suivre les instructions suppl\u00e9mentaires figurant sur l'emballage. Avant de s'exposer au soleil, il est recommand\u00e9 aux utilisateurs de couvrir les zones o\u00f9 les AHA ont \u00e9t\u00e9 appliqu\u00e9s avec un \u00e9cran solaire. Le contact du produit avec la peau doit \u00eatre limit\u00e9 en fr\u00e9quence et en dur\u00e9e. Les r\u00e9sultats individuels peuvent varier.<\/p>\n<\/div>\n<\/div>\n<div class=\"description-item\">\n<h2 class=\"title\"><\/h2>\n<\/div>","protected":false},"excerpt":{"rendered":"<p>D\u00e9sobstruez vos pores gr\u00e2ce \u00e0 ce peeling doux \u00e0 base de PHA. Ce peeling est con\u00e7u pour aider \u00e0 renouveler et \u00e0 r\u00e9v\u00e9ler un teint d'apparence plus saine, plus \u00e9clatante et plus uniforme. Les 10 % de PHA qu'il contient permettent une exfoliation chimique douce de la peau, afin de la rajeunir et de nettoyer les pores en profondeur. Il contient de la Centella asiatica, un ingr\u00e9dient puissant qui apaise la peau s\u00e8che, tandis que le concombre aide \u00e0 r\u00e9duire l'apparence des imperfections.<\/p>","protected":false},"featured_media":4470,"comment_status":"open","ping_status":"closed","template":"","meta":{"om_disable_all_campaigns":false},"product_brand":[],"product_cat":[78,89,61],"product_tag":[],"class_list":{"0":"post-4467","1":"product","2":"type-product","3":"status-publish","4":"has-post-thumbnail","6":"product_cat-aha-bha","7":"product_cat-axis-y","8":"product_cat-face-exfoliator-peels-scrubs","10":"first","11":"instock","12":"shipping-taxable","13":"purchasable","14":"product-type-simple"},"aioseo_notices":[],"jetpack_sharing_enabled":true,"_links":{"self":[{"href":"https:\/\/k-beautyci.com\/fr\/wp-json\/wp\/v2\/product\/4467","targetHints":{"allow":["GET"]}}],"collection":[{"href":"https:\/\/k-beautyci.com\/fr\/wp-json\/wp\/v2\/product"}],"about":[{"href":"https:\/\/k-beautyci.com\/fr\/wp-json\/wp\/v2\/types\/product"}],"replies":[{"embeddable":true,"href":"https:\/\/k-beautyci.com\/fr\/wp-json\/wp\/v2\/comments?post=4467"}],"wp:featuredmedia":[{"embeddable":true,"href":"https:\/\/k-beautyci.com\/fr\/wp-json\/wp\/v2\/media\/4470"}],"wp:attachment":[{"href":"https:\/\/k-beautyci.com\/fr\/wp-json\/wp\/v2\/media?parent=4467"}],"wp:term":[{"taxonomy":"product_brand","embeddable":true,"href":"https:\/\/k-beautyci.com\/fr\/wp-json\/wp\/v2\/product_brand?post=4467"},{"taxonomy":"product_cat","embeddable":true,"href":"https:\/\/k-beautyci.com\/fr\/wp-json\/wp\/v2\/product_cat?post=4467"},{"taxonomy":"product_tag","embeddable":true,"href":"https:\/\/k-beautyci.com\/fr\/wp-json\/wp\/v2\/product_tag?post=4467"}],"curies":[{"name":"wp","href":"https:\/\/api.w.org\/{rel}","templated":true}]}}