{"id":4462,"date":"2024-07-08T21:35:04","date_gmt":"2024-07-08T21:35:04","guid":{"rendered":"https:\/\/k-beautyci.com\/?post_type=product&#038;p=4462"},"modified":"2025-02-27T10:44:18","modified_gmt":"2025-02-27T10:44:18","slug":"axis-y-ayme-biome-resetting-moringa-cleansing-oil","status":"publish","type":"product","link":"https:\/\/k-beautyci.com\/fr\/produit\/axis-y-ayme-biome-resetting-moringa-cleansing-oil\/","title":{"rendered":"AXIS-Y ay&amp;me Biome Resetting Moringa Cleansing Oil"},"content":{"rendered":"<p>Comment l'utiliser :<\/p>\n<p>Utilisez cette huile comme premi\u00e8re \u00e9tape de votre routine de soins de la peau. Versez une quantit\u00e9 suffisante d'huile nettoyante dans vos mains. Massez doucement sur un visage sec pour dissoudre le maquillage et les impuret\u00e9s. Laver \u00e0 l'eau ti\u00e8de.<\/p>\n<p>Avertissement : Pour usage externe uniquement. Toujours effectuer un test \u00e9picutan\u00e9. Cessez d'utiliser le produit si vous ressentez une quelconque g\u00eane. Suivre les instructions suppl\u00e9mentaires figurant sur l'emballage. Les r\u00e9sultats individuels peuvent varier.<\/p>","protected":false},"excerpt":{"rendered":"<p>Cette huile l\u00e9g\u00e8re nettoie en profondeur les pores du maquillage, des impuret\u00e9s et des probl\u00e8mes. L'huile de moringa glisse facilement sur la peau pour \u00e9liminer l'exc\u00e8s de s\u00e9bum et les cellules mortes. Apr\u00e8s chaque utilisation, vous vous sentirez totalement rafra\u00eechie.<\/p>","protected":false},"featured_media":4466,"comment_status":"open","ping_status":"closed","template":"","meta":{"om_disable_all_campaigns":false},"product_brand":[],"product_cat":[89,63],"product_tag":[],"class_list":{"0":"post-4462","1":"product","2":"type-product","3":"status-publish","4":"has-post-thumbnail","6":"product_cat-axis-y","7":"product_cat-makeup-removers","9":"first","10":"outofstock","11":"sale","12":"shipping-taxable","13":"purchasable","14":"product-type-simple"},"aioseo_notices":[],"jetpack_sharing_enabled":true,"_links":{"self":[{"href":"https:\/\/k-beautyci.com\/fr\/wp-json\/wp\/v2\/product\/4462","targetHints":{"allow":["GET"]}}],"collection":[{"href":"https:\/\/k-beautyci.com\/fr\/wp-json\/wp\/v2\/product"}],"about":[{"href":"https:\/\/k-beautyci.com\/fr\/wp-json\/wp\/v2\/types\/product"}],"replies":[{"embeddable":true,"href":"https:\/\/k-beautyci.com\/fr\/wp-json\/wp\/v2\/comments?post=4462"}],"wp:featuredmedia":[{"embeddable":true,"href":"https:\/\/k-beautyci.com\/fr\/wp-json\/wp\/v2\/media\/4466"}],"wp:attachment":[{"href":"https:\/\/k-beautyci.com\/fr\/wp-json\/wp\/v2\/media?parent=4462"}],"wp:term":[{"taxonomy":"product_brand","embeddable":true,"href":"https:\/\/k-beautyci.com\/fr\/wp-json\/wp\/v2\/product_brand?post=4462"},{"taxonomy":"product_cat","embeddable":true,"href":"https:\/\/k-beautyci.com\/fr\/wp-json\/wp\/v2\/product_cat?post=4462"},{"taxonomy":"product_tag","embeddable":true,"href":"https:\/\/k-beautyci.com\/fr\/wp-json\/wp\/v2\/product_tag?post=4462"}],"curies":[{"name":"wp","href":"https:\/\/api.w.org\/{rel}","templated":true}]}}