{"id":446,"date":"2023-03-07T12:00:37","date_gmt":"2023-03-07T12:00:37","guid":{"rendered":"https:\/\/k-beautyci.com\/?post_type=product&#038;p=446"},"modified":"2024-12-28T17:08:24","modified_gmt":"2024-12-28T17:08:24","slug":"kose-softymo-cleansing-oil-speedy-230ml","status":"publish","type":"product","link":"https:\/\/k-beautyci.com\/fr\/produit\/kose-softymo-cleansing-oil-speedy-230ml\/","title":{"rendered":"Kose Softymo Huile D\u00e9maquillante rapide 230ml"},"content":{"rendered":"<p>Un nettoyant doux \u00e0 base d'huile qui \u00e9limine le maquillage, les impuret\u00e9s et le s\u00e9bum. Il \u00e9limine le maquillage lourd et gras ainsi que la cr\u00e8me solaire sans irritation ni sensation de picotement. Laisse la peau douce et hydrat\u00e9e.<\/p>\n<p><b>Comment l'utiliser :<\/b><\/p>\n<ul>\n<li>Appliquer sur peau s\u00e8che comme premi\u00e8re \u00e9tape de la double routine de nettoyage.<\/li>\n<li>Massez d\u00e9licatement votre visage en effectuant des mouvements circulaires.<\/li>\n<li>Laver \u00e0 l'eau ti\u00e8de et poursuivre avec un nettoyant \u00e0 base d'eau.<\/li>\n<\/ul>\n<p>Avertissement : Pour usage externe uniquement. Toujours effectuer un test \u00e9picutan\u00e9. Cessez d'utiliser le produit si vous ressentez une quelconque g\u00eane. Suivre les instructions suppl\u00e9mentaires figurant sur l'emballage. Les r\u00e9sultats individuels peuvent varier.<\/p>","protected":false},"excerpt":{"rendered":"<p>L'huile d\u00e9maquillante \u00e9limine le maquillage, y compris le mascara tenace, ainsi que les cellules mortes et l'exc\u00e8s de salet\u00e9, sans laisser de r\u00e9sidu gras. Sa formule douce, adapt\u00e9e aux peaux s\u00e8ches, \u00e9claircit et nettoie en profondeur, rendant inutile un double nettoyage. Compos\u00e9e de cinq types d'huiles, dont l'huile d'olive, l'huile de jojoba, l'huile de s\u00e9same, l'huile de carthame et le beurre de karit\u00e9, elle maintient la peau hydrat\u00e9e.<\/p>","protected":false},"featured_media":447,"comment_status":"open","ping_status":"closed","template":"","meta":{"om_disable_all_campaigns":false},"product_brand":[],"product_cat":[60,35,98,63],"product_tag":[],"class_list":{"0":"post-446","1":"product","2":"type-product","3":"status-publish","4":"has-post-thumbnail","6":"product_cat-acne","7":"product_cat-face-cleansers","8":"product_cat-kose","9":"product_cat-makeup-removers","11":"first","12":"outofstock","13":"shipping-taxable","14":"purchasable","15":"product-type-simple"},"aioseo_notices":[],"jetpack_sharing_enabled":true,"_links":{"self":[{"href":"https:\/\/k-beautyci.com\/fr\/wp-json\/wp\/v2\/product\/446","targetHints":{"allow":["GET"]}}],"collection":[{"href":"https:\/\/k-beautyci.com\/fr\/wp-json\/wp\/v2\/product"}],"about":[{"href":"https:\/\/k-beautyci.com\/fr\/wp-json\/wp\/v2\/types\/product"}],"replies":[{"embeddable":true,"href":"https:\/\/k-beautyci.com\/fr\/wp-json\/wp\/v2\/comments?post=446"}],"wp:featuredmedia":[{"embeddable":true,"href":"https:\/\/k-beautyci.com\/fr\/wp-json\/wp\/v2\/media\/447"}],"wp:attachment":[{"href":"https:\/\/k-beautyci.com\/fr\/wp-json\/wp\/v2\/media?parent=446"}],"wp:term":[{"taxonomy":"product_brand","embeddable":true,"href":"https:\/\/k-beautyci.com\/fr\/wp-json\/wp\/v2\/product_brand?post=446"},{"taxonomy":"product_cat","embeddable":true,"href":"https:\/\/k-beautyci.com\/fr\/wp-json\/wp\/v2\/product_cat?post=446"},{"taxonomy":"product_tag","embeddable":true,"href":"https:\/\/k-beautyci.com\/fr\/wp-json\/wp\/v2\/product_tag?post=446"}],"curies":[{"name":"wp","href":"https:\/\/api.w.org\/{rel}","templated":true}]}}