{"id":444,"date":"2023-03-07T11:42:21","date_gmt":"2023-03-07T11:42:21","guid":{"rendered":"https:\/\/k-beautyci.com\/?post_type=product&#038;p=444"},"modified":"2026-04-06T22:50:22","modified_gmt":"2026-04-06T22:50:22","slug":"tiam-my-signature-vita-b5-toner-180ml","status":"publish","type":"product","link":"https:\/\/k-beautyci.com\/fr\/produit\/tiam-my-signature-vita-b5-toner-180ml\/","title":{"rendered":"TIA&#8217;M My Signature Vita B5 Toner 180ml"},"content":{"rendered":"<p><b>Avantages :<\/b><\/p>\n<ul>\n<li>Un tonique hydratant formul\u00e9 avec de la provitamine B5 et du NMF pour une hydratation instantan\u00e9e de la peau, des peptides et de la b\u00e9ta\u00efne pour r\u00e9tablir l'\u00e9quilibre de la peau.<\/li>\n<li>Renforce la barri\u00e8re cutan\u00e9e pour pr\u00e9venir les dommages cutan\u00e9s.<\/li>\n<li>Sans alcool.<\/li>\n<li>Sans parfum.<\/li>\n<li>pH faible.<\/li>\n<\/ul>\n<p><b>Comment l'utiliser :<\/b><br \/>\n1. Apr\u00e8s le nettoyage, imbibez un coton avec le produit.<br \/>\n2. Appliquer d\u00e9licatement sur l'ensemble du visage et tapoter pour une meilleure absorption.<\/p>\n<p>Avertissement : Pour usage externe uniquement. Toujours effectuer un test \u00e9picutan\u00e9. Cessez d'utiliser le produit si vous ressentez une quelconque g\u00eane. Suivre les instructions suppl\u00e9mentaires figurant sur l'emballage. Les r\u00e9sultats individuels peuvent varier.<\/p>","protected":false},"excerpt":{"rendered":"<p>Rempli de pro-vitamine B5, ce tonique sans cruaut\u00e9 pr\u00e9pare et hydrate la peau pour l'aider \u00e0 obtenir un \u00e9clat digne d'une star de cin\u00e9ma. Associez-le au s\u00e9rum \u00e0 la vitamine C pour un impact maximal.<\/p>","protected":false},"featured_media":445,"comment_status":"open","ping_status":"closed","template":"","meta":{"om_disable_all_campaigns":false},"product_brand":[],"product_cat":[39,97],"product_tag":[],"class_list":{"0":"post-444","1":"product","2":"type-product","3":"status-publish","4":"has-post-thumbnail","6":"product_cat-face-toners","7":"product_cat-tiam","9":"first","10":"outofstock","11":"sale","12":"shipping-taxable","13":"purchasable","14":"product-type-simple"},"aioseo_notices":[],"jetpack_sharing_enabled":true,"_links":{"self":[{"href":"https:\/\/k-beautyci.com\/fr\/wp-json\/wp\/v2\/product\/444","targetHints":{"allow":["GET"]}}],"collection":[{"href":"https:\/\/k-beautyci.com\/fr\/wp-json\/wp\/v2\/product"}],"about":[{"href":"https:\/\/k-beautyci.com\/fr\/wp-json\/wp\/v2\/types\/product"}],"replies":[{"embeddable":true,"href":"https:\/\/k-beautyci.com\/fr\/wp-json\/wp\/v2\/comments?post=444"}],"wp:featuredmedia":[{"embeddable":true,"href":"https:\/\/k-beautyci.com\/fr\/wp-json\/wp\/v2\/media\/445"}],"wp:attachment":[{"href":"https:\/\/k-beautyci.com\/fr\/wp-json\/wp\/v2\/media?parent=444"}],"wp:term":[{"taxonomy":"product_brand","embeddable":true,"href":"https:\/\/k-beautyci.com\/fr\/wp-json\/wp\/v2\/product_brand?post=444"},{"taxonomy":"product_cat","embeddable":true,"href":"https:\/\/k-beautyci.com\/fr\/wp-json\/wp\/v2\/product_cat?post=444"},{"taxonomy":"product_tag","embeddable":true,"href":"https:\/\/k-beautyci.com\/fr\/wp-json\/wp\/v2\/product_tag?post=444"}],"curies":[{"name":"wp","href":"https:\/\/api.w.org\/{rel}","templated":true}]}}