{"id":4434,"date":"2024-07-08T14:42:58","date_gmt":"2024-07-08T14:42:58","guid":{"rendered":"https:\/\/k-beautyci.com\/?post_type=product&#038;p=4434"},"modified":"2025-11-11T09:29:36","modified_gmt":"2025-11-11T09:29:36","slug":"tocobo-cica-calming-sun-serum-spf50-pa","status":"publish","type":"product","link":"https:\/\/k-beautyci.com\/fr\/produit\/tocobo-cica-calming-sun-serum-spf50-pa\/","title":{"rendered":"TOCOBO CICA CALMING SUN SERUM SPF50+ PA++++"},"content":{"rendered":"<p class=\"accordion-toggle is-open\" data-focus-element=\"\" data-accordion-toggle=\"\" data-block-id=\"tabs-1\">Comment l'utiliser :<\/p>\n<div class=\"rte accordion-content\" data-accordion-body=\"\">\n<p><span class=\"metafield-multi_line_text_field\">\u00c0 la derni\u00e8re \u00e9tape de votre routine de soins de la peau, appliquez la quantit\u00e9 n\u00e9cessaire et tapotez doucement jusqu'\u00e0 absorption compl\u00e8te. Appliquer sur le cou, les bras, les jambes et toute autre zone expos\u00e9e au soleil.<\/span><\/p>\n<p>Avertissement : Pour usage externe uniquement. Toujours effectuer un test \u00e9picutan\u00e9. Cessez d'utiliser le produit si vous ressentez une quelconque g\u00eane. Suivre les instructions suppl\u00e9mentaires figurant sur l'emballage. Les r\u00e9sultats individuels peuvent varier.<\/p>\n<\/div>","protected":false},"excerpt":{"rendered":"<p>Infus\u00e9 de complexe de cica ferment\u00e9 \u00e0 faible poids mol\u00e9culaire, d'acide hyaluronique \u00e0 10 couches et d'extrait de feuille d'alo\u00e8s du Cap : ce s\u00e9rum solaire hydratant et l\u00e9ger aide \u00e0 apaiser et \u00e0 hydrater la peau.<\/p>","protected":false},"featured_media":4437,"comment_status":"open","ping_status":"closed","template":"","meta":{"om_disable_all_campaigns":false},"product_brand":[],"product_cat":[88,77,95],"product_tag":[],"class_list":{"0":"post-4434","1":"product","2":"type-product","3":"status-publish","4":"has-post-thumbnail","6":"product_cat-centella","7":"product_cat-spf-50","8":"product_cat-tocobo","10":"first","11":"instock","12":"sale","13":"shipping-taxable","14":"purchasable","15":"product-type-variable"},"aioseo_notices":[],"jetpack_sharing_enabled":true,"_links":{"self":[{"href":"https:\/\/k-beautyci.com\/fr\/wp-json\/wp\/v2\/product\/4434","targetHints":{"allow":["GET"]}}],"collection":[{"href":"https:\/\/k-beautyci.com\/fr\/wp-json\/wp\/v2\/product"}],"about":[{"href":"https:\/\/k-beautyci.com\/fr\/wp-json\/wp\/v2\/types\/product"}],"replies":[{"embeddable":true,"href":"https:\/\/k-beautyci.com\/fr\/wp-json\/wp\/v2\/comments?post=4434"}],"wp:featuredmedia":[{"embeddable":true,"href":"https:\/\/k-beautyci.com\/fr\/wp-json\/wp\/v2\/media\/4437"}],"wp:attachment":[{"href":"https:\/\/k-beautyci.com\/fr\/wp-json\/wp\/v2\/media?parent=4434"}],"wp:term":[{"taxonomy":"product_brand","embeddable":true,"href":"https:\/\/k-beautyci.com\/fr\/wp-json\/wp\/v2\/product_brand?post=4434"},{"taxonomy":"product_cat","embeddable":true,"href":"https:\/\/k-beautyci.com\/fr\/wp-json\/wp\/v2\/product_cat?post=4434"},{"taxonomy":"product_tag","embeddable":true,"href":"https:\/\/k-beautyci.com\/fr\/wp-json\/wp\/v2\/product_tag?post=4434"}],"curies":[{"name":"wp","href":"https:\/\/api.w.org\/{rel}","templated":true}]}}