{"id":4430,"date":"2024-07-08T18:23:12","date_gmt":"2024-07-08T18:23:12","guid":{"rendered":"https:\/\/k-beautyci.com\/?post_type=product&#038;p=4430"},"modified":"2025-08-09T00:22:33","modified_gmt":"2025-08-09T00:22:33","slug":"cos-de-baha-g-glycolic-acid-10-aha-serum","status":"publish","type":"product","link":"https:\/\/k-beautyci.com\/fr\/produit\/cos-de-baha-g-glycolic-acid-10-aha-serum\/","title":{"rendered":"Cos De BAHA G Glycolic Acid 10 AHA Serum"},"content":{"rendered":"<p>Comment l'utiliser :<\/p>\n<p>Appliquer une quantit\u00e9 mod\u00e9r\u00e9e et masser doucement pour une meilleure absorption.<\/p>\n<div class=\"description-item active\">\n<div class=\"body\">\n<p>Toujours effectuer un test \u00e9picutan\u00e9. Utiliser uniquement selon les instructions. Ne pas utiliser sur une peau ab\u00eem\u00e9e. Si l'irritation ou l'inconfort persistent, cesser l'utilisation et consulter un m\u00e9decin. Suivre les instructions suppl\u00e9mentaires figurant sur l'emballage. Avant de s'exposer au soleil, il est recommand\u00e9 aux utilisateurs de couvrir les zones o\u00f9 les AHA ont \u00e9t\u00e9 appliqu\u00e9s avec un \u00e9cran solaire. Le contact du produit avec la peau doit \u00eatre limit\u00e9 en fr\u00e9quence et en dur\u00e9e. Les r\u00e9sultats individuels peuvent varier.<\/p>\n<\/div>\n<\/div>","protected":false},"excerpt":{"rendered":"<p>Ce s\u00e9rum multifonctionnel contenant 10 % d'acide glycolique minimise l'apparence des cicatrices, am\u00e9liore l'\u00e9lasticit\u00e9 de la peau et apporte hydratation et hydratation. L'acide glycolique offre un effet peeling pour exfolier les cellules mortes de la peau. Cette formule fournit \u00e9galement des soins antirides et \u00e9claircissants pour une peau saine et \u00e9clatante. Le s\u00e9rum est exempt de parab\u00e8nes, de gluten, de formald\u00e9hyde, de parfum, de sulfates et de colorants artificiels.<\/p>\n<p>10\/2025<\/p>","protected":false},"featured_media":4433,"comment_status":"open","ping_status":"closed","template":"","meta":{"om_disable_all_campaigns":false},"product_brand":[],"product_cat":[78,197,31],"product_tag":[],"class_list":{"0":"post-4430","1":"product","2":"type-product","3":"status-publish","4":"has-post-thumbnail","6":"product_cat-aha-bha","7":"product_cat-cos-de-baha","8":"product_cat-face-serums","10":"first","11":"instock","12":"sale","13":"shipping-taxable","14":"purchasable","15":"product-type-simple"},"aioseo_notices":[],"jetpack_sharing_enabled":true,"_links":{"self":[{"href":"https:\/\/k-beautyci.com\/fr\/wp-json\/wp\/v2\/product\/4430","targetHints":{"allow":["GET"]}}],"collection":[{"href":"https:\/\/k-beautyci.com\/fr\/wp-json\/wp\/v2\/product"}],"about":[{"href":"https:\/\/k-beautyci.com\/fr\/wp-json\/wp\/v2\/types\/product"}],"replies":[{"embeddable":true,"href":"https:\/\/k-beautyci.com\/fr\/wp-json\/wp\/v2\/comments?post=4430"}],"wp:featuredmedia":[{"embeddable":true,"href":"https:\/\/k-beautyci.com\/fr\/wp-json\/wp\/v2\/media\/4433"}],"wp:attachment":[{"href":"https:\/\/k-beautyci.com\/fr\/wp-json\/wp\/v2\/media?parent=4430"}],"wp:term":[{"taxonomy":"product_brand","embeddable":true,"href":"https:\/\/k-beautyci.com\/fr\/wp-json\/wp\/v2\/product_brand?post=4430"},{"taxonomy":"product_cat","embeddable":true,"href":"https:\/\/k-beautyci.com\/fr\/wp-json\/wp\/v2\/product_cat?post=4430"},{"taxonomy":"product_tag","embeddable":true,"href":"https:\/\/k-beautyci.com\/fr\/wp-json\/wp\/v2\/product_tag?post=4430"}],"curies":[{"name":"wp","href":"https:\/\/api.w.org\/{rel}","templated":true}]}}