{"id":4422,"date":"2024-07-08T18:23:32","date_gmt":"2024-07-08T18:23:32","guid":{"rendered":"https:\/\/k-beautyci.com\/?post_type=product&#038;p=4422"},"modified":"2024-08-02T15:31:40","modified_gmt":"2024-08-02T15:31:40","slug":"cos-de-baha-s4-salicylic-acid-bha-4-serum","status":"publish","type":"product","link":"https:\/\/k-beautyci.com\/fr\/produit\/cos-de-baha-s4-salicylic-acid-bha-4-serum\/","title":{"rendered":"Cos De BAHA S4 Salicylic Acid BHA 4% Serum"},"content":{"rendered":"<p>Comment l'utiliser :<\/p>\n<p>After cleansing and toning, apply 1~2 drops of serum at night.<\/p>\n<div class=\"description-item active\">\n<div class=\"body\">\n<p><span style=\"font-weight: 400\">Utiliser uniquement selon les instructions. \u00c9viter tout contact avec les yeux. Si l'irritation persiste, cesser l'utilisation et consulter un m\u00e9decin. Avant de s'exposer au soleil, il est recommand\u00e9 aux utilisateurs de couvrir les zones o\u00f9 les AHA ont \u00e9t\u00e9 appliqu\u00e9s avec un \u00e9cran solaire. Le contact du produit avec la peau doit \u00eatre limit\u00e9 en fr\u00e9quence et en dur\u00e9e.<\/span><\/p>\n<\/div>\n<\/div>","protected":false},"excerpt":{"rendered":"<p>Enrichi en acide salicylique et en extrait de feuille d'aloe barbadensis, ce s\u00e9rum a des effets antibact\u00e9riens qui pr\u00e9viennent la formation de boutons et r\u00e9duisent les rougeurs et les irritations. Il hydrate \u00e9galement la peau, \u00e9limine les points noirs, r\u00e9duit l'apparence de l'hyperpigmentation, am\u00e9liore l'\u00e9lasticit\u00e9 de la peau et la prot\u00e8ge contre les dommages caus\u00e9s par le soleil.<\/p>","protected":false},"featured_media":4429,"comment_status":"open","ping_status":"closed","template":"","meta":{"om_disable_all_campaigns":false},"product_brand":[],"product_cat":[78,197,31],"product_tag":[],"class_list":{"0":"post-4422","1":"product","2":"type-product","3":"status-publish","4":"has-post-thumbnail","6":"product_cat-aha-bha","7":"product_cat-cos-de-baha","8":"product_cat-face-serums","10":"first","11":"outofstock","12":"shipping-taxable","13":"purchasable","14":"product-type-simple"},"aioseo_notices":[],"jetpack_sharing_enabled":true,"_links":{"self":[{"href":"https:\/\/k-beautyci.com\/fr\/wp-json\/wp\/v2\/product\/4422","targetHints":{"allow":["GET"]}}],"collection":[{"href":"https:\/\/k-beautyci.com\/fr\/wp-json\/wp\/v2\/product"}],"about":[{"href":"https:\/\/k-beautyci.com\/fr\/wp-json\/wp\/v2\/types\/product"}],"replies":[{"embeddable":true,"href":"https:\/\/k-beautyci.com\/fr\/wp-json\/wp\/v2\/comments?post=4422"}],"wp:featuredmedia":[{"embeddable":true,"href":"https:\/\/k-beautyci.com\/fr\/wp-json\/wp\/v2\/media\/4429"}],"wp:attachment":[{"href":"https:\/\/k-beautyci.com\/fr\/wp-json\/wp\/v2\/media?parent=4422"}],"wp:term":[{"taxonomy":"product_brand","embeddable":true,"href":"https:\/\/k-beautyci.com\/fr\/wp-json\/wp\/v2\/product_brand?post=4422"},{"taxonomy":"product_cat","embeddable":true,"href":"https:\/\/k-beautyci.com\/fr\/wp-json\/wp\/v2\/product_cat?post=4422"},{"taxonomy":"product_tag","embeddable":true,"href":"https:\/\/k-beautyci.com\/fr\/wp-json\/wp\/v2\/product_tag?post=4422"}],"curies":[{"name":"wp","href":"https:\/\/api.w.org\/{rel}","templated":true}]}}