{"id":4407,"date":"2024-07-08T18:22:12","date_gmt":"2024-07-08T18:22:12","guid":{"rendered":"https:\/\/k-beautyci.com\/?post_type=product&#038;p=4407"},"modified":"2024-11-18T13:20:25","modified_gmt":"2024-11-18T13:20:25","slug":"cos-de-baha-vitamin-c-15-ascorbic-acid","status":"publish","type":"product","link":"https:\/\/k-beautyci.com\/fr\/produit\/cos-de-baha-vitamin-c-15-ascorbic-acid\/","title":{"rendered":"Cos De Baha Vitamin C  15% Ascorbic Acid"},"content":{"rendered":"<p><b>Comment l'utiliser :<\/b><\/p>\n<p>Appliquer une petite quantit\u00e9 et masser d\u00e9licatement pour une meilleure absorption.<\/p>\n<p>Avertissement : Pour usage externe uniquement. Toujours effectuer un test \u00e9picutan\u00e9. Cessez d'utiliser le produit si vous ressentez une quelconque g\u00eane. Suivre les instructions suppl\u00e9mentaires figurant sur l'emballage. Les r\u00e9sultats individuels peuvent varier.<\/p>","protected":false},"excerpt":{"rendered":"<p>Redonnez de l'\u00e9clat \u00e0 votre peau terne gr\u00e2ce \u00e0 ce s\u00e9rum contenant 15 % de vitamine C pour \u00e9claircir et unifier le teint. Riche en antioxydants, ce s\u00e9rum aide \u00e0 lutter contre l'hyperpigmentation et \u00e0 prot\u00e9ger la peau contre les radicaux libres. La vitamine B5 et l'acide hyaluronique contenus dans la formule maintiennent la peau pulpeuse et hydrat\u00e9e.<\/p>","protected":false},"featured_media":4413,"comment_status":"open","ping_status":"closed","template":"","meta":{"om_disable_all_campaigns":false},"product_brand":[],"product_cat":[197,52,31,69,72],"product_tag":[],"class_list":{"0":"post-4407","1":"product","2":"type-product","3":"status-publish","4":"has-post-thumbnail","6":"product_cat-cos-de-baha","7":"product_cat-dark-spots","8":"product_cat-face-serums","9":"product_cat-hyaluronic-acid","10":"product_cat-vitamin-c","12":"first","13":"outofstock","14":"shipping-taxable","15":"purchasable","16":"product-type-simple"},"aioseo_notices":[],"jetpack_sharing_enabled":true,"_links":{"self":[{"href":"https:\/\/k-beautyci.com\/fr\/wp-json\/wp\/v2\/product\/4407","targetHints":{"allow":["GET"]}}],"collection":[{"href":"https:\/\/k-beautyci.com\/fr\/wp-json\/wp\/v2\/product"}],"about":[{"href":"https:\/\/k-beautyci.com\/fr\/wp-json\/wp\/v2\/types\/product"}],"replies":[{"embeddable":true,"href":"https:\/\/k-beautyci.com\/fr\/wp-json\/wp\/v2\/comments?post=4407"}],"wp:featuredmedia":[{"embeddable":true,"href":"https:\/\/k-beautyci.com\/fr\/wp-json\/wp\/v2\/media\/4413"}],"wp:attachment":[{"href":"https:\/\/k-beautyci.com\/fr\/wp-json\/wp\/v2\/media?parent=4407"}],"wp:term":[{"taxonomy":"product_brand","embeddable":true,"href":"https:\/\/k-beautyci.com\/fr\/wp-json\/wp\/v2\/product_brand?post=4407"},{"taxonomy":"product_cat","embeddable":true,"href":"https:\/\/k-beautyci.com\/fr\/wp-json\/wp\/v2\/product_cat?post=4407"},{"taxonomy":"product_tag","embeddable":true,"href":"https:\/\/k-beautyci.com\/fr\/wp-json\/wp\/v2\/product_tag?post=4407"}],"curies":[{"name":"wp","href":"https:\/\/api.w.org\/{rel}","templated":true}]}}