{"id":4400,"date":"2024-07-08T18:21:26","date_gmt":"2024-07-08T18:21:26","guid":{"rendered":"https:\/\/k-beautyci.com\/?post_type=product&#038;p=4400"},"modified":"2025-09-25T15:39:08","modified_gmt":"2025-09-25T15:39:08","slug":"cosrx-pure-fit-cica-creamy-foam-cleanser-75ml","status":"publish","type":"product","link":"https:\/\/k-beautyci.com\/fr\/produit\/cosrx-pure-fit-cica-creamy-foam-cleanser-75ml\/","title":{"rendered":"COSRX Pure Fit CICA Creamy Foam Cleanser 75ml"},"content":{"rendered":"<p>Comment l'utiliser :<\/p>\n<p>Verser la quantit\u00e9 n\u00e9cessaire dans les mains humides et frotter pour obtenir une mousse abondante. Masser d\u00e9licatement la mousse sur la peau humide. Rincer abondamment \u00e0 l'eau ti\u00e8de.<\/p>\n<p>&nbsp;<\/p>\n<p>Avertissement : Pour usage externe uniquement. Toujours effectuer un test \u00e9picutan\u00e9. Cessez d'utiliser le produit si vous ressentez une quelconque g\u00eane. Suivre les instructions suppl\u00e9mentaires figurant sur l'emballage. Les r\u00e9sultats individuels peuvent varier.<\/p>","protected":false},"excerpt":{"rendered":"<p>Doux mais puissant, un nettoyant rafra\u00eechissant \u00e0 base d'eau con\u00e7u avec 91 % d'ingr\u00e9dients naturels. La mousse nettoyante cr\u00e9meuse Pure Fit CICA de COSRX \u00e9limine les huiles et les impuret\u00e9s pour un teint lisse. Ses 7 composants de centella asiatica prot\u00e8gent la barri\u00e8re d'hydratation naturelle de la peau, favorisant une texture uniforme et lisse, tandis que les 91 % de surfactants naturels et d'autres ingr\u00e9dients aident \u00e0 contr\u00f4ler le s\u00e9bum et \u00e0 nettoyer les pores en profondeur.<\/p>","protected":false},"featured_media":4406,"comment_status":"open","ping_status":"closed","template":"","meta":{"om_disable_all_campaigns":false},"product_brand":[],"product_cat":[88,51,35],"product_tag":[],"class_list":{"0":"post-4400","1":"product","2":"type-product","3":"status-publish","4":"has-post-thumbnail","6":"product_cat-centella","7":"product_cat-cosrx","8":"product_cat-face-cleansers","10":"first","11":"outofstock","12":"sale","13":"shipping-taxable","14":"purchasable","15":"product-type-simple"},"aioseo_notices":[],"jetpack_sharing_enabled":true,"_links":{"self":[{"href":"https:\/\/k-beautyci.com\/fr\/wp-json\/wp\/v2\/product\/4400","targetHints":{"allow":["GET"]}}],"collection":[{"href":"https:\/\/k-beautyci.com\/fr\/wp-json\/wp\/v2\/product"}],"about":[{"href":"https:\/\/k-beautyci.com\/fr\/wp-json\/wp\/v2\/types\/product"}],"replies":[{"embeddable":true,"href":"https:\/\/k-beautyci.com\/fr\/wp-json\/wp\/v2\/comments?post=4400"}],"wp:featuredmedia":[{"embeddable":true,"href":"https:\/\/k-beautyci.com\/fr\/wp-json\/wp\/v2\/media\/4406"}],"wp:attachment":[{"href":"https:\/\/k-beautyci.com\/fr\/wp-json\/wp\/v2\/media?parent=4400"}],"wp:term":[{"taxonomy":"product_brand","embeddable":true,"href":"https:\/\/k-beautyci.com\/fr\/wp-json\/wp\/v2\/product_brand?post=4400"},{"taxonomy":"product_cat","embeddable":true,"href":"https:\/\/k-beautyci.com\/fr\/wp-json\/wp\/v2\/product_cat?post=4400"},{"taxonomy":"product_tag","embeddable":true,"href":"https:\/\/k-beautyci.com\/fr\/wp-json\/wp\/v2\/product_tag?post=4400"}],"curies":[{"name":"wp","href":"https:\/\/api.w.org\/{rel}","templated":true}]}}