{"id":4396,"date":"2024-07-08T21:48:01","date_gmt":"2024-07-08T21:48:01","guid":{"rendered":"https:\/\/k-beautyci.com\/?post_type=product&#038;p=4396"},"modified":"2025-11-09T21:01:56","modified_gmt":"2025-11-09T21:01:56","slug":"cosrx-pure-fit-cica-smoothing-cleansing-balm","status":"publish","type":"product","link":"https:\/\/k-beautyci.com\/fr\/produit\/cosrx-pure-fit-cica-smoothing-cleansing-balm\/","title":{"rendered":"COSRX Pure Fit CICA Smoothing Cleansing Balm"},"content":{"rendered":"<p>Comment l'utiliser :<\/p>\n<div class=\"description-item active\">\n<div class=\"body\">D\u00e9posez une quantit\u00e9 suffisante dans vos paumes. Masser le produit sur la peau s\u00e8che pour faire fondre et enlever le maquillage. Rincer \u00e0 l'eau ti\u00e8de.<br \/>\nAvertissement : Pour usage externe uniquement. Toujours effectuer un test \u00e9picutan\u00e9. Cessez d'utiliser le produit si vous ressentez une quelconque g\u00eane. Suivre les instructions suppl\u00e9mentaires figurant sur l'emballage. Les r\u00e9sultats individuels peuvent varier.<\/p>\n<\/div>\n<\/div>","protected":false},"excerpt":{"rendered":"<p>Ce baume d\u00e9maquillant en forme de sorbet prend soin de la peau sensible, la laissant douce et fra\u00eeche. Le baume fond au fur et \u00e0 mesure que vous r\u00e9chauffez le produit sur votre peau et que vous rincez le maquillage. Le complexe Pure Fit Cica-7 offre une hydratation profonde et durable, favorisant un teint uniforme.<\/p>","protected":false},"featured_media":4399,"comment_status":"open","ping_status":"closed","template":"","meta":{"om_disable_all_campaigns":false},"product_brand":[],"product_cat":[51,63],"product_tag":[],"class_list":{"0":"post-4396","1":"product","2":"type-product","3":"status-publish","4":"has-post-thumbnail","6":"product_cat-cosrx","7":"product_cat-makeup-removers","9":"first","10":"outofstock","11":"sale","12":"shipping-taxable","13":"purchasable","14":"product-type-simple"},"aioseo_notices":[],"jetpack_sharing_enabled":true,"_links":{"self":[{"href":"https:\/\/k-beautyci.com\/fr\/wp-json\/wp\/v2\/product\/4396","targetHints":{"allow":["GET"]}}],"collection":[{"href":"https:\/\/k-beautyci.com\/fr\/wp-json\/wp\/v2\/product"}],"about":[{"href":"https:\/\/k-beautyci.com\/fr\/wp-json\/wp\/v2\/types\/product"}],"replies":[{"embeddable":true,"href":"https:\/\/k-beautyci.com\/fr\/wp-json\/wp\/v2\/comments?post=4396"}],"wp:featuredmedia":[{"embeddable":true,"href":"https:\/\/k-beautyci.com\/fr\/wp-json\/wp\/v2\/media\/4399"}],"wp:attachment":[{"href":"https:\/\/k-beautyci.com\/fr\/wp-json\/wp\/v2\/media?parent=4396"}],"wp:term":[{"taxonomy":"product_brand","embeddable":true,"href":"https:\/\/k-beautyci.com\/fr\/wp-json\/wp\/v2\/product_brand?post=4396"},{"taxonomy":"product_cat","embeddable":true,"href":"https:\/\/k-beautyci.com\/fr\/wp-json\/wp\/v2\/product_cat?post=4396"},{"taxonomy":"product_tag","embeddable":true,"href":"https:\/\/k-beautyci.com\/fr\/wp-json\/wp\/v2\/product_tag?post=4396"}],"curies":[{"name":"wp","href":"https:\/\/api.w.org\/{rel}","templated":true}]}}