{"id":4385,"date":"2024-07-08T16:01:13","date_gmt":"2024-07-08T16:01:13","guid":{"rendered":"https:\/\/k-beautyci.com\/?post_type=product&#038;p=4385"},"modified":"2025-03-23T12:53:34","modified_gmt":"2025-03-23T12:53:34","slug":"cosrx-one-step-original-clear-toning-pad","status":"publish","type":"product","link":"https:\/\/k-beautyci.com\/fr\/produit\/cosrx-one-step-original-clear-toning-pad\/","title":{"rendered":"COSRX One Step Original Clear Toning Pad"},"content":{"rendered":"<p>Comment l'utiliser :<\/p>\n<div class=\"description-item active\">\n<div class=\"body\">\n<p>Apr\u00e8s le nettoyage, utiliser ces tampons comme tonique en passant d\u00e9licatement un tampon pr\u00e9-imbib\u00e9 sur le visage, la poitrine ou le dos. \u00c9viter le contour des yeux. Utilisez d'abord le c\u00f4t\u00e9 textur\u00e9 du tampon, puis retournez-le et utilisez le c\u00f4t\u00e9 lisse pour ramasser l'exc\u00e8s de d\u00e9bris. Ne rincez pas le produit et passez aux \u00e9tapes suivantes du soin de la peau.<\/p>\n<p>Avertissement : Pour usage externe uniquement. Toujours effectuer un test \u00e9picutan\u00e9. Cessez d'utiliser le produit si vous ressentez une quelconque g\u00eane. Suivre les instructions suppl\u00e9mentaires figurant sur la bo\u00eete. Les r\u00e9sultats individuels peuvent varier.<\/p>\n<\/div>\n<\/div>\n<div class=\"description-item\">\n<h2 class=\"title\"><\/h2>\n<\/div>","protected":false},"excerpt":{"rendered":"<p>Pour un teint uniforme, ces tampons toniques pr\u00e9-imbib\u00e9s sont formul\u00e9s pour \u00e9liminer l'exc\u00e8s de s\u00e9bum et les r\u00e9sidus laiss\u00e9s par le nettoyage. Contenant des ingr\u00e9dients tels que l'eau d'\u00e9corce de saule et le salicylate de b\u00e9ta\u00efne, ces tampons vous laissent une peau plus douce et plus souple. Ils peuvent \u00e9galement \u00eatre utilis\u00e9s sur la poitrine et le dos pour r\u00e9duire visiblement les imperfections sp\u00e9cifiques \u00e0 certaines zones.<\/p>","protected":false},"featured_media":4395,"comment_status":"open","ping_status":"closed","template":"","meta":{"om_disable_all_campaigns":false},"product_brand":[],"product_cat":[51,39],"product_tag":[],"class_list":{"0":"post-4385","1":"product","2":"type-product","3":"status-publish","4":"has-post-thumbnail","6":"product_cat-cosrx","7":"product_cat-face-toners","9":"first","10":"outofstock","11":"sale","12":"shipping-taxable","13":"purchasable","14":"product-type-simple"},"aioseo_notices":[],"jetpack_sharing_enabled":true,"_links":{"self":[{"href":"https:\/\/k-beautyci.com\/fr\/wp-json\/wp\/v2\/product\/4385","targetHints":{"allow":["GET"]}}],"collection":[{"href":"https:\/\/k-beautyci.com\/fr\/wp-json\/wp\/v2\/product"}],"about":[{"href":"https:\/\/k-beautyci.com\/fr\/wp-json\/wp\/v2\/types\/product"}],"replies":[{"embeddable":true,"href":"https:\/\/k-beautyci.com\/fr\/wp-json\/wp\/v2\/comments?post=4385"}],"wp:featuredmedia":[{"embeddable":true,"href":"https:\/\/k-beautyci.com\/fr\/wp-json\/wp\/v2\/media\/4395"}],"wp:attachment":[{"href":"https:\/\/k-beautyci.com\/fr\/wp-json\/wp\/v2\/media?parent=4385"}],"wp:term":[{"taxonomy":"product_brand","embeddable":true,"href":"https:\/\/k-beautyci.com\/fr\/wp-json\/wp\/v2\/product_brand?post=4385"},{"taxonomy":"product_cat","embeddable":true,"href":"https:\/\/k-beautyci.com\/fr\/wp-json\/wp\/v2\/product_cat?post=4385"},{"taxonomy":"product_tag","embeddable":true,"href":"https:\/\/k-beautyci.com\/fr\/wp-json\/wp\/v2\/product_tag?post=4385"}],"curies":[{"name":"wp","href":"https:\/\/api.w.org\/{rel}","templated":true}]}}