{"id":4380,"date":"2024-07-08T18:18:05","date_gmt":"2024-07-08T18:18:05","guid":{"rendered":"https:\/\/k-beautyci.com\/?post_type=product&#038;p=4380"},"modified":"2025-08-18T21:22:23","modified_gmt":"2025-08-18T21:22:23","slug":"cosrx-ultimate-nourishing-rice-overnight-spa-mask","status":"publish","type":"product","link":"https:\/\/k-beautyci.com\/fr\/produit\/cosrx-ultimate-nourishing-rice-overnight-spa-mask\/","title":{"rendered":"COSRX Ultimate Nourishing Rice Overnight Spa Mask"},"content":{"rendered":"<p>Comment l'utiliser :<\/p>\n<p>Apr\u00e8s le soin de nuit, appliquer g\u00e9n\u00e9reusement sur le visage et le cou en massant d\u00e9licatement. Rincer \u00e0 l'eau ti\u00e8de le lendemain matin.<\/p>\n<p>Avertissement : Pour usage externe uniquement. Toujours effectuer un test \u00e9picutan\u00e9. Cessez d'utiliser le produit si vous ressentez une quelconque g\u00eane. Suivre les instructions suppl\u00e9mentaires figurant sur l'emballage. Les r\u00e9sultats individuels peuvent varier.<\/p>","protected":false},"excerpt":{"rendered":"<p>R\u00e9veillez-vous avec une peau rajeunie. Compos\u00e9 \u00e0 68% d'extrait de riz, ce masque de sommeil COSRX, favori des fans, illumine et laisse la peau douce pendant toute la nuit. L'eau de riz et l'extrait de riz sont riches en antioxydants, ce qui favorise une texture lisse. Le niacinamide minimise l'apparence des pores tout en rehaussant l'\u00e9clat naturel de la peau.<\/p>","protected":false},"featured_media":4384,"comment_status":"open","ping_status":"closed","template":"","meta":{"om_disable_all_campaigns":false},"product_brand":[],"product_cat":[51,62,26,74],"product_tag":[],"class_list":{"0":"post-4380","1":"product","2":"type-product","3":"status-publish","4":"has-post-thumbnail","6":"product_cat-cosrx","7":"product_cat-face-masks","8":"product_cat-face-moisturizer","9":"product_cat-niacinamide","11":"first","12":"outofstock","13":"sale","14":"shipping-taxable","15":"purchasable","16":"product-type-simple"},"aioseo_notices":[],"jetpack_sharing_enabled":true,"_links":{"self":[{"href":"https:\/\/k-beautyci.com\/fr\/wp-json\/wp\/v2\/product\/4380","targetHints":{"allow":["GET"]}}],"collection":[{"href":"https:\/\/k-beautyci.com\/fr\/wp-json\/wp\/v2\/product"}],"about":[{"href":"https:\/\/k-beautyci.com\/fr\/wp-json\/wp\/v2\/types\/product"}],"replies":[{"embeddable":true,"href":"https:\/\/k-beautyci.com\/fr\/wp-json\/wp\/v2\/comments?post=4380"}],"wp:featuredmedia":[{"embeddable":true,"href":"https:\/\/k-beautyci.com\/fr\/wp-json\/wp\/v2\/media\/4384"}],"wp:attachment":[{"href":"https:\/\/k-beautyci.com\/fr\/wp-json\/wp\/v2\/media?parent=4380"}],"wp:term":[{"taxonomy":"product_brand","embeddable":true,"href":"https:\/\/k-beautyci.com\/fr\/wp-json\/wp\/v2\/product_brand?post=4380"},{"taxonomy":"product_cat","embeddable":true,"href":"https:\/\/k-beautyci.com\/fr\/wp-json\/wp\/v2\/product_cat?post=4380"},{"taxonomy":"product_tag","embeddable":true,"href":"https:\/\/k-beautyci.com\/fr\/wp-json\/wp\/v2\/product_tag?post=4380"}],"curies":[{"name":"wp","href":"https:\/\/api.w.org\/{rel}","templated":true}]}}