{"id":4374,"date":"2024-07-08T15:59:53","date_gmt":"2024-07-08T15:59:53","guid":{"rendered":"https:\/\/k-beautyci.com\/?post_type=product&#038;p=4374"},"modified":"2025-06-18T09:51:52","modified_gmt":"2025-06-18T09:51:52","slug":"nineless-b-boost-1-kojic-acid-toner-200ml","status":"publish","type":"product","link":"https:\/\/k-beautyci.com\/fr\/produit\/nineless-b-boost-1-kojic-acid-toner-200ml\/","title":{"rendered":"NINELESS &#8211; B-Boost 1% Kojic Acid Toner 200ml"},"content":{"rendered":"<p>Comment l'utiliser :<\/p>\n<p>Apr\u00e8s le nettoyage, bien agiter et appliquer une quantit\u00e9 mod\u00e9r\u00e9e sur le visage et le cou \u00e0 l'aide d'un coton ou de vos mains.<\/p>\n<div class=\"description-item active\">\n<div class=\"body\">\n<p>Avertissement : Pour usage externe uniquement. Toujours effectuer un test \u00e9picutan\u00e9. Cessez d'utiliser le produit si vous ressentez une quelconque g\u00eane. Suivre les instructions suppl\u00e9mentaires figurant sur l'emballage. Les r\u00e9sultats individuels peuvent varier.<\/p>\n<\/div>\n<\/div>","protected":false},"excerpt":{"rendered":"<p>R\u00e9v\u00e9ler un teint radieux et un ton de peau uniforme avec le tonique Nineless B-Boost 1% Kojic Acid, qui exploite la puissance de l'acide kojique, du niacinamide et d'un m\u00e9lange de quatre ingr\u00e9dients ferment\u00e9s pour une apparence revitalis\u00e9e et lumineuse.<\/p>\n<ul>\n<li>Contient 1% d'acide kojique pour d\u00e9voiler une peau plus lumineuse, qui aide \u00e0 inhiber la production de m\u00e9lanine et \u00e0 estomper les taches brunes.<\/li>\n<li>Le niacinamide est une vitamine puissante qui aide \u00e0 renforcer la barri\u00e8re cutan\u00e9e et \u00e0 r\u00e9duire l'inflammation.<\/li>\n<li>Favorise une peau plus ferme et renforce l'\u00e9lasticit\u00e9 de la peau gr\u00e2ce aux effets raffermissants de l'ad\u00e9nosine et de 4 ingr\u00e9dients de ferment.<\/li>\n<li>Sans cruaut\u00e9 et formul\u00e9 sans parfum artificiel, sans huile essentielle et sans alcools siccatifs.<\/li>\n<\/ul>\n<p>Pair this Korean toner with\u00a0<a title=\"Nineless B-Boost 1% Kojic Acid Serum\" href=\"https:\/\/k-beautyci.com\/fr\/produit\/nineless-b-boost-1-kojic-acid-serum-30ml\/\">B-Boost 1% Kojic Acid Serum<\/a>\u00a0for a potent brightening duo. It is suitable for all skin types.<\/p>","protected":false},"featured_media":4379,"comment_status":"open","ping_status":"closed","template":"","meta":{"om_disable_all_campaigns":false},"product_brand":[],"product_cat":[52,39,191],"product_tag":[],"class_list":{"0":"post-4374","1":"product","2":"type-product","3":"status-publish","4":"has-post-thumbnail","6":"product_cat-dark-spots","7":"product_cat-face-toners","8":"product_cat-nineless","10":"first","11":"instock","12":"sale","13":"shipping-taxable","14":"purchasable","15":"product-type-simple"},"aioseo_notices":[],"jetpack_sharing_enabled":true,"_links":{"self":[{"href":"https:\/\/k-beautyci.com\/fr\/wp-json\/wp\/v2\/product\/4374","targetHints":{"allow":["GET"]}}],"collection":[{"href":"https:\/\/k-beautyci.com\/fr\/wp-json\/wp\/v2\/product"}],"about":[{"href":"https:\/\/k-beautyci.com\/fr\/wp-json\/wp\/v2\/types\/product"}],"replies":[{"embeddable":true,"href":"https:\/\/k-beautyci.com\/fr\/wp-json\/wp\/v2\/comments?post=4374"}],"wp:featuredmedia":[{"embeddable":true,"href":"https:\/\/k-beautyci.com\/fr\/wp-json\/wp\/v2\/media\/4379"}],"wp:attachment":[{"href":"https:\/\/k-beautyci.com\/fr\/wp-json\/wp\/v2\/media?parent=4374"}],"wp:term":[{"taxonomy":"product_brand","embeddable":true,"href":"https:\/\/k-beautyci.com\/fr\/wp-json\/wp\/v2\/product_brand?post=4374"},{"taxonomy":"product_cat","embeddable":true,"href":"https:\/\/k-beautyci.com\/fr\/wp-json\/wp\/v2\/product_cat?post=4374"},{"taxonomy":"product_tag","embeddable":true,"href":"https:\/\/k-beautyci.com\/fr\/wp-json\/wp\/v2\/product_tag?post=4374"}],"curies":[{"name":"wp","href":"https:\/\/api.w.org\/{rel}","templated":true}]}}