{"id":4355,"date":"2024-07-08T22:03:24","date_gmt":"2024-07-08T22:03:24","guid":{"rendered":"https:\/\/k-beautyci.com\/?post_type=product&#038;p=4355"},"modified":"2025-11-27T16:31:24","modified_gmt":"2025-11-27T16:31:24","slug":"jumiso-snail-mucin-88-peptide-cream-100ml","status":"publish","type":"product","link":"https:\/\/k-beautyci.com\/fr\/produit\/jumiso-snail-mucin-88-peptide-cream-100ml\/","title":{"rendered":"JUMISO Snail Mucin 88 + Peptide Cream"},"content":{"rendered":"<p>Comment l'utiliser :<\/p>\n<div class=\"description-item active\">\n<div class=\"body\">\n<p>Apr\u00e8s avoir nettoy\u00e9 et tonifi\u00e9 le visage, appliquer d\u00e9licatement une quantit\u00e9 ad\u00e9quate de cr\u00e8me sur le visage, en \u00e9vitant le contour des yeux et de la bouche.<\/p>\n<p>Avertissement : Pour usage externe uniquement. Toujours effectuer un test \u00e9picutan\u00e9. Cessez d'utiliser le produit si vous ressentez une quelconque g\u00eane. Suivre les instructions suppl\u00e9mentaires figurant sur l'emballage. Les r\u00e9sultats individuels peuvent varier.<\/p>\n<\/div>\n<\/div>\n<div class=\"description-item\">\n<h2 class=\"title\"><\/h2>\n<\/div>","protected":false},"excerpt":{"rendered":"<p>CLINIQUEMENT PROUV\u00c9, NON COM\u00c9DOG\u00c8NE - CR\u00c8ME R\u00c9PARATRICE PERFECTRICE DE PEAU | LE SAUVEUR DE LA PEAU POUR LES PEAUX \u00c0 PROBL\u00c8MES<\/p>\n<p>LE MEILLEUR M\u00c9LANGE EN POTS - Complexe de 5 peptides : stimule la production de collag\u00e8ne et donne de l'\u00e9lasticit\u00e9 \u00e0 la peau.<\/p>\n<p>FORMULE MULTIFONCTIONNELLE :\u00a0<strong>+ <\/strong>50% Apaisement de la barri\u00e8re cutan\u00e9e, + 47% Am\u00e9lioration de l'acn\u00e9, + 41% Contr\u00f4le de l'huile<\/p>\n<p>SANS FRAGRANCE, SANS CRUIT\u00c9 - Parfait pour les peaux grasses et sujettes \u00e0 l'acn\u00e9. Convient \u00e0 tous les types de peau.<\/p>\n<p>L\u00c9G\u00c8RET\u00c9 ET NON COLLANT - Texture l\u00e9g\u00e8re, semblable \u00e0 un gel, qui p\u00e9n\u00e8tre sans effort dans la peau, la laissant hydrat\u00e9e sans aucun r\u00e9sidu collant.<\/p>","protected":false},"featured_media":4362,"comment_status":"open","ping_status":"closed","template":"","meta":{"om_disable_all_campaigns":false},"product_brand":[],"product_cat":[26,153],"product_tag":[],"class_list":{"0":"post-4355","1":"product","2":"type-product","3":"status-publish","4":"has-post-thumbnail","6":"product_cat-face-moisturizer","7":"product_cat-jumiso","9":"first","10":"instock","11":"shipping-taxable","12":"purchasable","13":"product-type-variable"},"aioseo_notices":[],"jetpack_sharing_enabled":true,"_links":{"self":[{"href":"https:\/\/k-beautyci.com\/fr\/wp-json\/wp\/v2\/product\/4355","targetHints":{"allow":["GET"]}}],"collection":[{"href":"https:\/\/k-beautyci.com\/fr\/wp-json\/wp\/v2\/product"}],"about":[{"href":"https:\/\/k-beautyci.com\/fr\/wp-json\/wp\/v2\/types\/product"}],"replies":[{"embeddable":true,"href":"https:\/\/k-beautyci.com\/fr\/wp-json\/wp\/v2\/comments?post=4355"}],"wp:featuredmedia":[{"embeddable":true,"href":"https:\/\/k-beautyci.com\/fr\/wp-json\/wp\/v2\/media\/4362"}],"wp:attachment":[{"href":"https:\/\/k-beautyci.com\/fr\/wp-json\/wp\/v2\/media?parent=4355"}],"wp:term":[{"taxonomy":"product_brand","embeddable":true,"href":"https:\/\/k-beautyci.com\/fr\/wp-json\/wp\/v2\/product_brand?post=4355"},{"taxonomy":"product_cat","embeddable":true,"href":"https:\/\/k-beautyci.com\/fr\/wp-json\/wp\/v2\/product_cat?post=4355"},{"taxonomy":"product_tag","embeddable":true,"href":"https:\/\/k-beautyci.com\/fr\/wp-json\/wp\/v2\/product_tag?post=4355"}],"curies":[{"name":"wp","href":"https:\/\/api.w.org\/{rel}","templated":true}]}}