{"id":4339,"date":"2024-07-10T05:52:17","date_gmt":"2024-07-10T05:52:17","guid":{"rendered":"https:\/\/k-beautyci.com\/?post_type=product&#038;p=4339"},"modified":"2025-10-19T00:44:34","modified_gmt":"2025-10-19T00:44:34","slug":"tiam-vita-a-bakuchiol-firming-eye-cream","status":"publish","type":"product","link":"https:\/\/k-beautyci.com\/fr\/produit\/tiam-vita-a-bakuchiol-firming-eye-cream\/","title":{"rendered":"TIA&#8217;M VITA A BAKUCHIOL FIRMING EYE CREAM"},"content":{"rendered":"<p>Comment l'utiliser :<\/p>\n<p>Appliquer une petite quantit\u00e9 sur le doigt et tapoter d\u00e9licatement le contour de l'\u0153il.<br \/>\nLorsque vous utilisez la cr\u00e8me pour les yeux sous les yeux, utilisez le produit restant pour r\u00e9duire les ridules entre les sourcils et autour de la bouche et les rides du sourire.<\/p>\n<div class=\"description-item active\">\n<div class=\"body\">\n<p>Avertissement : Pour usage externe uniquement. Toujours effectuer un test \u00e9picutan\u00e9. Cessez d'utiliser le produit si vous ressentez une quelconque g\u00eane. Suivre les instructions suppl\u00e9mentaires figurant sur la bo\u00eete. Les r\u00e9sultats individuels peuvent varier.<\/p>\n<\/div>\n<\/div>\n<div class=\"description-item\">\n<h2 class=\"title\"><\/h2>\n<\/div>","protected":false},"excerpt":{"rendered":"<p>[Vitamin A + Bakuchiol + 5-Peptide Complex] An eye cream that visibly firms and moisturizes your delicate eye area.Harnessing the anti-aging benefits of Vitamin A and antioxidant-rich bakuchiol, this eye cream helps reduce wrinkles and fine lines for a rejuvenated look. It also contains peptide complex to smooth and firm up skin. The creamy yet lightweight texture absorbs readily into skin without leaving a sticky after-feel.<\/p>\n","protected":false},"featured_media":4347,"comment_status":"open","ping_status":"closed","template":"","meta":{"om_disable_all_campaigns":false},"product_brand":[],"product_cat":[57,38,97],"product_tag":[],"class_list":{"0":"post-4339","1":"product","2":"type-product","3":"status-publish","4":"has-post-thumbnail","6":"product_cat-anti-aging","7":"product_cat-eye-care","8":"product_cat-tiam","10":"first","11":"instock","12":"shipping-taxable","13":"purchasable","14":"product-type-simple"},"aioseo_notices":[],"jetpack_sharing_enabled":true,"_links":{"self":[{"href":"https:\/\/k-beautyci.com\/fr\/wp-json\/wp\/v2\/product\/4339","targetHints":{"allow":["GET"]}}],"collection":[{"href":"https:\/\/k-beautyci.com\/fr\/wp-json\/wp\/v2\/product"}],"about":[{"href":"https:\/\/k-beautyci.com\/fr\/wp-json\/wp\/v2\/types\/product"}],"replies":[{"embeddable":true,"href":"https:\/\/k-beautyci.com\/fr\/wp-json\/wp\/v2\/comments?post=4339"}],"wp:featuredmedia":[{"embeddable":true,"href":"https:\/\/k-beautyci.com\/fr\/wp-json\/wp\/v2\/media\/4347"}],"wp:attachment":[{"href":"https:\/\/k-beautyci.com\/fr\/wp-json\/wp\/v2\/media?parent=4339"}],"wp:term":[{"taxonomy":"product_brand","embeddable":true,"href":"https:\/\/k-beautyci.com\/fr\/wp-json\/wp\/v2\/product_brand?post=4339"},{"taxonomy":"product_cat","embeddable":true,"href":"https:\/\/k-beautyci.com\/fr\/wp-json\/wp\/v2\/product_cat?post=4339"},{"taxonomy":"product_tag","embeddable":true,"href":"https:\/\/k-beautyci.com\/fr\/wp-json\/wp\/v2\/product_tag?post=4339"}],"curies":[{"name":"wp","href":"https:\/\/api.w.org\/{rel}","templated":true}]}}