{"id":4335,"date":"2024-07-08T18:19:57","date_gmt":"2024-07-08T18:19:57","guid":{"rendered":"https:\/\/k-beautyci.com\/?post_type=product&#038;p=4335"},"modified":"2026-02-16T23:04:59","modified_gmt":"2026-02-16T23:04:59","slug":"tiam-vita-a-bakuchiol-youth-serum-40ml","status":"publish","type":"product","link":"https:\/\/k-beautyci.com\/fr\/produit\/tiam-vita-a-bakuchiol-youth-serum-40ml\/","title":{"rendered":"TIA&#8217;M VITA A BAKUCHIOL YOUTH SERUM 40ML"},"content":{"rendered":"<p>Comment l'utiliser :<\/p>\n<p>Appliquer uniform\u00e9ment sur le visage et tapoter d\u00e9licatement pour une meilleure absorption. Pour la journ\u00e9e, terminer par une protection solaire.<\/p>\n<div class=\"description-item active\">\n<div class=\"body\">\n<p>Avertissement : Pour usage externe uniquement. Toujours effectuer un test \u00e9picutan\u00e9. Cessez d'utiliser le produit si vous ressentez une quelconque g\u00eane. Suivre les instructions suppl\u00e9mentaires figurant sur la bo\u00eete. Les r\u00e9sultats individuels peuvent varier.<\/p>\n<\/div>\n<\/div>\n<div class=\"description-item\">\n<h2 class=\"title\"><\/h2>\n<\/div>","protected":false},"excerpt":{"rendered":"<p>[Vitamin A + Bakuchiol + Fish Collagen] An anti-aging serum that helps to slow down the signs of aging like flind lines and wrinkles, discoloration, and loss of firmness.<\/p>\n","protected":false},"featured_media":4338,"comment_status":"open","ping_status":"closed","template":"","meta":{"om_disable_all_campaigns":false},"product_brand":[],"product_cat":[57,52,31,97],"product_tag":[],"class_list":{"0":"post-4335","1":"product","2":"type-product","3":"status-publish","4":"has-post-thumbnail","6":"product_cat-anti-aging","7":"product_cat-dark-spots","8":"product_cat-face-serums","9":"product_cat-tiam","11":"first","12":"instock","13":"sale","14":"shipping-taxable","15":"purchasable","16":"product-type-simple"},"aioseo_notices":[],"jetpack_sharing_enabled":true,"_links":{"self":[{"href":"https:\/\/k-beautyci.com\/fr\/wp-json\/wp\/v2\/product\/4335","targetHints":{"allow":["GET"]}}],"collection":[{"href":"https:\/\/k-beautyci.com\/fr\/wp-json\/wp\/v2\/product"}],"about":[{"href":"https:\/\/k-beautyci.com\/fr\/wp-json\/wp\/v2\/types\/product"}],"replies":[{"embeddable":true,"href":"https:\/\/k-beautyci.com\/fr\/wp-json\/wp\/v2\/comments?post=4335"}],"wp:featuredmedia":[{"embeddable":true,"href":"https:\/\/k-beautyci.com\/fr\/wp-json\/wp\/v2\/media\/4338"}],"wp:attachment":[{"href":"https:\/\/k-beautyci.com\/fr\/wp-json\/wp\/v2\/media?parent=4335"}],"wp:term":[{"taxonomy":"product_brand","embeddable":true,"href":"https:\/\/k-beautyci.com\/fr\/wp-json\/wp\/v2\/product_brand?post=4335"},{"taxonomy":"product_cat","embeddable":true,"href":"https:\/\/k-beautyci.com\/fr\/wp-json\/wp\/v2\/product_cat?post=4335"},{"taxonomy":"product_tag","embeddable":true,"href":"https:\/\/k-beautyci.com\/fr\/wp-json\/wp\/v2\/product_tag?post=4335"}],"curies":[{"name":"wp","href":"https:\/\/api.w.org\/{rel}","templated":true}]}}