{"id":4328,"date":"2024-07-08T18:24:26","date_gmt":"2024-07-08T18:24:26","guid":{"rendered":"https:\/\/k-beautyci.com\/?post_type=product&#038;p=4328"},"modified":"2026-02-25T14:35:14","modified_gmt":"2026-02-25T14:35:14","slug":"tiam-vita-a-anti-wrinkle-moisturizer","status":"publish","type":"product","link":"https:\/\/k-beautyci.com\/fr\/produit\/tiam-vita-a-anti-wrinkle-moisturizer\/","title":{"rendered":"TIAM Vita A Anti-Wrinkle Moisturizer"},"content":{"rendered":"<p>Comment l'utiliser :<\/p>\n<p>Apr\u00e8s l'application du s\u00e9rum, \u00e9taler une quantit\u00e9 g\u00e9n\u00e9reuse de cr\u00e8me sur le visage, le cou et la partie sup\u00e9rieure de la poitrine. Masser d\u00e9licatement la peau pour une meilleure absorption.<\/p>\n<p>&nbsp;<\/p>\n<div class=\"description-item active\">\n<div class=\"body\">\n<p>Avertissement : Pour usage externe uniquement. Toujours effectuer un test \u00e9picutan\u00e9. Cessez d'utiliser le produit si vous ressentez une quelconque g\u00eane. Suivre les instructions suppl\u00e9mentaires figurant sur la bo\u00eete. Les r\u00e9sultats individuels peuvent varier.<\/p>\n<\/div>\n<\/div>\n<div class=\"description-item\">\n<h2 class=\"title\"><\/h2>\n<\/div>","protected":false},"excerpt":{"rendered":"<p>La vitamine A (palmitate de r\u00e9tinyle 5 550 ppm) permet de rajeunir la peau et d'en adoucir la texture, mais le collag\u00e8ne de poisson hydrolys\u00e9 la rend plus ferme et plus tendue, ce qui contribue davantage \u00e0 la lutte contre le vieillissement.<\/p>","protected":false},"featured_media":4333,"comment_status":"open","ping_status":"closed","template":"","meta":{"om_disable_all_campaigns":false},"product_brand":[],"product_cat":[57,26,97],"product_tag":[],"class_list":{"0":"post-4328","1":"product","2":"type-product","3":"status-publish","4":"has-post-thumbnail","6":"product_cat-anti-aging","7":"product_cat-face-moisturizer","8":"product_cat-tiam","10":"first","11":"instock","12":"sale","13":"shipping-taxable","14":"purchasable","15":"product-type-simple"},"aioseo_notices":[],"jetpack_sharing_enabled":true,"_links":{"self":[{"href":"https:\/\/k-beautyci.com\/fr\/wp-json\/wp\/v2\/product\/4328","targetHints":{"allow":["GET"]}}],"collection":[{"href":"https:\/\/k-beautyci.com\/fr\/wp-json\/wp\/v2\/product"}],"about":[{"href":"https:\/\/k-beautyci.com\/fr\/wp-json\/wp\/v2\/types\/product"}],"replies":[{"embeddable":true,"href":"https:\/\/k-beautyci.com\/fr\/wp-json\/wp\/v2\/comments?post=4328"}],"wp:featuredmedia":[{"embeddable":true,"href":"https:\/\/k-beautyci.com\/fr\/wp-json\/wp\/v2\/media\/4333"}],"wp:attachment":[{"href":"https:\/\/k-beautyci.com\/fr\/wp-json\/wp\/v2\/media?parent=4328"}],"wp:term":[{"taxonomy":"product_brand","embeddable":true,"href":"https:\/\/k-beautyci.com\/fr\/wp-json\/wp\/v2\/product_brand?post=4328"},{"taxonomy":"product_cat","embeddable":true,"href":"https:\/\/k-beautyci.com\/fr\/wp-json\/wp\/v2\/product_cat?post=4328"},{"taxonomy":"product_tag","embeddable":true,"href":"https:\/\/k-beautyci.com\/fr\/wp-json\/wp\/v2\/product_tag?post=4328"}],"curies":[{"name":"wp","href":"https:\/\/api.w.org\/{rel}","templated":true}]}}