{"id":4322,"date":"2024-07-08T18:20:43","date_gmt":"2024-07-08T18:20:43","guid":{"rendered":"https:\/\/k-beautyci.com\/?post_type=product&#038;p=4322"},"modified":"2026-02-03T18:40:26","modified_gmt":"2026-02-03T18:40:26","slug":"tiam-vitamin-c24-surprise-serum","status":"publish","type":"product","link":"https:\/\/k-beautyci.com\/fr\/produit\/tiam-vitamin-c24-surprise-serum\/","title":{"rendered":"TIA&#8217;M Vitamin C24 Surprise Serum"},"content":{"rendered":"<p>Comment l'utiliser :<\/p>\n<p>Apr\u00e8s avoir appliqu\u00e9 un tonique, prenez une quantit\u00e9 appropri\u00e9e et appliquez-la d\u00e9licatement sur les zones concern\u00e9es telles que la peau terne, les imperfections et les taches sombres. Si le produit est utilis\u00e9 le matin et pendant la journ\u00e9e, il doit \u00eatre accompagn\u00e9 d'une protection solaire.<\/p>\n<div class=\"description-item active\">\n<div class=\"body\">\n<p>Avertissement : Pour usage externe uniquement. Toujours effectuer un test \u00e9picutan\u00e9. Cessez d'utiliser le produit si vous ressentez une quelconque g\u00eane. Suivre les instructions suppl\u00e9mentaires figurant sur la bo\u00eete. Les r\u00e9sultats individuels peuvent varier.<\/p>\n<\/div>\n<\/div>\n<div class=\"description-item\">\n<h2 class=\"title\"><\/h2>\n<\/div>","protected":false},"excerpt":{"rendered":"<p>Un s\u00e9rum vitamin\u00e9 sans eau qui unifie visiblement le ton de la peau et am\u00e9liore le teint pour une peau \u00e9clatante et lumineuse, tout en restant stable \u00e0 la lumi\u00e8re et \u00e0 la chaleur.<\/p>","protected":false},"featured_media":4325,"comment_status":"open","ping_status":"closed","template":"","meta":{"om_disable_all_campaigns":false},"product_brand":[],"product_cat":[52,31,97,72],"product_tag":[],"class_list":{"0":"post-4322","1":"product","2":"type-product","3":"status-publish","4":"has-post-thumbnail","6":"product_cat-dark-spots","7":"product_cat-face-serums","8":"product_cat-tiam","9":"product_cat-vitamin-c","11":"first","12":"instock","13":"shipping-taxable","14":"purchasable","15":"product-type-simple"},"aioseo_notices":[],"jetpack_sharing_enabled":true,"_links":{"self":[{"href":"https:\/\/k-beautyci.com\/fr\/wp-json\/wp\/v2\/product\/4322","targetHints":{"allow":["GET"]}}],"collection":[{"href":"https:\/\/k-beautyci.com\/fr\/wp-json\/wp\/v2\/product"}],"about":[{"href":"https:\/\/k-beautyci.com\/fr\/wp-json\/wp\/v2\/types\/product"}],"replies":[{"embeddable":true,"href":"https:\/\/k-beautyci.com\/fr\/wp-json\/wp\/v2\/comments?post=4322"}],"wp:featuredmedia":[{"embeddable":true,"href":"https:\/\/k-beautyci.com\/fr\/wp-json\/wp\/v2\/media\/4325"}],"wp:attachment":[{"href":"https:\/\/k-beautyci.com\/fr\/wp-json\/wp\/v2\/media?parent=4322"}],"wp:term":[{"taxonomy":"product_brand","embeddable":true,"href":"https:\/\/k-beautyci.com\/fr\/wp-json\/wp\/v2\/product_brand?post=4322"},{"taxonomy":"product_cat","embeddable":true,"href":"https:\/\/k-beautyci.com\/fr\/wp-json\/wp\/v2\/product_cat?post=4322"},{"taxonomy":"product_tag","embeddable":true,"href":"https:\/\/k-beautyci.com\/fr\/wp-json\/wp\/v2\/product_tag?post=4322"}],"curies":[{"name":"wp","href":"https:\/\/api.w.org\/{rel}","templated":true}]}}