{"id":4313,"date":"2024-06-23T12:22:17","date_gmt":"2024-06-23T12:22:17","guid":{"rendered":"https:\/\/k-beautyci.com\/?post_type=product&#038;p=4313"},"modified":"2025-10-23T19:56:40","modified_gmt":"2025-10-23T19:56:40","slug":"purito-daily-soft-touch-sunscreen-spf50-pa","status":"publish","type":"product","link":"https:\/\/k-beautyci.com\/fr\/produit\/purito-daily-soft-touch-sunscreen-spf50-pa\/","title":{"rendered":"Purito Daily Soft Touch Sunscreen SPF50+ PA++++"},"content":{"rendered":"<p>Comment l'utiliser :<\/p>\n<p>Appliquer uniform\u00e9ment sur la peau comme derni\u00e8re \u00e9tape de votre routine de soins, au moins 15 minutes avant l'exposition au soleil. Renouveler l'application si n\u00e9cessaire.<\/p>\n<div class=\"description-item active\">\n<div class=\"body\">\n<p>Pour usage externe uniquement. Toujours effectuer un test \u00e9picutan\u00e9. Cesser l'utilisation en cas d'inconfort. Suivre les instructions suppl\u00e9mentaires figurant sur l'emballage. Les r\u00e9sultats individuels peuvent varier.<\/p>\n<\/div>\n<\/div>","protected":false},"excerpt":{"rendered":"<p class=\"jt-typo--03\">Fini non gras et rafra\u00eechissant. Au lieu de poudres synth\u00e9tiques, la cr\u00e8me solaire Daily Soft Touch utilise des poudres naturelles pour fixer la peau et obtenir une application ros\u00e9e et un fini frais. Dot\u00e9e d'une poudre hydrofuge naturelle, elle repousse efficacement l'eau et la sueur, offrant ainsi une protection multi-bouclier. Il offre une protection UV robuste pour une d\u00e9fense durable.<\/p>","protected":false},"featured_media":4321,"comment_status":"open","ping_status":"closed","template":"","meta":{"om_disable_all_campaigns":false},"product_brand":[],"product_cat":[25,200,77],"product_tag":[],"class_list":{"0":"post-4313","1":"product","2":"type-product","3":"status-publish","4":"has-post-thumbnail","6":"product_cat-asian-brands","7":"product_cat-purito","8":"product_cat-spf-50","10":"first","11":"outofstock","12":"shipping-taxable","13":"purchasable","14":"product-type-simple"},"aioseo_notices":[],"jetpack_sharing_enabled":true,"_links":{"self":[{"href":"https:\/\/k-beautyci.com\/fr\/wp-json\/wp\/v2\/product\/4313","targetHints":{"allow":["GET"]}}],"collection":[{"href":"https:\/\/k-beautyci.com\/fr\/wp-json\/wp\/v2\/product"}],"about":[{"href":"https:\/\/k-beautyci.com\/fr\/wp-json\/wp\/v2\/types\/product"}],"replies":[{"embeddable":true,"href":"https:\/\/k-beautyci.com\/fr\/wp-json\/wp\/v2\/comments?post=4313"}],"wp:featuredmedia":[{"embeddable":true,"href":"https:\/\/k-beautyci.com\/fr\/wp-json\/wp\/v2\/media\/4321"}],"wp:attachment":[{"href":"https:\/\/k-beautyci.com\/fr\/wp-json\/wp\/v2\/media?parent=4313"}],"wp:term":[{"taxonomy":"product_brand","embeddable":true,"href":"https:\/\/k-beautyci.com\/fr\/wp-json\/wp\/v2\/product_brand?post=4313"},{"taxonomy":"product_cat","embeddable":true,"href":"https:\/\/k-beautyci.com\/fr\/wp-json\/wp\/v2\/product_cat?post=4313"},{"taxonomy":"product_tag","embeddable":true,"href":"https:\/\/k-beautyci.com\/fr\/wp-json\/wp\/v2\/product_tag?post=4313"}],"curies":[{"name":"wp","href":"https:\/\/api.w.org\/{rel}","templated":true}]}}